{"id":3417,"date":"2025-02-17T01:11:40","date_gmt":"2025-02-16T22:11:40","guid":{"rendered":"https:\/\/exzone.com.tr\/?post_type=product&#038;p=3417"},"modified":"2025-02-17T01:15:21","modified_gmt":"2025-02-16T22:15:21","slug":"ex-led-projektorler","status":"publish","type":"product","link":"https:\/\/exzone.com.tr\/index.php\/urun\/ex-led-projektorler\/","title":{"rendered":"Ex Led Projekt\u00f6rler"},"content":{"rendered":"<p><strong>Ex-proof LED Projekt\u00f6rler<\/strong><\/p>\n<p>Ex-proof LED projekt\u00f6rler, patlay\u0131c\u0131 ortamlarda kullan\u0131lmak \u00fczere tasarlanm\u0131\u015f \u00f6zel ayd\u0131nlatma \u00fcr\u00fcnleridir. Patlay\u0131c\u0131 ortamlar, gaz, buhar veya toz gibi yan\u0131c\u0131 maddelerin bulundu\u011fu, potansiyel olarak tehlikeli alanlard\u0131r. Ex-proof LED projekt\u00f6rler, bu ortamlarda g\u00fcvenli bir \u015fekilde kullan\u0131labilirler ve patlama riskini en aza indirmek i\u00e7in \u00f6zel olarak tasarlanm\u0131\u015flard\u0131r.<\/p>\n<p>Ex-proof LED projekt\u00f6rlerin bir\u00e7ok avantaj\u0131 vard\u0131r. LED teknolojisi, geleneksel ayd\u0131nlatma sistemlerine g\u00f6re \u00e7ok daha d\u00fc\u015f\u00fck enerji t\u00fcketir ve daha uzun \u00f6m\u00fcrl\u00fcd\u00fcr. Ayr\u0131ca, LED&#8217;ler \u00e7evre dostudur ve zararl\u0131 kimyasallar i\u00e7ermezler. Ex-proof LED projekt\u00f6rler, y\u00fcksek verimlilikleri sayesinde daha az enerji t\u00fcketirler ve bu da daha d\u00fc\u015f\u00fck i\u015fletme maliyetleri anlam\u0131na gelir.<\/p>\n<p><strong>Kullan\u0131m Yerleri<\/strong><\/p>\n<p>Patlay\u0131c\u0131 ortamlarda kullan\u0131lan projekt\u00f6r tipi ayd\u0131nlatma armat\u00fcrlerine Exproof Projekt\u00f6r ad\u0131 verilir.<\/p>\n<p>Bu projekt\u00f6rler patlay\u0131c\u0131 gaz, buhar ve toz bulunan ortamlarda ve patlay\u0131c\u0131 atmosferin bulundu\u011fu petrol, kimya, petro-kimya tesislerinde, depolarda, tankl\u0131 odalarda, kazan dairelerinde, benzeri end\u00fcstri tesislerinde, i\u00e7 ve d\u0131\u015f sahalarda, \u00f6zel istek \u00fczerine dahili ve harici ortamlarda kullan\u0131l\u0131r.<br \/>\nPatlay\u0131c\u0131 ortam\u0131 tehlikeye d\u00fc\u015f\u00fcrmezler.<br \/>\n\u00d6rne\u011fin gaz\u0131n veya buhar\u0131n (benzin, mazot, tiner, solvent buhar\u0131 gibi) ate\u015f alarak infilak etmesine neden olmazlar.<br \/>\nTehlikeli b\u00f6lgelerde bulunan tesislerin g\u00fcvenle \u00e7al\u0131\u015fmas\u0131n\u0131 sa\u011flarlar.<\/p>\n<p>Unutmay\u0131n\u0131z, tesislerinizde her zaman patlay\u0131c\u0131 gaz, buhar veya toz bulunmaz.<br \/>\nBulundu\u011fu anlarda Exproof Projekt\u00f6rler CAN ve MAL kurtar\u0131r.<\/p>\n<p>Prota\u015f Ex-proof LED projekt\u00f6rler\u00a0Al\u00fcminyum ETIAL 140 ve Borosilikat caml\u0131d\u0131r.<\/p>\n<p>Ex-proof projekt\u00f6rler \u00fczerinde tercihe g\u00f6re 2 adet NPT 3\/4&#8243; veya Metric M25\u00d71.5 giri\u015f deli\u011fi mevcuttur.<\/p>\n","protected":false},"excerpt":{"rendered":"<div id=\"c17121\" class=\"csc-default\" data-ctype=\"shortcut\">\n<div id=\"c15737\" class=\"csc-default\" data-ctype=\"textmedia\">\n<div class=\"ce-textpic ce-right ce-intext\">\n<div class=\"ce-bodytext\">\n<p><img loading=\"lazy\" decoding=\"async\" class=\"alignnone wp-image-3404\" src=\"https:\/\/exzone.com.tr\/wp-content\/uploads\/2025\/02\/3093-exex.png\" alt=\"\" width=\"79\" height=\"79\" srcset=\"https:\/\/exzone.com.tr\/wp-content\/uploads\/2025\/02\/3093-exex.png 293w, https:\/\/exzone.com.tr\/wp-content\/uploads\/2025\/02\/3093-exex-150x150.png 150w, https:\/\/exzone.com.tr\/wp-content\/uploads\/2025\/02\/3093-exex-100x100.png 100w\" sizes=\"auto, (max-width: 79px) 100vw, 79px\" \/><\/p>\n<div class=\"wt-product-text\">\n<div class=\"wt-product-text\">\n<p>Prota\u015f PRJE serisi LED projekt\u00f6rler Ex d s\u0131n\u0131f\u0131 alevs\u0131zd\u0131rmaz (Ex-proof) koruma tipine sahip olup II 2G Ex d IIB T3 Gb s\u0131n\u0131fland\u0131rmaya sahiptir.<\/p>\n<\/div>\n<div class=\"product_meta\"><span class=\"sku_wrapper\">Marka:\u00a0<span class=\"sku\">Prota\u015f<\/span><\/span><\/div>\n<\/div>\n<\/div>\n<\/div>\n<\/div>\n<\/div>\n","protected":false},"featured_media":3419,"comment_status":"open","ping_status":"closed","template":"","meta":[],"product_brand":[],"product_cat":[255,276],"product_tag":[],"class_list":{"0":"post-3417","1":"product","2":"type-product","3":"status-publish","4":"has-post-thumbnail","6":"product_cat-exproof-aydinlatma","7":"product_cat-exproof-projektor","9":"first","10":"instock","11":"shipping-taxable","12":"product-type-simple"},"acf":[],"_links":{"self":[{"href":"https:\/\/exzone.com.tr\/index.php\/wp-json\/wp\/v2\/product\/3417","targetHints":{"allow":["GET"]}}],"collection":[{"href":"https:\/\/exzone.com.tr\/index.php\/wp-json\/wp\/v2\/product"}],"about":[{"href":"https:\/\/exzone.com.tr\/index.php\/wp-json\/wp\/v2\/types\/product"}],"replies":[{"embeddable":true,"href":"https:\/\/exzone.com.tr\/index.php\/wp-json\/wp\/v2\/comments?post=3417"}],"wp:featuredmedia":[{"embeddable":true,"href":"https:\/\/exzone.com.tr\/index.php\/wp-json\/wp\/v2\/media\/3419"}],"wp:attachment":[{"href":"https:\/\/exzone.com.tr\/index.php\/wp-json\/wp\/v2\/media?parent=3417"}],"wp:term":[{"taxonomy":"product_brand","embeddable":true,"href":"https:\/\/exzone.com.tr\/index.php\/wp-json\/wp\/v2\/product_brand?post=3417"},{"taxonomy":"product_cat","embeddable":true,"href":"https:\/\/exzone.com.tr\/index.php\/wp-json\/wp\/v2\/product_cat?post=3417"},{"taxonomy":"product_tag","embeddable":true,"href":"https:\/\/exzone.com.tr\/index.php\/wp-json\/wp\/v2\/product_tag?post=3417"}],"curies":[{"name":"wp","href":"https:\/\/api.w.org\/{rel}","templated":true}]}}