{"id":3085,"date":"2024-04-30T00:08:02","date_gmt":"2024-04-29T21:08:02","guid":{"rendered":"https:\/\/exzone.com.tr\/?post_type=product&#038;p=3085"},"modified":"2024-04-30T00:08:02","modified_gmt":"2024-04-29T21:08:02","slug":"wolf-lx-400-aksesuarlari","status":"publish","type":"product","link":"https:\/\/exzone.com.tr\/index.php\/urun\/wolf-lx-400-aksesuarlari\/","title":{"rendered":"Wolf LX-400 AKSESUARLARI"},"content":{"rendered":"<h4>Teknik Bilgiler<\/h4>\n<p>\u00dcR\u00dcN B\u0130LG\u0130S\u0130<br \/>\nWolf&#8217;un LinkEx \u2122 LED Ge\u00e7ici Armat\u00fcr plastik braketleri, bir armat\u00fcr\u00fcn etraf\u0131na g\u00fcvenli bir \u015fekilde kilitlemek i\u00e7in ge\u00e7meli kapatma mekanizmas\u0131 ve vidal\u0131, ge\u00e7ici uygulamalar i\u00e7in esnek ve sa\u011flam montaj ve konumland\u0131rma se\u00e7enekleri sunan t\u00fcm Wolf&#8217;un sabitleme kitlerinin \u00f6nemli bir bile\u015fenini olu\u015fturur. Bir armat\u00fcr\u00fc hemen hemen her yere ve herhangi bir y\u00f6ne g\u00fcvenli bir \u015fekilde monte edin veya as\u0131n &#8211; armat\u00fcr\u00fc tam olarak ihtiya\u00e7 duyulan yere yerle\u015ftirin.<\/p>\n<p>SAB\u0130TLEME K\u0130TLER\u0130<br \/>\nLX-690 Braket Kiti &#8211; Braketler ve vidalarla do\u011frudan d\u00fcz duvarlara sabitlenir.<br \/>\nLX-680 M\u0131knat\u0131s Braketi Kiti &#8211; M\u0131knat\u0131s pedleri ile d\u00fcz demirli metal y\u00fczeylere tutunur.<br \/>\nLX-678 \u0130skele Braketi Seti &#8211; 47 ila 51 mm \u00e7ap\u0131nda standart direklere uyan kau\u00e7uk astarl\u0131 paslanmaz \u00e7elik boru kelep\u00e7eli.<br \/>\nLX-679 Unistrut Braket Kiti &#8211; Unistrut somunlar\u0131 standart kanal sistemlerine tak\u0131l\u0131r.<br \/>\nLX-671 G\u00f6z C\u0131vatas\u0131 \/ LX-672 \u00c7ift G\u00f6z Braketi Seti &#8211; G\u00f6z c\u0131vatalar\u0131 ile mevcut altyap\u0131dan karabinalar ve S kancalar\u0131 ile ask\u0131ya al\u0131n.<br \/>\nLX-670 Tripod Braketi Seti &#8211; Sabitleme \u00e7ubu\u011fu ile tripod stand\u0131na yatay veya dikey olarak tak\u0131n.<br \/>\nLX-654 Ask\u0131l\u0131 Ask\u0131lar &#8211; Ask\u0131l\u0131 ask\u0131lar mevcut altyap\u0131dan as\u0131l\u0131r.<br \/>\nNot: Her kit, bir LinkEx \u2122 LED Ge\u00e7ici Armat\u00fcr\u00fc veya \u0130kili olarak belirtilen iki \u0131\u015f\u0131\u011f\u0131 monte etmek i\u00e7in braketleri i\u00e7erir.<\/p>\n<p>TR\u0130POD<br \/>\nBa\u011f\u0131ms\u0131z armat\u00fcr konumland\u0131rmas\u0131 i\u00e7in Wolf&#8217;un tripodlar\u0131, armat\u00fcr\u00fcn Tripod Braket Kitine tak\u0131lmas\u0131na ve dikey veya yatay \u00f6ne bakan \u0131\u015f\u0131k sa\u011flamak i\u00e7in \u00e7e\u015fitli y\u00fckseklik ve konumlarda kullan\u0131lmas\u0131na izin veren sabit bir platform sa\u011flar, yatay konumda \u0131\u015f\u0131k yukar\u0131 do\u011fru y\u00f6nlendirilebilir, \u00e7al\u0131\u015fma alan\u0131n\u0131 alttan ayd\u0131nlat\u0131r. Mevcut Tripod Sehpalar\u0131 hafiftir, kolayca ta\u015f\u0131nabilir, \u00e7elikten yap\u0131lm\u0131\u015ft\u0131r ve bir lambay\u0131 3,2 metreye kadar uzatacakt\u0131r ve \u0131\u015f\u0131\u011f\u0131 en \u00fcst d\u00fczeye \u00e7\u0131karmak i\u00e7in hem &#8216;180 \u00b0&#8217; (tek y\u00f6nl\u00fc ayd\u0131nlatma) hem de &#8216;360 \u00b0&#8217; (\u00e7ok y\u00f6nl\u00fc &#8216;\u00e7ok y\u00f6nl\u00fc&#8217; ayd\u0131nlatma) armat\u00fcrler\u00a0i\u015f\u00e7iler i\u00e7in alan kapsam\u0131\u00a0\u00a0idealdir.<\/p>\n<p>F\u0130LMLER \/ KORUYUCU KAPAKLAR \/ KABLO Y\u00d6NET\u0130M\u0130<br \/>\nArmat\u00fcrlerin konumland\u0131r\u0131lmas\u0131 ve montaj\u0131 sadece i\u015f\u00e7i verimlili\u011finin anahtar\u0131 de\u011fil, ayn\u0131 zamanda tekrar kullan\u0131m i\u00e7in optimum durumda uzun \u00f6m\u00fcrl\u00fc olmas\u0131n\u0131 sa\u011flamak i\u00e7in d\u0131\u015f borunun hasardan korunmas\u0131d\u0131r. Wolf armat\u00fcrleri patlatma, p\u00fcsk\u00fcrtme, kaplama ve boyama uygulamalar\u0131nda d\u00fczenli olarak kullan\u0131l\u0131r ve \u00fcr\u00fcn\u00fcn engelsiz maksimum \u0131\u015f\u0131k \u00e7\u0131k\u0131\u015f\u0131 sa\u011flad\u0131\u011f\u0131ndan emin olmak i\u00e7in kullan\u0131mlar aras\u0131nda kolayca de\u011fi\u015ftirilebilen koruyucu bir Film veya Koruyucu Kapak Kiti kullan\u0131larak kal\u0131nt\u0131 birikiminden korunur. Her film, uygulama kolayl\u0131\u011f\u0131 i\u00e7in kolay soyulabilir k\u00f6p\u00fck s\u0131rt yap\u0131\u015ft\u0131r\u0131c\u0131s\u0131 ile birlikte verilir.<\/p>\n<p>LX-545\/3 Anti-Statik Koruyucu Film (Tehlikeli Alan Sertifikal\u0131) &#8211; Tehlikeli Alan sertifikal\u0131, anti-statik LX-545\/3 Koruyucu Film armat\u00fcre tak\u0131labilir \u00dcr\u00fcn\u00fcn \u00f6mr\u00fcn\u00fc uzatmak i\u00e7in kir, boya ve di\u011fer kirleticilerden koruyarak m\u00fckemmel \u0131\u015f\u0131k \u00e7\u0131k\u0131\u015f\u0131 sa\u011flar.<\/p>\n<p>LX-621 Anti-Statik Koruma Kapa\u011f\u0131 Kiti (Tehlikeli Alan Sertifikal\u0131) &#8211; Tehlikeli Alan sertifikal\u0131, anti-statik LX-621 Koruma Paketi \u0131\u015f\u0131\u011f\u0131 kir, boya ve di\u011fer kirleticilerden korur. T\u00fcm \u00fcr\u00fcn\u00fc kaplayan koruyucu kapak, sa\u011flanan kablo ba\u011flar\u0131 ile g\u00fc\u00e7 kablosunun etraf\u0131n\u0131 kapatarak \u0131\u015f\u0131\u011f\u0131n olas\u0131 hasar\u0131n\u0131 en aza indirir ve kullan\u0131m \u00f6mr\u00fcn\u00fcn uzamas\u0131na yard\u0131mc\u0131 olur.<\/p>\n<p>Armat\u00fcr \u00e7ok parlak kabul edilirse, bir i\u015f\u00e7i taraf\u0131ndan ba\u015f y\u00fcksekli\u011finde kapal\u0131 bir alanda kullan\u0131ld\u0131\u011f\u0131nda, parlamay\u0131 en aza indirmek i\u00e7in bir LX-374 Dahili Dif\u00fcz\u00f6r Filmi tak\u0131labilir. Son olarak, \u00e7al\u0131\u015fma alan\u0131n\u0131 olas\u0131 yol a\u00e7ma tehlikelerinden uzak tutmak i\u00e7in kablo, demirli bir metal y\u00fczey boyunca yerden kald\u0131rmak i\u00e7in D\u00fczenli bir LX-692 M\u0131knat\u0131s Kablosu kullan\u0131larak y\u00f6netilebilir.<\/p>\n","protected":false},"excerpt":{"rendered":"<p>Wolf&#8217;un LinkEx \u2122 LED Ge\u00e7ici Armat\u00fcr (LX-400 &amp; LX-400E) i\u00e7in sabitleme kitleri, filmler ve kablo y\u00f6netimini kapsayan geni\u015f konumland\u0131rma, montaj ve koruma aksesuarlar\u0131 yelpazesi, \u00e7al\u0131\u015fanlara tehlikeli alan \u00e7al\u0131\u015fma ortamlar\u0131nda ge\u00e7ici ayd\u0131nlatma i\u00e7in daha g\u00fcvenli ge\u00e7ici kurulum \u00e7\u00f6z\u00fcmleri sunar.<\/p>\n","protected":false},"featured_media":3086,"comment_status":"open","ping_status":"closed","template":"","meta":[],"product_brand":[],"product_cat":[256,255,279],"product_tag":[],"class_list":{"0":"post-3085","1":"product","2":"type-product","3":"status-publish","4":"has-post-thumbnail","6":"product_cat-exproof-aksesuarlar","7":"product_cat-exproof-aydinlatma","8":"product_cat-exproof-portatif-aydinlatma","10":"first","11":"instock","12":"shipping-taxable","13":"product-type-simple"},"acf":[],"_links":{"self":[{"href":"https:\/\/exzone.com.tr\/index.php\/wp-json\/wp\/v2\/product\/3085","targetHints":{"allow":["GET"]}}],"collection":[{"href":"https:\/\/exzone.com.tr\/index.php\/wp-json\/wp\/v2\/product"}],"about":[{"href":"https:\/\/exzone.com.tr\/index.php\/wp-json\/wp\/v2\/types\/product"}],"replies":[{"embeddable":true,"href":"https:\/\/exzone.com.tr\/index.php\/wp-json\/wp\/v2\/comments?post=3085"}],"wp:featuredmedia":[{"embeddable":true,"href":"https:\/\/exzone.com.tr\/index.php\/wp-json\/wp\/v2\/media\/3086"}],"wp:attachment":[{"href":"https:\/\/exzone.com.tr\/index.php\/wp-json\/wp\/v2\/media?parent=3085"}],"wp:term":[{"taxonomy":"product_brand","embeddable":true,"href":"https:\/\/exzone.com.tr\/index.php\/wp-json\/wp\/v2\/product_brand?post=3085"},{"taxonomy":"product_cat","embeddable":true,"href":"https:\/\/exzone.com.tr\/index.php\/wp-json\/wp\/v2\/product_cat?post=3085"},{"taxonomy":"product_tag","embeddable":true,"href":"https:\/\/exzone.com.tr\/index.php\/wp-json\/wp\/v2\/product_tag?post=3085"}],"curies":[{"name":"wp","href":"https:\/\/api.w.org\/{rel}","templated":true}]}}