{"id":3073,"date":"2024-04-29T23:54:42","date_gmt":"2024-04-29T20:54:42","guid":{"rendered":"https:\/\/exzone.com.tr\/?post_type=product&#038;p=3073"},"modified":"2025-03-03T03:41:21","modified_gmt":"2025-03-03T00:41:21","slug":"wolf-a-tl45a-a-tl45b-atex-turbolite-projektor","status":"publish","type":"product","link":"https:\/\/exzone.com.tr\/index.php\/urun\/wolf-a-tl45a-a-tl45b-atex-turbolite-projektor\/","title":{"rendered":"Wolf A-TL45A\/A-TL45B Atex Turbolite Projekt\u00f6r"},"content":{"rendered":"<p>ATEX Turbolite y\u00fcksek g\u00fc\u00e7l\u00fc bas\u0131n\u00e7l\u0131 hava tahrikli bir lambad\u0131r.<br \/>\n&#8211; Y\u00fcksek veya d\u00fc\u015f\u00fck elektriksel g\u00fc\u00e7 tesisat\u0131na ihtiya\u00e7 duymaz.<br \/>\n&#8211; Y\u00fcksek bas\u0131n\u00e7l\u0131 hava ile \u00e7al\u0131\u015ft\u0131\u011f\u0131ndan elektriksel patlamalar\u0131n ya\u015fanabilece\u011fi ortamlarda, patlama riskini en aza indirir.<br \/>\n&#8211; \u00c7ok ama\u00e7l\u0131 ayd\u0131nlatma sa\u011flamak i\u00e7in bir bilye cam\u0131 ve koruyucu polikarbonat kubbeden olu\u015fan bir b\u00f6lme \u0131\u015f\u0131k aparat\u0131na sahiptir.<br \/>\n&#8211; \u00c7al\u0131\u015fma alan\u0131nda lamban\u0131n ask\u0131ya al\u0131nmas\u0131n\u0131 veya katlan\u0131r bir tripoda basit bir \u015fekilde ba\u011flanmas\u0131n\u0131 sa\u011flayan bir kanca i\u00e7erir.<br \/>\n&#8211; MED-SOLAS direktiflerine uygun olarak sertifikaland\u0131r\u0131lm\u0131\u015ft\u0131r.<br \/>\n&#8211; Lambay\u0131 \u00e7al\u0131\u015ft\u0131rmak i\u00e7in temiz, kuru bas\u0131n\u00e7l\u0131 hava ve antistatik hava hortumu kullan\u0131l\u0131r.<br \/>\n&#8211; ATEX direktifine g\u00f6re zone 1 ve 2 \u2018de kullan\u0131ma uygundur ve CE i\u015fareti ta\u015f\u0131maktad\u0131r.<\/p>\n<p>TEKN\u0130K \u00d6ZELL\u0130KLER<br \/>\n&#8211; A-TL45A \/ B &#8211; Parlak Reflekt\u00f6r<br \/>\nNokta I\u015f\u0131n (yakla\u015f\u0131k 10 \u00b0) &#8211; 5m 2000lux&#8217;ta pik \u0131\u015f\u0131k \u015fiddeti<br \/>\n&#8211; A-TL45A \/ B &#8211; Mat Reflekt\u00f6r<br \/>\nTa\u015fk\u0131n I\u015f\u0131n (yakla\u015f\u0131k 25 \u00b0) &#8211; 5m 950lux&#8217;ta pik \u0131\u015f\u0131k \u015fiddeti<br \/>\n&#8211; 250 watt Halojen \u0131\u015f\u0131k \u00e7\u0131k\u0131\u015f\u0131 sa\u011flar.<br \/>\n&#8211; Turbolite A-TL45 &#8211; do\u011frudan ayd\u0131nlatma i\u00e7in reflekt\u00f6r kafas\u0131na sahiptir. Parlak veya mat reflekt\u00f6rler konsantre dar \u0131\u015f\u0131n veya da\u011f\u0131n\u0131k geni\u015f a\u00e7\u0131l\u0131 ayd\u0131nlatma se\u00e7ene\u011fi sunar.<\/p>\n<p>&#8211; A-TL44A Turbolite g\u00f6vdesi al\u00fcminyum ve k\u0131v\u0131lc\u0131m \u00e7\u0131karmayan bir malzemedir ve emniyet kancas\u0131 da pirin\u00e7tir.<\/p>\n<p>&#8211; A-TL44B Turbolite g\u00f6vdesi pirin\u00e7 ve k\u0131v\u0131lc\u0131m \u00e7\u0131karmayan bir malzemedir ve emniyet kancas\u0131 da pirin\u00e7tir.<\/p>\n<p>&#8211; T\u00fcm d\u0131\u015f par\u00e7alar nikel kaplamad\u0131r.<br \/>\n&#8211; 24 volt 250 watt tungsten halojen ampul, 2000 saat boyunca 6.000 l\u00fcmen veya 200 saat boyunca 9.000 l\u00fcmen se\u00e7ene\u011fi sunan iki tipte mevcuttur.<\/p>\n<p>AKSESUARLAR:<br \/>\n&#8211; Katlan\u0131r Tripod Stand\u0131 A-300<br \/>\n&#8211; Anti-Statik Bas\u0131n\u00e7l\u0131 Hava Hortumu (A-179 ve A-180)<br \/>\n&#8211; Hava Hatt\u0131 Filtreleri<br \/>\n&#8211; Aletler ve yedekler<\/p>\n","protected":false},"excerpt":{"rendered":"<p>ATEX Turbolite y\u00fcksek g\u00fc\u00e7l\u00fc bas\u0131n\u00e7l\u0131 hava tahrikli bir lambad\u0131r. &#8211; Y\u00fcksek veya d\u00fc\u015f\u00fck elektriksel g\u00fc\u00e7 tesisat\u0131na ihtiya\u00e7 duymaz. &#8211; Y\u00fcksek bas\u0131n\u00e7l\u0131 hava ile \u00e7al\u0131\u015ft\u0131\u011f\u0131ndan elektriksel patlamalar\u0131n ya\u015fanabilece\u011fi ortamlarda, patlama riskini en aza indirir. &#8211; \u00c7ok ama\u00e7l\u0131 ayd\u0131nlatma sa\u011flamak i\u00e7in bir bilye cam\u0131 ve koruyucu polikarbonat kubbeden olu\u015fan bir b\u00f6lme \u0131\u015f\u0131k aparat\u0131na sahiptir. &#8211; \u00c7al\u0131\u015fma alan\u0131nda [&hellip;]<\/p>\n","protected":false},"featured_media":3074,"comment_status":"open","ping_status":"closed","template":"","meta":[],"product_brand":[],"product_cat":[255,279,276],"product_tag":[],"class_list":{"0":"post-3073","1":"product","2":"type-product","3":"status-publish","4":"has-post-thumbnail","6":"product_cat-exproof-aydinlatma","7":"product_cat-exproof-portatif-aydinlatma","8":"product_cat-exproof-projektor","10":"first","11":"instock","12":"shipping-taxable","13":"product-type-simple"},"acf":[],"_links":{"self":[{"href":"https:\/\/exzone.com.tr\/index.php\/wp-json\/wp\/v2\/product\/3073","targetHints":{"allow":["GET"]}}],"collection":[{"href":"https:\/\/exzone.com.tr\/index.php\/wp-json\/wp\/v2\/product"}],"about":[{"href":"https:\/\/exzone.com.tr\/index.php\/wp-json\/wp\/v2\/types\/product"}],"replies":[{"embeddable":true,"href":"https:\/\/exzone.com.tr\/index.php\/wp-json\/wp\/v2\/comments?post=3073"}],"wp:featuredmedia":[{"embeddable":true,"href":"https:\/\/exzone.com.tr\/index.php\/wp-json\/wp\/v2\/media\/3074"}],"wp:attachment":[{"href":"https:\/\/exzone.com.tr\/index.php\/wp-json\/wp\/v2\/media?parent=3073"}],"wp:term":[{"taxonomy":"product_brand","embeddable":true,"href":"https:\/\/exzone.com.tr\/index.php\/wp-json\/wp\/v2\/product_brand?post=3073"},{"taxonomy":"product_cat","embeddable":true,"href":"https:\/\/exzone.com.tr\/index.php\/wp-json\/wp\/v2\/product_cat?post=3073"},{"taxonomy":"product_tag","embeddable":true,"href":"https:\/\/exzone.com.tr\/index.php\/wp-json\/wp\/v2\/product_tag?post=3073"}],"curies":[{"name":"wp","href":"https:\/\/api.w.org\/{rel}","templated":true}]}}