{"id":3060,"date":"2024-04-29T23:35:51","date_gmt":"2024-04-29T20:35:51","guid":{"rendered":"https:\/\/exzone.com.tr\/?post_type=product&#038;p=3060"},"modified":"2024-04-29T23:55:29","modified_gmt":"2024-04-29T20:55:29","slug":"wolf-wf-300xl-ex-proof-led-floodlite-projektor","status":"publish","type":"product","link":"https:\/\/exzone.com.tr\/index.php\/urun\/wolf-wf-300xl-ex-proof-led-floodlite-projektor\/","title":{"rendered":"Wolf WF-300XL Ex-proof LED Floodlite Projekt\u00f6r"},"content":{"rendered":"<h4>Teknik Bilgiler<\/h4>\n<p>18-50V AC\/DC (LV)\u00a0 \u00a0\u00a090-264V AC\/DC (HV)<\/p>\n<p>II 2 G D Ex eb mb op is IIC T4 Gb Ex tb op is IIIC T118\u00b0C Db T = -40\u00b0C to +55\u00b0C<\/p>\n<p>EN 60529:1992 standard\u0131na g\u00f6re IP66\u00a0su ve toz korumas\u0131 mevcuttur.<\/p>\n<p>Gaz gruplar\u0131:\u00a0Zones\u00a01 ve\u00a02, Gaz gruplar\u0131: IIA,IIB,IIC<\/p>\n<p>Gaz s\u0131cakl\u0131k s\u0131n\u0131f\u0131: T4<\/p>\n<p>Toz gruplar\u0131: Zone 21 ve 22, Toz gruplar\u0131: IIIA, IIIB, IIIC<\/p>\n<p>Maksimum toz s\u0131cakl\u0131k s\u0131n\u0131f\u0131: 118\u00b0C<\/p>\n<p>48 adet y\u00fcksek g\u00fc\u00e7te beyaz LED tipte kaynak ile sa\u011flad\u0131\u011f\u0131 geni\u015f a\u00e7\u0131l\u0131, parlak ve g\u00fc\u00e7l\u00fc \u0131\u015f\u0131k 58 wattl\u0131k g\u00fc\u00e7le ayd\u0131nlatma sa\u011flar.<\/p>\n<p>Polikarbonat lensli, g\u00f6vdesi al\u00fcminyum ala\u015f\u0131ml\u0131 epoksi toz kaplama muhafazal\u0131d\u0131r.<\/p>\n<p>A\u011f\u0131rl\u0131\u011f\u0131 yakla\u015f\u0131k 9 kilogramd\u0131r.<\/p>\n","protected":false},"excerpt":{"rendered":"<p><img loading=\"lazy\" decoding=\"async\" class=\"alignnone size-full wp-image-2955\" src=\"https:\/\/exzone.com.tr\/wp-content\/uploads\/2024\/04\/58bf376ac86977f.gif\" alt=\"\" width=\"100\" height=\"100\" \/> <img loading=\"lazy\" decoding=\"async\" class=\"alignnone size-full wp-image-2956\" src=\"https:\/\/exzone.com.tr\/wp-content\/uploads\/2024\/04\/41cac18d1c1c881.jpg\" alt=\"\" width=\"100\" height=\"100\" \/><\/p>\n<p>18-50V AC\/DC (LV)\u00a0 \u00a0\u00a090-264V AC\/DC (HV)<\/p>\n<p>II 2 G D Ex eb mb op is IIC T4 Gb Ex tb op is IIIC T118\u00b0C Db T = -40\u00b0C to +55\u00b0C<\/p>\n<p>EN 60529:1992 standard\u0131na g\u00f6re IP66\u00a0su ve toz korumas\u0131 mevcuttur.<\/p>\n<p>Gaz gruplar\u0131:\u00a0Zones\u00a01 ve\u00a02, Gaz gruplar\u0131: IIA,IIB,IIC<\/p>\n<p>Gaz s\u0131cakl\u0131k s\u0131n\u0131f\u0131: T4<\/p>\n<p>Toz gruplar\u0131: Zone 21 ve 22, Toz gruplar\u0131: IIIA, IIIB, IIIC<\/p>\n<p>Maksimum toz s\u0131cakl\u0131k s\u0131n\u0131f\u0131: 118\u00b0C<\/p>\n","protected":false},"featured_media":3061,"comment_status":"open","ping_status":"closed","template":"","meta":[],"product_brand":[],"product_cat":[255,279,276],"product_tag":[],"class_list":{"0":"post-3060","1":"product","2":"type-product","3":"status-publish","4":"has-post-thumbnail","6":"product_cat-exproof-aydinlatma","7":"product_cat-exproof-portatif-aydinlatma","8":"product_cat-exproof-projektor","10":"first","11":"instock","12":"shipping-taxable","13":"product-type-simple"},"acf":[],"_links":{"self":[{"href":"https:\/\/exzone.com.tr\/index.php\/wp-json\/wp\/v2\/product\/3060","targetHints":{"allow":["GET"]}}],"collection":[{"href":"https:\/\/exzone.com.tr\/index.php\/wp-json\/wp\/v2\/product"}],"about":[{"href":"https:\/\/exzone.com.tr\/index.php\/wp-json\/wp\/v2\/types\/product"}],"replies":[{"embeddable":true,"href":"https:\/\/exzone.com.tr\/index.php\/wp-json\/wp\/v2\/comments?post=3060"}],"wp:featuredmedia":[{"embeddable":true,"href":"https:\/\/exzone.com.tr\/index.php\/wp-json\/wp\/v2\/media\/3061"}],"wp:attachment":[{"href":"https:\/\/exzone.com.tr\/index.php\/wp-json\/wp\/v2\/media?parent=3060"}],"wp:term":[{"taxonomy":"product_brand","embeddable":true,"href":"https:\/\/exzone.com.tr\/index.php\/wp-json\/wp\/v2\/product_brand?post=3060"},{"taxonomy":"product_cat","embeddable":true,"href":"https:\/\/exzone.com.tr\/index.php\/wp-json\/wp\/v2\/product_cat?post=3060"},{"taxonomy":"product_tag","embeddable":true,"href":"https:\/\/exzone.com.tr\/index.php\/wp-json\/wp\/v2\/product_tag?post=3060"}],"curies":[{"name":"wp","href":"https:\/\/api.w.org\/{rel}","templated":true}]}}