{"id":3058,"date":"2024-04-29T23:32:03","date_gmt":"2024-04-29T20:32:03","guid":{"rendered":"https:\/\/exzone.com.tr\/?post_type=product&#038;p=3058"},"modified":"2024-04-29T23:55:37","modified_gmt":"2024-04-29T20:55:37","slug":"wolf-wl-80-wl-85-ex-proof-sarj-edilebilir-bataryali-projektor","status":"publish","type":"product","link":"https:\/\/exzone.com.tr\/index.php\/urun\/wolf-wl-80-wl-85-ex-proof-sarj-edilebilir-bataryali-projektor\/","title":{"rendered":"Wolf WL-80\/WL-85 Ex-proof \u015earj Edilebilir Bataryal\u0131 Projekt\u00f6r"},"content":{"rendered":"<h4>Teknik Bilgiler<\/h4>\n<p><u><strong>WL-80<\/strong><\/u><\/p>\n<p>II 2 GD Ex e ib mb op is IIC T4 Gb Ex tb op is IIIC T135\u00b0C Db<\/p>\n<p>EN 60529:1992 standard\u0131na g\u00f6re IP66\/67\u00a0su ve toz korumas\u0131 mevcuttur.<\/p>\n<p>Gaz gruplar\u0131:\u00a0Zones \u00a01 ve\u00a02, Gaz gruplar\u0131: IIA, IIB, IIC<\/p>\n<p>Gaz s\u0131cakl\u0131k s\u0131n\u0131f\u0131: T4<\/p>\n<p>Toz gruplar\u0131: Zone 21 ve 22, Toz gruplar\u0131: IIIA, IIIB, IIIC<\/p>\n<p>Maksimum toz s\u0131cakl\u0131k s\u0131n\u0131f\u0131: 135\u00b0C<\/p>\n<p>Ortam s\u0131cakl\u0131\u011f\u0131:\u00a0-20\u00b0C to +40\u00b0C<\/p>\n<p>18 adet y\u00fcksek g\u00fc\u00e7te LED ( 3100 l\u00fcmen).<\/p>\n<p>500 seferden fazla \u015farj edilip kullan\u0131labilir.<\/p>\n<p>Yakla\u015f\u0131k 8 saate \u015farj edilebilir.<\/p>\n<p>A\u011fr\u0131l\u0131\u011f\u0131 16,5 kg&#8217;d\u0131r.<\/p>\n<p><u><strong>WL-85<\/strong><\/u><\/p>\n<p>II 2 GD Ex e ib mb op is IIC T4 Gb Ex tb op is IIIC T135\u00b0C Db<\/p>\n<p>EN 60529:1992 standard\u0131na g\u00f6re IP66\/67\u00a0su ve toz korumas\u0131 mevcuttur.<\/p>\n<p>Gaz gruplar\u0131:\u00a0Zones \u00a01 ve\u00a02, Gaz gruplar\u0131: IIA, IIB, IIC<\/p>\n<p>Gaz s\u0131cakl\u0131k s\u0131n\u0131f\u0131: T4<\/p>\n<p>Toz gruplar\u0131: Zone 21 ve 22, Toz gruplar\u0131: IIIA, IIIB, IIIC<\/p>\n<p>Maksimum toz s\u0131cakl\u0131k s\u0131n\u0131f\u0131: 135\u00b0C<\/p>\n<p>Ortam s\u0131cakl\u0131\u011f\u0131:\u00a0-20\u00b0C to +40\u00b0C<\/p>\n<p>18 adet y\u00fcksek g\u00fc\u00e7te LED ( 3100 l\u00fcmen).<\/p>\n<p>500 seferden fazla \u015farj edilip kullan\u0131labilir.<\/p>\n<p>Yakla\u015f\u0131k 12\u00a0saate \u015farj edilebilir.<\/p>\n<p>A\u011f\u0131rl\u0131\u011f\u0131 23\u00a0kg&#8217;d\u0131r.<\/p>\n","protected":false},"excerpt":{"rendered":"<p>Teknik Bilgiler WL-80 II 2 GD Ex e ib mb op is IIC T4 Gb Ex tb op is IIIC T135\u00b0C Db EN 60529:1992 standard\u0131na g\u00f6re IP66\/67\u00a0su ve toz korumas\u0131 mevcuttur. Gaz gruplar\u0131:\u00a0Zones \u00a01 ve\u00a02, Gaz gruplar\u0131: IIA, IIB, IIC Gaz s\u0131cakl\u0131k s\u0131n\u0131f\u0131: T4 Toz gruplar\u0131: Zone 21 ve 22, Toz gruplar\u0131: IIIA, IIIB, IIIC [&hellip;]<\/p>\n","protected":false},"featured_media":3059,"comment_status":"open","ping_status":"closed","template":"","meta":[],"product_brand":[],"product_cat":[255,279,276],"product_tag":[],"class_list":{"0":"post-3058","1":"product","2":"type-product","3":"status-publish","4":"has-post-thumbnail","6":"product_cat-exproof-aydinlatma","7":"product_cat-exproof-portatif-aydinlatma","8":"product_cat-exproof-projektor","10":"first","11":"instock","12":"shipping-taxable","13":"product-type-simple"},"acf":[],"_links":{"self":[{"href":"https:\/\/exzone.com.tr\/index.php\/wp-json\/wp\/v2\/product\/3058","targetHints":{"allow":["GET"]}}],"collection":[{"href":"https:\/\/exzone.com.tr\/index.php\/wp-json\/wp\/v2\/product"}],"about":[{"href":"https:\/\/exzone.com.tr\/index.php\/wp-json\/wp\/v2\/types\/product"}],"replies":[{"embeddable":true,"href":"https:\/\/exzone.com.tr\/index.php\/wp-json\/wp\/v2\/comments?post=3058"}],"wp:featuredmedia":[{"embeddable":true,"href":"https:\/\/exzone.com.tr\/index.php\/wp-json\/wp\/v2\/media\/3059"}],"wp:attachment":[{"href":"https:\/\/exzone.com.tr\/index.php\/wp-json\/wp\/v2\/media?parent=3058"}],"wp:term":[{"taxonomy":"product_brand","embeddable":true,"href":"https:\/\/exzone.com.tr\/index.php\/wp-json\/wp\/v2\/product_brand?post=3058"},{"taxonomy":"product_cat","embeddable":true,"href":"https:\/\/exzone.com.tr\/index.php\/wp-json\/wp\/v2\/product_cat?post=3058"},{"taxonomy":"product_tag","embeddable":true,"href":"https:\/\/exzone.com.tr\/index.php\/wp-json\/wp\/v2\/product_tag?post=3058"}],"curies":[{"name":"wp","href":"https:\/\/api.w.org\/{rel}","templated":true}]}}