{"id":3051,"date":"2024-04-29T23:26:27","date_gmt":"2024-04-29T20:26:27","guid":{"rendered":"https:\/\/exzone.com.tr\/?post_type=product&#038;p=3051"},"modified":"2024-04-29T23:26:27","modified_gmt":"2024-04-29T20:26:27","slug":"wolf-atex-250va-transformator","status":"publish","type":"product","link":"https:\/\/exzone.com.tr\/index.php\/urun\/wolf-atex-250va-transformator\/","title":{"rendered":"Wolf ATEX 250VA Transformat\u00f6r"},"content":{"rendered":"<h4>Teknik Bilgiler<\/h4>\n<table border=\"0\">\n<tbody>\n<tr>\n<td>LL-114\/T4<\/td>\n<td>LL-214\/T4<\/td>\n<td>LL-221\/T4<\/td>\n<td>LL-133\/T4<\/td>\n<td>LL-233\/T4<\/td>\n<td>LL-243\/T4<\/td>\n<\/tr>\n<\/tbody>\n<\/table>\n<table border=\"0\">\n<tbody>\n<tr>\n<td colspan=\"3\">GRP<\/td>\n<td colspan=\"3\">PASLANMAZ \u00c7EL\u0130K<\/td>\n<\/tr>\n<\/tbody>\n<\/table>\n<table border=\"0\">\n<tbody>\n<tr>\n<td>110V:24V<\/td>\n<td>230V:24V<\/td>\n<td>230V:110V<\/td>\n<td>110V:24V<\/td>\n<td>230V:24V<\/td>\n<td>230V:110V<\/td>\n<\/tr>\n<\/tbody>\n<\/table>\n<table border=\"0\">\n<tbody>\n<tr>\n<td colspan=\"2\">24V<\/td>\n<td>\u00a0 110V<\/td>\n<td colspan=\"2\">24V<\/td>\n<td>110V<\/td>\n<\/tr>\n<\/tbody>\n<\/table>\n<table border=\"0\">\n<tbody>\n<tr>\n<td colspan=\"3\">504 x 465 x 285 mm (L x W x H)<\/td>\n<td colspan=\"3\">\u00a0512 x 562 x 260 mm\u00a0\u00a0\u00a0\u00a0 \u00a0 \u00a0\u00a0(L x W x H)<\/td>\n<\/tr>\n<\/tbody>\n<\/table>\n<p>Ex d e IIC\u00a0 T4 Gb &#8211; Ex t IIIC T130\u00b0C Db (-20\u00b0C \u2264 Ta \u2264 +55\u00b0C)<\/p>\n<p>Gaz s\u0131n\u0131f\u0131: Zone 1,2 Gaz gruplar\u0131: IIA, IIB, IIC<\/p>\n<p>S\u0131cakl\u0131k s\u0131n\u0131f\u0131: T4<\/p>\n<p>Toz s\u0131n\u0131f\u0131 :\u00a0Zones 21 and 22, Toz gruplar\u0131: IIIA, IIIB and IIIC<\/p>\n<p>15m SY Kablo &#8211; ATX Fi\u015f ve\u00a0Priz<\/p>\n","protected":false},"excerpt":{"rendered":"<div>\n<p>Ex d e IIC\u00a0 T4 Gb &#8211; Ex t IIIC T130\u00b0C Db (-20\u00b0C \u2264 Ta \u2264 +55\u00b0C)<\/p>\n<p>Gaz s\u0131n\u0131f\u0131: Zone 1,2 Gaz gruplar\u0131: IIA, IIB, IIC<\/p>\n<p>S\u0131cakl\u0131k s\u0131n\u0131f\u0131: T4<\/p>\n<p>Toz s\u0131n\u0131f\u0131 :\u00a0Zones 21 and 22, Toz gruplar\u0131: IIIA, IIIB and IIIC<\/p>\n<p>15m SY Kablo &#8211; ATX Fi\u015f ve\u00a0Priz<\/p>\n<\/div>\n","protected":false},"featured_media":3052,"comment_status":"open","ping_status":"closed","template":"","meta":[],"product_brand":[],"product_cat":[255,279],"product_tag":[],"class_list":{"0":"post-3051","1":"product","2":"type-product","3":"status-publish","4":"has-post-thumbnail","6":"product_cat-exproof-aydinlatma","7":"product_cat-exproof-portatif-aydinlatma","9":"first","10":"instock","11":"shipping-taxable","12":"product-type-simple"},"acf":[],"_links":{"self":[{"href":"https:\/\/exzone.com.tr\/index.php\/wp-json\/wp\/v2\/product\/3051","targetHints":{"allow":["GET"]}}],"collection":[{"href":"https:\/\/exzone.com.tr\/index.php\/wp-json\/wp\/v2\/product"}],"about":[{"href":"https:\/\/exzone.com.tr\/index.php\/wp-json\/wp\/v2\/types\/product"}],"replies":[{"embeddable":true,"href":"https:\/\/exzone.com.tr\/index.php\/wp-json\/wp\/v2\/comments?post=3051"}],"wp:featuredmedia":[{"embeddable":true,"href":"https:\/\/exzone.com.tr\/index.php\/wp-json\/wp\/v2\/media\/3052"}],"wp:attachment":[{"href":"https:\/\/exzone.com.tr\/index.php\/wp-json\/wp\/v2\/media?parent=3051"}],"wp:term":[{"taxonomy":"product_brand","embeddable":true,"href":"https:\/\/exzone.com.tr\/index.php\/wp-json\/wp\/v2\/product_brand?post=3051"},{"taxonomy":"product_cat","embeddable":true,"href":"https:\/\/exzone.com.tr\/index.php\/wp-json\/wp\/v2\/product_cat?post=3051"},{"taxonomy":"product_tag","embeddable":true,"href":"https:\/\/exzone.com.tr\/index.php\/wp-json\/wp\/v2\/product_tag?post=3051"}],"curies":[{"name":"wp","href":"https:\/\/api.w.org\/{rel}","templated":true}]}}