{"id":3032,"date":"2024-04-29T23:10:55","date_gmt":"2024-04-29T20:10:55","guid":{"rendered":"https:\/\/exzone.com.tr\/?post_type=product&#038;p=3032"},"modified":"2026-04-05T20:42:06","modified_gmt":"2026-04-05T17:42:06","slug":"wolf-linkex-led-gecici-tavan-lambalari","status":"publish","type":"product","link":"https:\/\/exzone.com.tr\/index.php\/urun\/wolf-linkex-led-gecici-tavan-lambalari\/","title":{"rendered":"Wolf LinkEx\u2122 LED Ge\u00e7ici Tavan Lambalar\u0131"},"content":{"rendered":"<h4>Teknik Bilgiler<\/h4>\n<p>Zone 1 &amp; 2 Gas Groups &#8211; \u00a0IIA, IIB, IIC gazl\u0131 ortamlar\u0131nda T3 s\u0131cakl\u0131k aral\u0131\u011f\u0131nda kullan\u0131ma uygundur.<\/p>\n<p>29 W veya 32 W g\u00fcc\u00fcnde LED ayd\u0131nlatma sa\u011flar.<\/p>\n<p>Antistatik kaplamal\u0131 polikarbonat lensli, g\u00f6vdesi polikarbonat muhafazal\u0131d\u0131r.<\/p>\n<p>A\u011f\u0131rl\u0131\u011f\u0131 kablosuz yakla\u015f\u0131k 3.6 kilogramd\u0131r.<\/p>\n<p>Ex-proof kodu;<\/p>\n<p><strong>B\u0130RB\u0130R\u0130NE BA\u011eLANAMAZ MODELLERDE<\/strong><br \/>\nII 2 GD Ex emb IIC T3 Gb (-20\u00b0C to +40\u00b0C) Ex t IIIC T170\u00b0C Db IP67<br \/>\n<strong>BA\u011eLANAB\u0130L\u0130R MODELLERDE\u00a0<\/strong><br \/>\nII 2 G Ex embd IIC T3 Gb (-20\u00b0C to +40\u00b0C) Ex t IIIC T170\u00b0C Db IP66*<\/p>\n<p>*Lamps fitted with Stahl sockets are IP54<\/p>\n<p><strong>LED \u0131\u015f\u0131k olmas\u0131n\u0131n avantajlar\u0131;<\/strong><\/p>\n<p>&#8211;\u00a0\u00a0\u00a0\u00a0\u00a0\u00a0\u00a0\u00a0\u00a0\u00a0Daha parlak \u0131\u015f\u0131k verir<\/p>\n<p>&#8211;\u00a0\u00a0\u00a0\u00a0\u00a0\u00a0\u00a0\u00a0\u00a0\u00a0Kullan\u0131m \u00f6mr\u00fc olmamas\u0131 (\u0131\u015f\u0131k kayna\u011f\u0131n\u0131n belli aral\u0131klarla de\u011fi\u015fmesi gerekmez)<\/p>\n<p>&#8211;\u00a0\u00a0\u00a0\u00a0\u00a0\u00a0\u00a0\u00a0\u00a0\u00a0Voltaj dalgalanmalar\u0131ndan \u0131\u015f\u0131\u011f\u0131n parlakl\u0131\u011f\u0131 etkilenmez<\/p>\n<p>&#8211;\u00a0\u00a0\u00a0\u00a0\u00a0\u00a0\u00a0\u00a0\u00a0\u00a0D\u00fc\u015f\u00fck enerji t\u00fcketimi<\/p>\n<p>&#8211;\u00a0\u00a0\u00a0\u00a0\u00a0\u00a0\u00a0\u00a0\u00a0\u00a0Bir g\u00fc\u00e7 kayna\u011f\u0131ndan daha fazla lamba \u00e7al\u0131\u015fabilir veya birbirine ba\u011flanabilir<\/p>\n<p>&#8211;\u00a0\u00a0\u00a0\u00a0\u00a0\u00a0\u00a0\u00a0\u00a0\u00a0Daha uzun kablolar kullan\u0131labilir olmas\u0131<\/p>\n<p>Yeni LinkEx Serisi lambalar, birbirleri aras\u0131nda ba\u011flanarak tek bir g\u00fc\u00e7 kayna\u011f\u0131 ile \u00e7al\u0131\u015f\u0131lmas\u0131na olanak veriyor. En \u00f6nemli yeniliklerden bir di\u011feri ise, elektrik ak\u0131m\u0131 tehlikeli seviyenin alt\u0131na d\u00fc\u015ft\u00fc\u011f\u00fcnde veya \u00e7\u0131kt\u0131\u011f\u0131nda, lamban\u0131n yan\u0131nda yan\u0131p s\u00f6nen \u0131\u015f\u0131\u011f\u0131n (SOVI Safe Operation Voltage Indicator) kullan\u0131c\u0131y\u0131 bilgilendirmesidir. E\u011fer voltaj, tolerans seviyesinin alt\u0131na veya \u00fcst\u00fcne \u00e7\u0131karsa patlama tehlikesi do\u011far. Bu \u015fekilde tehlikeli bir durumun \u00f6n\u00fcne ge\u00e7iliyor. Voltaj dalgalanmalar\u0131na kullan\u0131lan kablonun uzunlu\u011fu gibi etkenler sebep olur. Kablo uzad\u0131k\u00e7a voltaj d\u00fc\u015f\u00fcyor.<\/p>\n<p>\u00dcr\u00fcn\u00fcn \u00f6nemli bir ba\u015fka \u00f6zelli\u011fi ise bu bahsetti\u011fimiz voltaj tolerans aral\u0131\u011f\u0131n\u0131n \u00e7ok y\u00fcksek olmas\u0131d\u0131r.<\/p>\n<p>\u00dcr\u00fcn\u00fcn, 180 derece a\u00e7\u0131 ve 360 derece a\u00e7\u0131l\u0131k ayd\u0131nlatma sunan modelleri mevcuttur.<\/p>\n","protected":false},"excerpt":{"rendered":"<p><img loading=\"lazy\" decoding=\"async\" class=\"alignnone size-full wp-image-2955\" src=\"https:\/\/exzone.com.tr\/wp-content\/uploads\/2024\/04\/58bf376ac86977f.gif\" alt=\"\" width=\"100\" height=\"100\" \/> <img loading=\"lazy\" decoding=\"async\" class=\"alignnone size-full wp-image-2956\" src=\"https:\/\/exzone.com.tr\/wp-content\/uploads\/2024\/04\/41cac18d1c1c881.jpg\" alt=\"\" width=\"100\" height=\"100\" \/><\/p>\n<p>LX-400SH\/SY10\/ATX230, LX-400SHA\/230\/SY5, LX-400SH\/SY10\/ATX110, LX-400SHA110\/SY5, LX-400SL\/SY10\/ATX24, LX-400SLA24\/SY5<\/p>\n","protected":false},"featured_media":3033,"comment_status":"open","ping_status":"closed","template":"","meta":[],"product_brand":[],"product_cat":[255,279],"product_tag":[],"class_list":{"0":"post-3032","1":"product","2":"type-product","3":"status-publish","4":"has-post-thumbnail","6":"product_cat-exproof-aydinlatma","7":"product_cat-exproof-portatif-aydinlatma","9":"first","10":"instock","11":"shipping-taxable","12":"product-type-simple"},"acf":[],"_links":{"self":[{"href":"https:\/\/exzone.com.tr\/index.php\/wp-json\/wp\/v2\/product\/3032","targetHints":{"allow":["GET"]}}],"collection":[{"href":"https:\/\/exzone.com.tr\/index.php\/wp-json\/wp\/v2\/product"}],"about":[{"href":"https:\/\/exzone.com.tr\/index.php\/wp-json\/wp\/v2\/types\/product"}],"replies":[{"embeddable":true,"href":"https:\/\/exzone.com.tr\/index.php\/wp-json\/wp\/v2\/comments?post=3032"}],"wp:featuredmedia":[{"embeddable":true,"href":"https:\/\/exzone.com.tr\/index.php\/wp-json\/wp\/v2\/media\/3033"}],"wp:attachment":[{"href":"https:\/\/exzone.com.tr\/index.php\/wp-json\/wp\/v2\/media?parent=3032"}],"wp:term":[{"taxonomy":"product_brand","embeddable":true,"href":"https:\/\/exzone.com.tr\/index.php\/wp-json\/wp\/v2\/product_brand?post=3032"},{"taxonomy":"product_cat","embeddable":true,"href":"https:\/\/exzone.com.tr\/index.php\/wp-json\/wp\/v2\/product_cat?post=3032"},{"taxonomy":"product_tag","embeddable":true,"href":"https:\/\/exzone.com.tr\/index.php\/wp-json\/wp\/v2\/product_tag?post=3032"}],"curies":[{"name":"wp","href":"https:\/\/api.w.org\/{rel}","templated":true}]}}