{"id":2997,"date":"2024-04-29T21:47:08","date_gmt":"2024-04-29T18:47:08","guid":{"rendered":"https:\/\/exzone.com.tr\/?post_type=product&#038;p=2997"},"modified":"2024-04-29T21:47:08","modified_gmt":"2024-04-29T18:47:08","slug":"wolf-ex-proof-tr30-ts-30-pilli-el-feneri","status":"publish","type":"product","link":"https:\/\/exzone.com.tr\/index.php\/urun\/wolf-ex-proof-tr30-ts-30-pilli-el-feneri\/","title":{"rendered":"Wolf Ex-proof TR30+ &#038; TS-30+ Pilli El Feneri"},"content":{"rendered":"<h4>Teknik Bilgiler<\/h4>\n<p>EN 60529:1992 standard\u0131na g\u00f6re IP 67 su ve toz korumas\u0131 mevcuttur.<\/p>\n<div>EX\u00a0\u00a0II 2 GD EEx e ib IIC T6\u00a0\u00a0IP 67 ATEX sertifikas\u0131na sahiptir.<\/div>\n<div><strong>\u00a0<\/strong><\/div>\n<div><strong>Dizayn:<\/strong><\/div>\n<div>\n<div>Zones 1 &amp; 2 Gas Groups IIA, IIB, IIC gazl\u0131 ortamlarda T4 s\u0131cakl\u0131k aral\u0131\u011f\u0131nda kullan\u0131m\u0131 uygundur.<\/div>\n<div>Korumal\u0131 polikarbonat lensli, g\u00f6vdesi darbe dayan\u0131ml\u0131 termoplastik yap\u0131da ve antistatik muhafazal\u0131d\u0131r.<\/div>\n<div>2 adet 1,5 V. pil ile \u00e7al\u0131\u015f\u0131r ve 17 saatin \u00fczerinde ayd\u0131nlatma sa\u011flar.<\/div>\n<div>A\u011f\u0131rl\u0131\u011f\u0131 piller dahil yakla\u015f\u0131k 475 gramd\u0131r.<\/div>\n<\/div>\n","protected":false},"excerpt":{"rendered":"<p><img loading=\"lazy\" decoding=\"async\" class=\"alignnone size-full wp-image-2955\" src=\"https:\/\/exzone.com.tr\/wp-content\/uploads\/2024\/04\/58bf376ac86977f.gif\" alt=\"\" width=\"100\" height=\"100\" \/> <img loading=\"lazy\" decoding=\"async\" class=\"alignnone size-full wp-image-2956\" src=\"https:\/\/exzone.com.tr\/wp-content\/uploads\/2024\/04\/41cac18d1c1c881.jpg\" alt=\"\" width=\"100\" height=\"100\" \/><\/p>\n<div>\n<p>Wolf Ex-proof2\u00a0TR-30+ 2 Pilli El Feneri, dik a\u00e7\u0131l\u0131, ATEX, T4, LED, G\u00f6stergeli P\/N:\u00a008010451<\/p>\n<p>Wolf Ex-proof2\u00a0TS-30+ 2 Pilli El Feneri d\u00fcz a\u00e7\u0131l\u0131, ATEX, T4, LED.\u00a0G\u00f6stergeli P\/N:08010201<\/p>\n<div>EN 60529:1992 standard\u0131na g\u00f6re IP 67 su ve toz korumas\u0131 mevcuttur.<\/div>\n<div>EX\u00a0\u00a0II 2 GD EEx e ib IIC T6\u00a0\u00a0IP 67 ATEX sertifikas\u0131na sahiptir.<\/div>\n<div><strong>\u00a0<\/strong><\/div>\n<div><strong>Dizayn:<\/strong><\/div>\n<div>\n<div>Zones 1 &amp; 2 Gas Groups IIA, IIB, IIC gazl\u0131 ortamlarda T4 s\u0131cakl\u0131k aral\u0131\u011f\u0131nda kullan\u0131m\u0131 uygundur.<\/div>\n<div>Korumal\u0131 polikarbonat lensli, g\u00f6vdesi darbe dayan\u0131ml\u0131 termoplastik yap\u0131da ve antistatik muhafazal\u0131d\u0131r.<\/div>\n<div>2 adet 1,5 V. pil ile \u00e7al\u0131\u015f\u0131r ve 17 saatin \u00fczerinde ayd\u0131nlatma sa\u011flar.<\/div>\n<div>A\u011f\u0131rl\u0131\u011f\u0131 piller dahil yakla\u015f\u0131k 475 gramd\u0131r.<\/div>\n<\/div>\n<\/div>\n","protected":false},"featured_media":2998,"comment_status":"open","ping_status":"closed","template":"","meta":[],"product_brand":[],"product_cat":[255,280,279],"product_tag":[],"class_list":{"0":"post-2997","1":"product","2":"type-product","3":"status-publish","4":"has-post-thumbnail","6":"product_cat-exproof-aydinlatma","7":"product_cat-exproof-el-feneri","8":"product_cat-exproof-portatif-aydinlatma","10":"first","11":"instock","12":"shipping-taxable","13":"product-type-simple"},"acf":[],"_links":{"self":[{"href":"https:\/\/exzone.com.tr\/index.php\/wp-json\/wp\/v2\/product\/2997","targetHints":{"allow":["GET"]}}],"collection":[{"href":"https:\/\/exzone.com.tr\/index.php\/wp-json\/wp\/v2\/product"}],"about":[{"href":"https:\/\/exzone.com.tr\/index.php\/wp-json\/wp\/v2\/types\/product"}],"replies":[{"embeddable":true,"href":"https:\/\/exzone.com.tr\/index.php\/wp-json\/wp\/v2\/comments?post=2997"}],"wp:featuredmedia":[{"embeddable":true,"href":"https:\/\/exzone.com.tr\/index.php\/wp-json\/wp\/v2\/media\/2998"}],"wp:attachment":[{"href":"https:\/\/exzone.com.tr\/index.php\/wp-json\/wp\/v2\/media?parent=2997"}],"wp:term":[{"taxonomy":"product_brand","embeddable":true,"href":"https:\/\/exzone.com.tr\/index.php\/wp-json\/wp\/v2\/product_brand?post=2997"},{"taxonomy":"product_cat","embeddable":true,"href":"https:\/\/exzone.com.tr\/index.php\/wp-json\/wp\/v2\/product_cat?post=2997"},{"taxonomy":"product_tag","embeddable":true,"href":"https:\/\/exzone.com.tr\/index.php\/wp-json\/wp\/v2\/product_tag?post=2997"}],"curies":[{"name":"wp","href":"https:\/\/api.w.org\/{rel}","templated":true}]}}