{"id":2991,"date":"2024-04-29T21:39:37","date_gmt":"2024-04-29T18:39:37","guid":{"rendered":"https:\/\/exzone.com.tr\/?post_type=product&#038;p=2991"},"modified":"2024-04-29T21:39:37","modified_gmt":"2024-04-29T18:39:37","slug":"wolf-m-660-m-680-baret-adaptorleri","status":"publish","type":"product","link":"https:\/\/exzone.com.tr\/index.php\/urun\/wolf-m-660-m-680-baret-adaptorleri\/","title":{"rendered":"Wolf M-660\/M-680 Baret Adapt\u00f6rleri"},"content":{"rendered":"<h4>Teknik Bilgiler<\/h4>\n<p><u><strong>M-660<\/strong><\/u><\/p>\n<p>Euro 30 ba\u011flant\u0131l\u0131 kasklar i\u00e7in<\/p>\n<p>Malzeme: Plastik<\/p>\n<p>M-20, M-40 &amp; M-60 mini pilli\u00a0el fenerleri i\u00e7in uygundur.<\/p>\n<p><u><strong>M-680<\/strong><\/u><\/p>\n<p>Euro 30 ba\u011flant\u0131l\u0131 kasklar i\u00e7in<\/p>\n<p>Malzeme: Plastik<\/p>\n<p>M-80\u00a0midi pilli\u00a0el fenerleri i\u00e7in uygundur.<\/p>\n","protected":false},"excerpt":{"rendered":"<p><u><strong>M-660<\/strong><\/u><\/p>\n<p>Euro 30 ba\u011flant\u0131l\u0131 kasklar i\u00e7in<\/p>\n<p>Malzeme: Plastik<\/p>\n<p>M-20, M-40 &amp; M-60 mini pilli\u00a0el fenerleri i\u00e7in uygundur.<\/p>\n<p><u><strong>M-680<\/strong><\/u><\/p>\n<p>Euro 30 ba\u011flant\u0131l\u0131 kasklar i\u00e7in<\/p>\n<p>Malzeme: Plastik<\/p>\n<p>M-80\u00a0midi pilli el fenerleri i\u00e7in uygundur.<\/p>\n","protected":false},"featured_media":2992,"comment_status":"open","ping_status":"closed","template":"","meta":[],"product_brand":[],"product_cat":[255,279],"product_tag":[],"class_list":{"0":"post-2991","1":"product","2":"type-product","3":"status-publish","4":"has-post-thumbnail","6":"product_cat-exproof-aydinlatma","7":"product_cat-exproof-portatif-aydinlatma","9":"first","10":"instock","11":"shipping-taxable","12":"product-type-simple"},"acf":[],"_links":{"self":[{"href":"https:\/\/exzone.com.tr\/index.php\/wp-json\/wp\/v2\/product\/2991","targetHints":{"allow":["GET"]}}],"collection":[{"href":"https:\/\/exzone.com.tr\/index.php\/wp-json\/wp\/v2\/product"}],"about":[{"href":"https:\/\/exzone.com.tr\/index.php\/wp-json\/wp\/v2\/types\/product"}],"replies":[{"embeddable":true,"href":"https:\/\/exzone.com.tr\/index.php\/wp-json\/wp\/v2\/comments?post=2991"}],"wp:featuredmedia":[{"embeddable":true,"href":"https:\/\/exzone.com.tr\/index.php\/wp-json\/wp\/v2\/media\/2992"}],"wp:attachment":[{"href":"https:\/\/exzone.com.tr\/index.php\/wp-json\/wp\/v2\/media?parent=2991"}],"wp:term":[{"taxonomy":"product_brand","embeddable":true,"href":"https:\/\/exzone.com.tr\/index.php\/wp-json\/wp\/v2\/product_brand?post=2991"},{"taxonomy":"product_cat","embeddable":true,"href":"https:\/\/exzone.com.tr\/index.php\/wp-json\/wp\/v2\/product_cat?post=2991"},{"taxonomy":"product_tag","embeddable":true,"href":"https:\/\/exzone.com.tr\/index.php\/wp-json\/wp\/v2\/product_tag?post=2991"}],"curies":[{"name":"wp","href":"https:\/\/api.w.org\/{rel}","templated":true}]}}