{"id":2979,"date":"2024-04-29T21:33:12","date_gmt":"2024-04-29T18:33:12","guid":{"rendered":"https:\/\/exzone.com.tr\/?post_type=product&#038;p=2979"},"modified":"2024-04-29T21:33:12","modified_gmt":"2024-04-29T18:33:12","slug":"wolf-m-10-ex-proof-mikro-el-feneri","status":"publish","type":"product","link":"https:\/\/exzone.com.tr\/index.php\/urun\/wolf-m-10-ex-proof-mikro-el-feneri\/","title":{"rendered":"Wolf M-10 Ex-proof Mikro El Feneri"},"content":{"rendered":"<h4>Teknik Bilgiler<\/h4>\n<p>I M1\/II 1GD Ex ia I Ma\/IIC T5 Ga (-40\u00b0C \u2264Ta\u2264 +50\u00b0C),\u00a0Ex ia IIIB T95\u00b0C Da IP67<\/p>\n<p>Maden:\u00a0I M1 Ex ia I Ma IP67<\/p>\n<p>EN 60529:1992 standard\u0131na g\u00f6re IP67\u00a0su ve toz korumas\u0131 mevcuttur.<\/p>\n<p>Gaz gruplar\u0131:\u00a0Zones 0, 1 ve\u00a02, Gaz gruplar\u0131: IIC<\/p>\n<p>Gaz s\u0131cakl\u0131k s\u0131n\u0131f\u0131: T5<\/p>\n<p>Toz gruplar\u0131: Zone 20, 21 ve 22, Toz gruplar\u0131: IIIB<\/p>\n<p>Maksimum toz s\u0131cakl\u0131k s\u0131n\u0131f\u0131: 95\u00b0C<\/p>\n<p>1\u00d75 mm beyaz LED tipte kaynak ile 2 saatte kadar ayd\u0131nlatma sa\u011flar.<\/p>\n<p>Polikarbonat lensli, g\u00f6vdesi darbe dayan\u0131ml\u0131 termoplastik yap\u0131da elektrostatik muhafazal\u0131d\u0131r.<\/p>\n<p>4 adet 1.5 V pil ile \u00e7al\u0131\u015f\u0131r.<\/p>\n<p>A\u011f\u0131rl\u0131\u011f\u0131 yakla\u015f\u0131k 25 gramd\u0131r.<\/p>\n","protected":false},"excerpt":{"rendered":"<p><img loading=\"lazy\" decoding=\"async\" class=\"alignnone size-full wp-image-2955\" src=\"https:\/\/exzone.com.tr\/wp-content\/uploads\/2024\/04\/58bf376ac86977f.gif\" alt=\"\" width=\"100\" height=\"100\" \/> <img loading=\"lazy\" decoding=\"async\" class=\"alignnone size-full wp-image-2956\" src=\"https:\/\/exzone.com.tr\/wp-content\/uploads\/2024\/04\/41cac18d1c1c881.jpg\" alt=\"\" width=\"100\" height=\"100\" \/><\/p>\n<p>I M1\/II 1GD Ex ia I Ma\/IIC T5 Ga (-40\u00b0C \u2264Ta\u2264 +50\u00b0C),\u00a0Ex ia IIIB T95\u00b0C Da IP67<\/p>\n<p><span style=\"font-family: helveticaneuew01-55roma, arial, verdana, sans-serif;\">Maden:\u00a0<\/span>I M1 Ex ia I Ma IP67<\/p>\n<p>EN 60529:1992 standard\u0131na g\u00f6re IP67\u00a0su ve toz korumas\u0131 mevcuttur.<\/p>\n<p>Gaz gruplar\u0131:\u00a0Zones 0, 1 ve\u00a02, Gaz gruplar\u0131: IIC<\/p>\n<p>Gaz s\u0131cakl\u0131k s\u0131n\u0131f\u0131: T5<\/p>\n<p>Toz gruplar\u0131: Zone 20, 21 ve 22, Toz gruplar\u0131: IIIB<\/p>\n<p>Maksimum toz s\u0131cakl\u0131k s\u0131n\u0131f\u0131: 95\u00b0C<\/p>\n","protected":false},"featured_media":2980,"comment_status":"open","ping_status":"closed","template":"","meta":[],"product_brand":[],"product_cat":[255,280,279],"product_tag":[],"class_list":{"0":"post-2979","1":"product","2":"type-product","3":"status-publish","4":"has-post-thumbnail","6":"product_cat-exproof-aydinlatma","7":"product_cat-exproof-el-feneri","8":"product_cat-exproof-portatif-aydinlatma","10":"first","11":"instock","12":"shipping-taxable","13":"product-type-simple"},"acf":[],"_links":{"self":[{"href":"https:\/\/exzone.com.tr\/index.php\/wp-json\/wp\/v2\/product\/2979","targetHints":{"allow":["GET"]}}],"collection":[{"href":"https:\/\/exzone.com.tr\/index.php\/wp-json\/wp\/v2\/product"}],"about":[{"href":"https:\/\/exzone.com.tr\/index.php\/wp-json\/wp\/v2\/types\/product"}],"replies":[{"embeddable":true,"href":"https:\/\/exzone.com.tr\/index.php\/wp-json\/wp\/v2\/comments?post=2979"}],"wp:featuredmedia":[{"embeddable":true,"href":"https:\/\/exzone.com.tr\/index.php\/wp-json\/wp\/v2\/media\/2980"}],"wp:attachment":[{"href":"https:\/\/exzone.com.tr\/index.php\/wp-json\/wp\/v2\/media?parent=2979"}],"wp:term":[{"taxonomy":"product_brand","embeddable":true,"href":"https:\/\/exzone.com.tr\/index.php\/wp-json\/wp\/v2\/product_brand?post=2979"},{"taxonomy":"product_cat","embeddable":true,"href":"https:\/\/exzone.com.tr\/index.php\/wp-json\/wp\/v2\/product_cat?post=2979"},{"taxonomy":"product_tag","embeddable":true,"href":"https:\/\/exzone.com.tr\/index.php\/wp-json\/wp\/v2\/product_tag?post=2979"}],"curies":[{"name":"wp","href":"https:\/\/api.w.org\/{rel}","templated":true}]}}