{"id":2968,"date":"2024-04-29T21:17:41","date_gmt":"2024-04-29T18:17:41","guid":{"rendered":"https:\/\/exzone.com.tr\/?post_type=product&#038;p=2968"},"modified":"2024-04-29T21:29:28","modified_gmt":"2024-04-29T18:29:28","slug":"wolf-ht-500-sarj-edilebilir-zone1-kafa-lambasi","status":"publish","type":"product","link":"https:\/\/exzone.com.tr\/index.php\/urun\/wolf-ht-500-sarj-edilebilir-zone1-kafa-lambasi\/","title":{"rendered":"Wolf HT-500 \u015earj Edilebilir Zone1 Kafa Lambas\u0131"},"content":{"rendered":"<h4>Teknik Bilgiler<\/h4>\n<p>II 2 GD Ex ib IIB T4 Gb IIIB T135\u00b0 C Db<\/p>\n<p>S\u0131n\u0131fland\u0131rma alan\u0131 (Gaz) : B\u00f6lge 1<\/p>\n<p>S\u0131n\u0131fland\u0131rma alan\u0131 (Toz) : B\u00f6lge 21<\/p>\n<p>Maksimum y\u00fczey s\u0131cakl\u0131\u011f\u0131 (Toz) :\u00a0T135\u00b0 C<\/p>\n<p>Kullan\u0131m i\u00e7in uygun s\u0131cakl\u0131k :\u00a0\u00a020\u00b0 C \/\u00a0+40\u00b0 C<\/p>\n<p>360 l\u00fcmen<\/p>\n","protected":false},"excerpt":{"rendered":"<p><img loading=\"lazy\" decoding=\"async\" class=\"alignnone size-full wp-image-2955\" src=\"https:\/\/exzone.com.tr\/wp-content\/uploads\/2024\/04\/58bf376ac86977f.gif\" alt=\"\" width=\"100\" height=\"100\" \/> <img loading=\"lazy\" decoding=\"async\" class=\"alignnone size-full wp-image-2956\" src=\"https:\/\/exzone.com.tr\/wp-content\/uploads\/2024\/04\/41cac18d1c1c881.jpg\" alt=\"\" width=\"100\" height=\"100\" \/><\/p>\n<p>HT-500 Petzl Duo Z1, d\u00f6rt ayd\u0131nlatma modu ve BOOST modunda maksimum 360 l\u00fcmen \u00e7\u0131k\u0131\u015fa sahiptir.<\/p>\n<p>Tehlikeli Alanlarda kullan\u0131m i\u00e7in uygun, \u015farj edilebilir \u00e7ok \u0131\u015f\u0131nl\u0131 kafa lambas\u0131d\u0131r.<\/p>\n<p>ATEX Zone 1\/21<\/p>\n<p>T4 s\u0131cakl\u0131k s\u0131n\u0131f\u0131<\/p>\n<p>IP67 su ve toz ge\u00e7irmezlik<\/p>\n<p>Uzun \u00f6m\u00fcrl\u00fc LED \u0131\u015f\u0131k kayna\u011f\u0131<\/p>\n<p>Farkl\u0131 g\u00fc\u00e7 seviyelerinde 7, 12, 17 ve 23 saat kullan\u0131m.<\/p>\n<p>\u00c7e\u015fitli i\u015f g\u00f6revleri i\u00e7in \u00e7oklu \u0131\u015f\u0131k se\u00e7enekleri: BOOST modu 360lm, uzak g\u00f6r\u00fc\u015f 140lm, hareket 300lm, yak\u0131nl\u0131k 170lm ve yak\u0131n mesafeli \u00e7al\u0131\u015fma 70lm<\/p>\n","protected":false},"featured_media":2969,"comment_status":"open","ping_status":"closed","template":"","meta":[],"product_brand":[],"product_cat":[255,247,279],"product_tag":[],"class_list":{"0":"post-2968","1":"product","2":"type-product","3":"status-publish","4":"has-post-thumbnail","6":"product_cat-exproof-aydinlatma","7":"product_cat-exproof-kafa-fenerleri","8":"product_cat-exproof-portatif-aydinlatma","10":"first","11":"instock","12":"shipping-taxable","13":"product-type-simple"},"acf":[],"_links":{"self":[{"href":"https:\/\/exzone.com.tr\/index.php\/wp-json\/wp\/v2\/product\/2968","targetHints":{"allow":["GET"]}}],"collection":[{"href":"https:\/\/exzone.com.tr\/index.php\/wp-json\/wp\/v2\/product"}],"about":[{"href":"https:\/\/exzone.com.tr\/index.php\/wp-json\/wp\/v2\/types\/product"}],"replies":[{"embeddable":true,"href":"https:\/\/exzone.com.tr\/index.php\/wp-json\/wp\/v2\/comments?post=2968"}],"wp:featuredmedia":[{"embeddable":true,"href":"https:\/\/exzone.com.tr\/index.php\/wp-json\/wp\/v2\/media\/2969"}],"wp:attachment":[{"href":"https:\/\/exzone.com.tr\/index.php\/wp-json\/wp\/v2\/media?parent=2968"}],"wp:term":[{"taxonomy":"product_brand","embeddable":true,"href":"https:\/\/exzone.com.tr\/index.php\/wp-json\/wp\/v2\/product_brand?post=2968"},{"taxonomy":"product_cat","embeddable":true,"href":"https:\/\/exzone.com.tr\/index.php\/wp-json\/wp\/v2\/product_cat?post=2968"},{"taxonomy":"product_tag","embeddable":true,"href":"https:\/\/exzone.com.tr\/index.php\/wp-json\/wp\/v2\/product_tag?post=2968"}],"curies":[{"name":"wp","href":"https:\/\/api.w.org\/{rel}","templated":true}]}}