{"id":2954,"date":"2024-04-29T19:21:11","date_gmt":"2024-04-29T16:21:11","guid":{"rendered":"https:\/\/exzone.com.tr\/?post_type=product&#038;p=2954"},"modified":"2024-04-29T21:12:17","modified_gmt":"2024-04-29T18:12:17","slug":"wolf-ht-400z0-ex-proof-led-kafa-lambasi","status":"publish","type":"product","link":"https:\/\/exzone.com.tr\/index.php\/urun\/wolf-ht-400z0-ex-proof-led-kafa-lambasi\/","title":{"rendered":"Wolf HT-400Z0 Ex-proof LED Kafa Lambas\u0131"},"content":{"rendered":"<h4>Teknik Bilgiler<\/h4>\n<p>II 1GD Ex ia op is IIC T4 Ga IP66\u00a0Ex ia op is IIIB T125\u00b0C Da<\/p>\n<p>EN 60529:1992 standard\u0131na g\u00f6re IP66\u00a0su ve toz korumas\u0131 mevcuttur.<\/p>\n<p>Gaz gruplar\u0131:\u00a0Zones 0, 1 ve\u00a02, Gaz gruplar\u0131: IIA,IIB,IIC<\/p>\n<p>Gaz s\u0131cakl\u0131k s\u0131n\u0131f\u0131:\u00a0T4<\/p>\n<p>Toz gruplar\u0131: Zone 20, 21 ve 22, Toz gruplar\u0131: IIIA, IIIB<\/p>\n<p>Maksimum toz s\u0131cakl\u0131k s\u0131n\u0131f\u0131: 125\u00b0C<\/p>\n<p>Y\u00fcksek g\u00fc\u00e7te LED tipte \u0131\u015f\u0131k kayna\u011f\u0131 ile 4 saat full parlakl\u0131kta, toplam 25 saatte kadar geni\u015f a\u00e7\u0131l\u0131 ayd\u0131nlatma sa\u011flar.<\/p>\n<p>K\u0131r\u0131lmaya kar\u015f\u0131 dayan\u0131kl\u0131 polikarbonat lensli, g\u00f6vdesi darbelere dayan\u0131kl\u0131 termoplastik kaplamal\u0131 elektrostatik muhafazal\u0131d\u0131r.<\/p>\n<p>3 adet 1.5 voltluk AAA alkali pil ile \u00e7al\u0131\u015f\u0131r.<\/p>\n<p>A\u011f\u0131rl\u0131\u011f\u0131 yakla\u015f\u0131k 90 gramd\u0131r.<\/p>\n","protected":false},"excerpt":{"rendered":"<p><img loading=\"lazy\" decoding=\"async\" class=\"alignnone size-full wp-image-2955\" src=\"https:\/\/exzone.com.tr\/wp-content\/uploads\/2024\/04\/58bf376ac86977f.gif\" alt=\"\" width=\"100\" height=\"100\" \/>\u00a0 <img loading=\"lazy\" decoding=\"async\" class=\"alignnone size-full wp-image-2956\" src=\"https:\/\/exzone.com.tr\/wp-content\/uploads\/2024\/04\/41cac18d1c1c881.jpg\" alt=\"\" width=\"100\" height=\"100\" \/><\/p>\n<p>II 1GD Ex ia op is IIC T4 Ga IP66\u00a0Ex ia op is IIIB T125\u00b0C Da<\/p>\n<p>EN 60529:1992 standard\u0131na g\u00f6re IP66\u00a0su ve toz korumas\u0131 mevcuttur.<\/p>\n<p>Gaz gruplar\u0131:\u00a0Zones 0, 1 ve\u00a02, Gaz gruplar\u0131: IIA,IIB,IIC<\/p>\n<p>Gaz s\u0131cakl\u0131k s\u0131n\u0131f\u0131: T4<\/p>\n<p>Toz gruplar\u0131: Zone 20, 21 ve 22, Toz gruplar\u0131: IIIA, IIIB<\/p>\n<p>Maksimum toz s\u0131cakl\u0131k s\u0131n\u0131f\u0131: 125\u00b0C<\/p>\n","protected":false},"featured_media":2957,"comment_status":"open","ping_status":"closed","template":"","meta":[],"product_brand":[],"product_cat":[255,247,279],"product_tag":[],"class_list":{"0":"post-2954","1":"product","2":"type-product","3":"status-publish","4":"has-post-thumbnail","6":"product_cat-exproof-aydinlatma","7":"product_cat-exproof-kafa-fenerleri","8":"product_cat-exproof-portatif-aydinlatma","10":"first","11":"instock","12":"shipping-taxable","13":"product-type-simple"},"acf":[],"_links":{"self":[{"href":"https:\/\/exzone.com.tr\/index.php\/wp-json\/wp\/v2\/product\/2954","targetHints":{"allow":["GET"]}}],"collection":[{"href":"https:\/\/exzone.com.tr\/index.php\/wp-json\/wp\/v2\/product"}],"about":[{"href":"https:\/\/exzone.com.tr\/index.php\/wp-json\/wp\/v2\/types\/product"}],"replies":[{"embeddable":true,"href":"https:\/\/exzone.com.tr\/index.php\/wp-json\/wp\/v2\/comments?post=2954"}],"wp:featuredmedia":[{"embeddable":true,"href":"https:\/\/exzone.com.tr\/index.php\/wp-json\/wp\/v2\/media\/2957"}],"wp:attachment":[{"href":"https:\/\/exzone.com.tr\/index.php\/wp-json\/wp\/v2\/media?parent=2954"}],"wp:term":[{"taxonomy":"product_brand","embeddable":true,"href":"https:\/\/exzone.com.tr\/index.php\/wp-json\/wp\/v2\/product_brand?post=2954"},{"taxonomy":"product_cat","embeddable":true,"href":"https:\/\/exzone.com.tr\/index.php\/wp-json\/wp\/v2\/product_cat?post=2954"},{"taxonomy":"product_tag","embeddable":true,"href":"https:\/\/exzone.com.tr\/index.php\/wp-json\/wp\/v2\/product_tag?post=2954"}],"curies":[{"name":"wp","href":"https:\/\/api.w.org\/{rel}","templated":true}]}}