{"id":2951,"date":"2024-04-29T19:01:18","date_gmt":"2024-04-29T16:01:18","guid":{"rendered":"https:\/\/exzone.com.tr\/?post_type=product&#038;p=2951"},"modified":"2024-04-29T19:01:18","modified_gmt":"2024-04-29T16:01:18","slug":"gasbadge-pro","status":"publish","type":"product","link":"https:\/\/exzone.com.tr\/index.php\/urun\/gasbadge-pro\/","title":{"rendered":"GasBadge Pro"},"content":{"rendered":"<p><strong>GasBadge Pro Portatif Gaz Dedekt\u00f6r\u00fc<\/strong><\/p>\n<p>\u2022\u00a0De\u011fi\u015ftirilebilir &#8220;ak\u0131ll\u0131&#8221; sens\u00f6rler, oksijeni veya bir\u00e7ok toksik gazdan herhangi birini izler<br \/>\n\u2022 Bir y\u0131ll\u0131k veri kay\u0131t kapasitesi (minimum)<br \/>\n\u2022 Standart STEL ve TWA<\/p>\n<p><strong>SENS\u00d6RLER VE \u00d6L\u00c7\u00dcM ARALIKLARI<\/strong><\/p>\n<p>Karbon Monoksit (CO): 1 ppm&#8217;lik art\u0131\u015flarla 0-1.500 ppm<br \/>\nKarbon Monoksit (CO \/ H2 d\u00fc\u015f\u00fck): 1 ppm art\u0131\u015flarla 0-1.500 ppm<br \/>\nHidrojen S\u00fclf\u00fcr (H2S): 0,1 ppm&#8217;lik art\u0131\u015flarla 0-500 ppm<br \/>\nOksijen (O2):% 0,1&#8217;lik art\u0131\u015flarla hacimce% 0-30<br \/>\nAzot Dioksit (NO2): 0,1 ppm&#8217;lik art\u0131\u015flarla 0-150 ppm<br \/>\nS\u00fclf\u00fcr Dioksit (SO2): 0,1 ppm&#8217;lik art\u0131\u015flarla 0-150 ppm<br \/>\nAmonyak (NH3): 1 ppm&#8217;lik art\u0131\u015flarla 0-500 ppm<br \/>\nKlor (Cl2): 0,1 ppm&#8217;lik art\u0131\u015flarla 0-100 ppm<br \/>\nKlor Dioksit (ClO2): 0,01 ppm&#8217;lik art\u0131\u015flarla 0-1 ppm<br \/>\nFosfin (PH3): 0,01 ppm&#8217;lik art\u0131\u015flarla 0-10 ppm<br \/>\nHidrojen Siyan\u00fcr (HCN): 0,1 ppm&#8217;lik art\u0131\u015flarla 0-30 ppm<br \/>\nHidrojen (H2): 1 ppm&#8217;lik art\u0131\u015flarla 0-2.000 ppm<\/p>\n","protected":false},"excerpt":{"rendered":"<div class=\"wt-product-text\">\n<p>Industrial Scientific&#8217;in en y\u00fcksek kalite ve g\u00fcvenilirlik standartlar\u0131na g\u00f6re \u00fcretilen GasBadge\u00ae Pro, mevcut di\u011fer tekli gaz dedekt\u00f6rlerinden daha fazla uygulama i\u00e7in \u00f6m\u00fcr boyu gaz tehlikesi korumas\u0131 sa\u011flar.<\/p>\n<\/div>\n<div class=\"product_meta\"><span class=\"sku_wrapper\">Marka: <span class=\"sku\">Industrial Scientific<\/span> <\/span><\/div>\n","protected":false},"featured_media":2953,"comment_status":"open","ping_status":"closed","template":"","meta":[],"product_brand":[],"product_cat":[84,269],"product_tag":[],"class_list":{"0":"post-2951","1":"product","2":"type-product","3":"status-publish","4":"has-post-thumbnail","6":"product_cat-exproof-gaz-dedektoru","7":"product_cat-portatif-gaz-dedektoru","9":"first","10":"instock","11":"shipping-taxable","12":"product-type-simple"},"acf":[],"_links":{"self":[{"href":"https:\/\/exzone.com.tr\/index.php\/wp-json\/wp\/v2\/product\/2951","targetHints":{"allow":["GET"]}}],"collection":[{"href":"https:\/\/exzone.com.tr\/index.php\/wp-json\/wp\/v2\/product"}],"about":[{"href":"https:\/\/exzone.com.tr\/index.php\/wp-json\/wp\/v2\/types\/product"}],"replies":[{"embeddable":true,"href":"https:\/\/exzone.com.tr\/index.php\/wp-json\/wp\/v2\/comments?post=2951"}],"wp:featuredmedia":[{"embeddable":true,"href":"https:\/\/exzone.com.tr\/index.php\/wp-json\/wp\/v2\/media\/2953"}],"wp:attachment":[{"href":"https:\/\/exzone.com.tr\/index.php\/wp-json\/wp\/v2\/media?parent=2951"}],"wp:term":[{"taxonomy":"product_brand","embeddable":true,"href":"https:\/\/exzone.com.tr\/index.php\/wp-json\/wp\/v2\/product_brand?post=2951"},{"taxonomy":"product_cat","embeddable":true,"href":"https:\/\/exzone.com.tr\/index.php\/wp-json\/wp\/v2\/product_cat?post=2951"},{"taxonomy":"product_tag","embeddable":true,"href":"https:\/\/exzone.com.tr\/index.php\/wp-json\/wp\/v2\/product_tag?post=2951"}],"curies":[{"name":"wp","href":"https:\/\/api.w.org\/{rel}","templated":true}]}}