{"id":2945,"date":"2024-04-29T18:57:35","date_gmt":"2024-04-29T15:57:35","guid":{"rendered":"https:\/\/exzone.com.tr\/?post_type=product&#038;p=2945"},"modified":"2024-04-29T18:57:35","modified_gmt":"2024-04-29T15:57:35","slug":"ventis-mx4","status":"publish","type":"product","link":"https:\/\/exzone.com.tr\/index.php\/urun\/ventis-mx4\/","title":{"rendered":"Ventis MX4"},"content":{"rendered":"<p><strong>Ventis MX4 Portatif Gaz Dedekt\u00f6r\u00fc<\/strong><\/p>\n<ul>\n<li>Ki\u015fisel izleme ve s\u0131n\u0131rl\u0131 alan giri\u015fi i\u00e7in Ventis MX4 kullanarak iki dedekt\u00f6r ihtiyac\u0131n\u0131 ortadan kald\u0131r\u0131n<\/li>\n<li>Pompas\u0131z aletler i\u00e7in 12 saatlik, 18 saatlik veya 20 saatlik pillerle \u00e7al\u0131\u015fma s\u00fcrenizi se\u00e7in<\/li>\n<li>Alarm e\u015fiklerini se\u00e7erek, alarmlar\u0131 ayarlayarak, cihaz alarmdayken kapanma \u00f6zelli\u011fini devre d\u0131\u015f\u0131 b\u0131rakarak ve daha fazlas\u0131n\u0131 yaparak cihazlar\u0131 ihtiya\u00e7lar\u0131n\u0131za g\u00f6re ki\u015fiselle\u015ftirin<\/li>\n<li>A\u015fa\u011f\u0131daki gazlar\u0131n d\u00f6rd\u00fcne kadar izleyin: LEL (Metan), LEL (Pentan), CO, H2S, O2, CO \/ H2 D\u00fc\u015f\u00fck, SO2, NO2<\/li>\n<\/ul>\n<p><strong>SENS\u00d6RLER VE \u00d6L\u00c7\u00dcM ARALIKLARI<\/strong><br \/>\nYan\u0131c\u0131 Gazlar:% 1&#8217;lik art\u0131\u015flarla% 0-100 LEL<br \/>\nMetan (CH4):% 0,01&#8217;lik art\u0131\u015flarla hacmin% 0-5&#8217;i<br \/>\nOksijen (O2):% 0,1&#8217;lik art\u0131\u015flarla% 0-30 vol<br \/>\nKarbon Monoksit (CO): 1 ppm&#8217;lik art\u0131\u015flarla 0-1.000 ppm<br \/>\nHidrojen S\u00fclf\u00fcr (H2S): 0,1 ppm&#8217;lik art\u0131\u015flarla 0-500 ppm<br \/>\nAzot Dioksit (NO2): 0,1 ppm&#8217;lik art\u0131\u015flarla 0-150 ppm<br \/>\nS\u00fclf\u00fcr Dioksit (SO2): 0,1 ppm&#8217;lik art\u0131\u015flarla 0-150 ppm<\/p>\n","protected":false},"excerpt":{"rendered":"<div class=\"wt-product-text\">\n<p>Ventis MX4 Portatif Gaz Dedekt\u00f6r\u00fc, tek bir gaz dedekt\u00f6r\u00fcn\u00fcn ta\u015f\u0131nabilirli\u011fine ve boyutuna sahip d\u00f6rt gazl\u0131 bir dedekt\u00f6r olan Ventis MX4 ile ihtiyac\u0131n\u0131z olan basit, g\u00fcvenilir gaz alg\u0131lamas\u0131n\u0131 elde edin. Son derece sa\u011flam ancak hafif ve kullan\u0131m\u0131 kolay olacak \u015fekilde tasarlanan Ventis MX4, ekstra monit\u00f6r ihtiyac\u0131n\u0131 ortadan kald\u0131r\u0131r ve Ventis\u00ae Slide-on Pompa sayesinde ki\u015fisel izlemeden kapal\u0131 alan giri\u015fine sorunsuz bir \u015fekilde ge\u00e7i\u015f yapar.<\/p>\n<\/div>\n<div class=\"product_meta\"><span class=\"sku_wrapper\">Marka: <span class=\"sku\">Industrial Scientific<\/span> <\/span><\/div>\n","protected":false},"featured_media":2947,"comment_status":"open","ping_status":"closed","template":"","meta":[],"product_brand":[],"product_cat":[84,269],"product_tag":[],"class_list":{"0":"post-2945","1":"product","2":"type-product","3":"status-publish","4":"has-post-thumbnail","6":"product_cat-exproof-gaz-dedektoru","7":"product_cat-portatif-gaz-dedektoru","9":"first","10":"instock","11":"shipping-taxable","12":"product-type-simple"},"acf":[],"_links":{"self":[{"href":"https:\/\/exzone.com.tr\/index.php\/wp-json\/wp\/v2\/product\/2945","targetHints":{"allow":["GET"]}}],"collection":[{"href":"https:\/\/exzone.com.tr\/index.php\/wp-json\/wp\/v2\/product"}],"about":[{"href":"https:\/\/exzone.com.tr\/index.php\/wp-json\/wp\/v2\/types\/product"}],"replies":[{"embeddable":true,"href":"https:\/\/exzone.com.tr\/index.php\/wp-json\/wp\/v2\/comments?post=2945"}],"wp:featuredmedia":[{"embeddable":true,"href":"https:\/\/exzone.com.tr\/index.php\/wp-json\/wp\/v2\/media\/2947"}],"wp:attachment":[{"href":"https:\/\/exzone.com.tr\/index.php\/wp-json\/wp\/v2\/media?parent=2945"}],"wp:term":[{"taxonomy":"product_brand","embeddable":true,"href":"https:\/\/exzone.com.tr\/index.php\/wp-json\/wp\/v2\/product_brand?post=2945"},{"taxonomy":"product_cat","embeddable":true,"href":"https:\/\/exzone.com.tr\/index.php\/wp-json\/wp\/v2\/product_cat?post=2945"},{"taxonomy":"product_tag","embeddable":true,"href":"https:\/\/exzone.com.tr\/index.php\/wp-json\/wp\/v2\/product_tag?post=2945"}],"curies":[{"name":"wp","href":"https:\/\/api.w.org\/{rel}","templated":true}]}}