{"id":2927,"date":"2024-04-29T03:26:26","date_gmt":"2024-04-29T00:26:26","guid":{"rendered":"https:\/\/exzone.com.tr\/?post_type=product&#038;p=2927"},"modified":"2024-04-29T03:26:27","modified_gmt":"2024-04-29T00:26:27","slug":"detective-wireless","status":"publish","type":"product","link":"https:\/\/exzone.com.tr\/index.php\/urun\/detective-wireless\/","title":{"rendered":"Detective Wireless"},"content":{"rendered":"<h3>Crowcon Detective Wireless<\/h3>\n<h3>Becerikli ve kullan\u0131c\u0131 dostu<\/h3>\n<ul>\n<li>Infrared sens\u00f6rler\u00a0\u2013 y\u00fcksek konsantrasyonlu Patlay\u0131c\u0131 gazlar\u0131n ve Karbon dioksit gaz\u0131n\u0131n \u00f6l\u00e7\u00fclmesini m\u00fcmk\u00fcn k\u0131lar. Zehirlenme riski ta\u015f\u0131maz.<\/li>\n<li>Opsiyonel dahili pompa\u00a0\u2013 h\u0131zl\u0131 cevap s\u00fcresi ve \u00e7oklu \u00f6rnekleme imkan\u0131 sa\u011flar.<\/li>\n<li>Basit ekran tasar\u0131m\u0131\u00a0\u2013 gaz ka\u00e7a\u011f\u0131 tehlikelerine kar\u015f\u0131 anla\u015f\u0131labilir bilgilendirme sa\u011flar<\/li>\n<\/ul>\n<h3>Sa\u011flam, tripod tasar\u0131m\u0131<\/h3>\n<ul>\n<li>Y\u00fckseltilmi\u015f sensor konumu\u00a0\u2013 suya kar\u015f\u0131 dayan\u0131m\u0131 sa\u011flar<\/li>\n<li>Toplanabilir veya sabit ayaklar\u00a0\u2013 kolay ta\u015f\u0131ma ve depolama i\u00e7in<\/li>\n<li>IP65 koruma\u00a0\u2013 kusursuz sensor korumas\u0131<\/li>\n<\/ul>\n<h3>Sesli ve g\u00f6r\u00fcn\u00fcr alarmlar<\/h3>\n<ul>\n<li>25 Detective+ 100 metre mesafe ile birlikte \u00e7al\u0131\u015fabilir\u00a0\u2013 her hangi Detective+ alarm\u0131 b\u00fct\u00fcn Detective+\u2019lar taraf\u0131ndan tekrar edilir<\/li>\n<li>Alarm\u0131 veren Detective+ daha h\u0131zl\u0131 flash \u00e7akar\u00a0\u2013 gaz ka\u00e7aklar\u0131na kar\u015f\u0131 etkili bir uyar\u0131 sa\u011flar<\/li>\n<li>Sesli ve g\u00f6rsel g\u00fcvenilir uyar\u0131lar<\/li>\n<li>Keskin ve etkili k\u0131rm\u0131z\u0131 LED &#8211; \u00a0g\u00f6rsel alarm i\u00e7in<\/li>\n<li>\u00c7oklu fla\u015f\u00f6r\u00a0&#8211; 360<sup>0<\/sup>\u00a0g\u00f6r\u00fcn\u00fcrl\u00fckSesli ve g\u00f6r\u00fcn\u00fcr alarmlar<\/li>\n<\/ul>\n<h3>Uygulama alanlar\u0131<\/h3>\n<ul>\n<li>Y\u00fckseltilmi\u015f sensor konumu\u00a0\u2013 suya kar\u015f\u0131 dayan\u0131m\u0131 sa\u011flar<\/li>\n<li>Toplanabilir veya sabit ayaklar\u00a0\u2013 kolay ta\u015f\u0131ma ve depolama i\u00e7in<\/li>\n<li>IP65 koruma\u00a0\u2013 kusursuz sensor korumas\u0131<\/li>\n<\/ul>\n<p>&nbsp;<\/p>\n<table>\n<tbody>\n<tr>\n<td><img decoding=\"async\" src=\"http:\/\/prosense.com.tr\/image\/catalog\/crowcon\/Detective%20Wireless\/Portatif_Gaz_Dedektoru_Alan_izleme.png\" \/><\/td>\n<td>Alan \u0130zleme<\/td>\n<\/tr>\n<tr>\n<td><img decoding=\"async\" src=\"http:\/\/prosense.com.tr\/image\/catalog\/crowcon\/Detective%20Wireless\/Portatif_Gaz_Dedektoru_Ring_network.png\" \/><\/td>\n<td>Ring network<\/td>\n<\/tr>\n<tr>\n<td><img decoding=\"async\" src=\"http:\/\/prosense.com.tr\/image\/catalog\/crowcon\/Detective%20Wireless\/Portatif_Gaz_Dedektoru_Tanker_bosalt%C4%B1m_uygulamasi.png\" \/><\/td>\n<td>Tanker bo\u015falt\u0131m uygulamalar\u0131<\/td>\n<\/tr>\n<tr>\n<td><img decoding=\"async\" src=\"http:\/\/prosense.com.tr\/image\/catalog\/crowcon\/Detective%20Wireless\/Portatif_Gaz_Dedektoru_Boru_hatti_kontrol.png\" \/><\/td>\n<td>Boru hatt\u0131 kontrol<\/td>\n<\/tr>\n<tr>\n<td><img decoding=\"async\" src=\"http:\/\/prosense.com.tr\/image\/catalog\/crowcon\/Detective%20Wireless\/Portatif_Gaz_Dedektoru_Tehlikeli_Alan_giris.png\" \/><\/td>\n<td>Tehlikeli alan giri\u015f kontrolleri<\/td>\n<\/tr>\n<tr>\n<td><img decoding=\"async\" src=\"http:\/\/prosense.com.tr\/image\/catalog\/crowcon\/Detective%20Wireless\/Portatif_Gaz_Dedektoru_Tank_uygulamas%C4%B1.png\" \/><\/td>\n<td>Kapal\u0131 alan giri\u015flerinde<\/td>\n<\/tr>\n<tr>\n<td><img decoding=\"async\" src=\"http:\/\/prosense.com.tr\/image\/catalog\/crowcon\/Detective%20Wireless\/Portatif_Gaz_Dedektoru_Kapali_Ortam_Girisleri.png\" \/><\/td>\n<td>Kapal\u0131 alan giri\u015flerinde<\/td>\n<\/tr>\n<tr>\n<td><img decoding=\"async\" src=\"http:\/\/prosense.com.tr\/image\/catalog\/crowcon\/Detective%20Wireless\/Portatif_Gaz_Dedektoru_Kazan_Dairesi_Uygulamasi.png\" \/><\/td>\n<td>Kazan dairesi giri\u015flerinde<\/td>\n<\/tr>\n<\/tbody>\n<\/table>\n","protected":false},"excerpt":{"rendered":"<div class=\"wt-product-text\">\n<p>Crowcon Detective Wireless kan\u0131tlanm\u0131\u015f RICOCHET kablosuz a\u011f\u0131n\u0131 kullan\u0131r. Bir a\u011f\u0131 kurarken, Detective Wireless en verimli haberle\u015fmeyi sa\u011flamak i\u00e7in otomatik olarak en iyi hatt\u0131 se\u00e7er. \u0130ki cihaz aras\u0131ndaki kablosuz ba\u011flant\u0131 zay\u0131flarsa, \u015febeke kendini otomatik olarak iyile\u015ftirecek \u015fekilde yeni bir a\u011f kurmaya \u00e7al\u0131\u015f\u0131r. Daha sa\u011flam ve verimli bir haberle\u015fme kanal\u0131 olu\u015fturacak \u015fekilde yeni bir a\u011f olu\u015fturulur. Detective Wireless alarm durumuna ge\u00e7ti\u011finde alarm bilgisi a\u011fda bulunan di\u011fer Detective Wireless\u2019a iletilir bu sayede b\u00fct\u00fcn network alarm durumuna ge\u00e7erek etkili bir gaz ka\u00e7ak uyar\u0131 sistemi kurulmu\u015f olur. Ortamda bulunan bozucu etkiler nedeniyle ileti\u015fim sinyali g\u00fc\u00e7s\u00fczle\u015firse bu durumda Detective Wireless \u201crepeater\u201d sinyal tekrarlay\u0131c\u0131 olarak da kullan\u0131labilir. Kapal\u0131 alanlarda \u00e7al\u0131\u015fmak zorunlu oldu\u011funda 20 metreye kadar uzayabilen kablo sayesinde gaz konsantrasyon bilgisi g\u00fcvenli bir \u015fekilde di\u011fer Detective Wireless \u00e7oklu Gaz Dedekt\u00f6rlerine aktar\u0131labilir.<\/p>\n<\/div>\n<div class=\"product_meta\"><span class=\"sku_wrapper\">Marka: <span class=\"sku\">Crowcon<\/span> <\/span><\/div>\n","protected":false},"featured_media":2933,"comment_status":"open","ping_status":"closed","template":"","meta":[],"product_brand":[],"product_cat":[84,269],"product_tag":[],"class_list":{"0":"post-2927","1":"product","2":"type-product","3":"status-publish","4":"has-post-thumbnail","6":"product_cat-exproof-gaz-dedektoru","7":"product_cat-portatif-gaz-dedektoru","9":"first","10":"instock","11":"shipping-taxable","12":"product-type-simple"},"acf":[],"_links":{"self":[{"href":"https:\/\/exzone.com.tr\/index.php\/wp-json\/wp\/v2\/product\/2927","targetHints":{"allow":["GET"]}}],"collection":[{"href":"https:\/\/exzone.com.tr\/index.php\/wp-json\/wp\/v2\/product"}],"about":[{"href":"https:\/\/exzone.com.tr\/index.php\/wp-json\/wp\/v2\/types\/product"}],"replies":[{"embeddable":true,"href":"https:\/\/exzone.com.tr\/index.php\/wp-json\/wp\/v2\/comments?post=2927"}],"wp:featuredmedia":[{"embeddable":true,"href":"https:\/\/exzone.com.tr\/index.php\/wp-json\/wp\/v2\/media\/2933"}],"wp:attachment":[{"href":"https:\/\/exzone.com.tr\/index.php\/wp-json\/wp\/v2\/media?parent=2927"}],"wp:term":[{"taxonomy":"product_brand","embeddable":true,"href":"https:\/\/exzone.com.tr\/index.php\/wp-json\/wp\/v2\/product_brand?post=2927"},{"taxonomy":"product_cat","embeddable":true,"href":"https:\/\/exzone.com.tr\/index.php\/wp-json\/wp\/v2\/product_cat?post=2927"},{"taxonomy":"product_tag","embeddable":true,"href":"https:\/\/exzone.com.tr\/index.php\/wp-json\/wp\/v2\/product_tag?post=2927"}],"curies":[{"name":"wp","href":"https:\/\/api.w.org\/{rel}","templated":true}]}}