{"id":2817,"date":"2024-04-29T01:51:48","date_gmt":"2024-04-28T22:51:48","guid":{"rendered":"https:\/\/exzone.com.tr\/?post_type=product&#038;p=2817"},"modified":"2024-04-29T01:51:48","modified_gmt":"2024-04-28T22:51:48","slug":"multiscan","status":"publish","type":"product","link":"https:\/\/exzone.com.tr\/index.php\/urun\/multiscan\/","title":{"rendered":"MULTISCAN++"},"content":{"rendered":"<p><strong>Sensitron MULTISCAN++ Kontrol Paneli\u00a0<\/strong><\/p>\n<p>256&#8217;ya kadar gaz dedekt\u00f6r\u00fcn\u00fc izlemek ve kontrol etmek i\u00e7in \u00fcretilmi\u015f gaz kontrol \u00fcnitesidir. ATEX ve SIL1 veya SIL2 Sertifikalar\u0131na sahiptir. Son derece esnek ve son derece g\u00fcvenilir, hem 4-20mA, hem de RS485 ba\u011flant\u0131 yap\u0131labilir.<br \/>\nMen\u015fei: \u0130talya<\/p>\n<p>Multiscan++ S1 \u00e7ok geli\u015fmi\u015f fonksiyon ve \u00f6zelliklere sahip, de\u011fi\u015fken flexible ihtiya\u00e7lara y\u00f6nelik olarak haz\u0131rlanm\u0131\u015f Gaz Kontrol Panelidir.<\/p>\n<p>G\u00fc\u00e7l\u00fc mikroi\u015flemcili tasar\u0131m\u0131 sayesinde kendi kendine bir \u00e7ok test algoritmas\u0131 bulunmaktad\u0131r, bu sayede muhtemel hatalar s\u00fcrekli incelenir ve sorun \u00e7ok \u00f6nceden kullan\u0131c\u0131lara bildirilir.<\/p>\n<p>Sistem gaz dedekt\u00f6rlerinin ba\u011flanmas\u0131n\u0131 ve kontrol edilmesi gereken uzak sistemlerin ba\u011flant\u0131s\u0131na imkan sa\u011flamaktad\u0131r. 256 dedekt\u00f6re kadar y\u00f6netim ve s\u00fcrekli izleme imkan\u0131 sunmaktad\u0131r. Dedekt\u00f6r ba\u011flant\u0131lar\u0131 adreslenebilir olarak, daisy chained olarak ya da Analog 4-20 mA ba\u011flant\u0131 olarak yap\u0131labilir. Sistemde 8 adet \u00f6n tan\u0131ml\u0131 r\u00f6le \u00e7\u0131k\u0131\u015f\u0131 bulunmakta ayr\u0131ca opsiyonel STG\/OUT16-S kartlar\u0131 kullan\u0131larak 256 adete kadar open collector \u00e7\u0131k\u0131\u015f elde edilebilir. Panel \u00fczerinde bulunan ekrandan veya bilgisayar ba\u011flant\u0131s\u0131 ile kay\u0131t log&#8217;lar\u0131 incelenebilir. RS 232 seri port \u00fczerinden kontrol paneli \u00f6zel yaz\u0131l\u0131m\u0131 ile programlanabilir. Printer ba\u011flant\u0131s\u0131 i\u00e7in paralel port bulunmaktad\u0131r. \u0130ki farkl\u0131 kabin tipi ile sat\u0131lmaktad\u0131r; 19&#8243; 3U rack kabin ile (24 Vdc g\u00fc\u00e7 kayna\u011f\u0131 gerekir) veya metal kabinet i\u00e7erisinde (g\u00fc\u00e7 kayna\u011f\u0131 dahildir)<\/p>\n","protected":false},"excerpt":{"rendered":"<div class=\"wt-product-text\">\n<p>Sensitron MULTISCAN++ Kontrol Paneli y\u00fcksek adetlerde gaz dedekt\u00f6rlerinin kontrol\u00fc i\u00e7in en uygun \u00e7\u00f6z\u00fcm Atex Sertifikal\u0131, SIL1 veya SIL2 opsiyonel<\/p>\n<\/div>\n<div class=\"product_meta\"><span class=\"sku_wrapper\">Marka: <span class=\"sku\">Prosense<\/span> <\/span><\/div>\n","protected":false},"featured_media":2830,"comment_status":"open","ping_status":"closed","template":"","meta":[],"product_brand":[],"product_cat":[84,268],"product_tag":[],"class_list":{"0":"post-2817","1":"product","2":"type-product","3":"status-publish","4":"has-post-thumbnail","6":"product_cat-exproof-gaz-dedektoru","7":"product_cat-gaz-kontrol-panelleri","9":"first","10":"instock","11":"shipping-taxable","12":"product-type-simple"},"acf":[],"_links":{"self":[{"href":"https:\/\/exzone.com.tr\/index.php\/wp-json\/wp\/v2\/product\/2817","targetHints":{"allow":["GET"]}}],"collection":[{"href":"https:\/\/exzone.com.tr\/index.php\/wp-json\/wp\/v2\/product"}],"about":[{"href":"https:\/\/exzone.com.tr\/index.php\/wp-json\/wp\/v2\/types\/product"}],"replies":[{"embeddable":true,"href":"https:\/\/exzone.com.tr\/index.php\/wp-json\/wp\/v2\/comments?post=2817"}],"wp:featuredmedia":[{"embeddable":true,"href":"https:\/\/exzone.com.tr\/index.php\/wp-json\/wp\/v2\/media\/2830"}],"wp:attachment":[{"href":"https:\/\/exzone.com.tr\/index.php\/wp-json\/wp\/v2\/media?parent=2817"}],"wp:term":[{"taxonomy":"product_brand","embeddable":true,"href":"https:\/\/exzone.com.tr\/index.php\/wp-json\/wp\/v2\/product_brand?post=2817"},{"taxonomy":"product_cat","embeddable":true,"href":"https:\/\/exzone.com.tr\/index.php\/wp-json\/wp\/v2\/product_cat?post=2817"},{"taxonomy":"product_tag","embeddable":true,"href":"https:\/\/exzone.com.tr\/index.php\/wp-json\/wp\/v2\/product_tag?post=2817"}],"curies":[{"name":"wp","href":"https:\/\/api.w.org\/{rel}","templated":true}]}}