{"id":2779,"date":"2024-04-29T01:20:28","date_gmt":"2024-04-28T22:20:28","guid":{"rendered":"https:\/\/exzone.com.tr\/?post_type=product&#038;p=2779"},"modified":"2024-04-29T01:20:28","modified_gmt":"2024-04-28T22:20:28","slug":"s-dp8-analog","status":"publish","type":"product","link":"https:\/\/exzone.com.tr\/index.php\/urun\/s-dp8-analog\/","title":{"rendered":"S-DP8 Analog"},"content":{"rendered":"<div><strong>\u2022 Giri\u015f:<\/strong>\u00a08 x 4-20mA analog ve 1 dijital (24VDC) giri\u015f, kullan\u0131c\u0131n\u0131n di\u011fer ekipmanlar\u0131 acil durum d\u00fc\u011fmesi gibi sistemlere entegre ederek dedekt\u00f6rleri y\u00f6netmesine izin verir.<\/div>\n<div><strong>\u2022 Ekran:<\/strong>\u00a0Parlak ve net LCD ekran<\/div>\n<div><strong>\u2022 B\u00fct\u00fcnl\u00fck:<\/strong>\u00a0Modbus RS485 \u00e7\u0131k\u0131\u015f\u0131 arac\u0131l\u0131\u011f\u0131yla SCADA sistemlerine kolay entegrasyon<\/div>\n<div><strong>\u2022 R\u00f6leler:<\/strong>\u00a02 Alarm, 1 Hata ve AUX ayarlanabilir r\u00f6le kontaklar\u0131.\u00a0Belirli uygulamalar i\u00e7in 24 adede kadar ekstra r\u00f6le \u00e7\u0131k\u0131\u015f\u0131<\/div>\n<div><strong>\u2022 G\u00fcnl\u00fc\u011fe kaydetme:<\/strong>\u00a0Ba\u011fl\u0131 dedekt\u00f6rlerin ge\u00e7mi\u015fini g\u00f6rmek i\u00e7in 24\u00a0g\u00fcnl\u00fck\u00a0t\u00fcm alarm, ar\u0131za ve bak\u0131m olaylar\u0131n\u0131 kaydeder<\/div>\n<div><strong>\u2022 \u0130zleme:<\/strong>\u00a08 dedekt\u00f6r gaz konsantrasyonunun s\u00fcrekli izlenmesi<\/div>\n<div><strong>\u2022 Uzaktan \u0130zleme ve Kumanda:<\/strong>\u00a0\u00a0 Prosense Gaz \u0130zleme yaz\u0131l\u0131m\u0131 ile tek merkezde 16 adede kadar S-DP8 kontrol paneli izlenebilir.<\/div>\n<div><strong>\u2022 \u00c7e\u015fitlendirme:<\/strong>\u00a0Farkl\u0131 \u00f6l\u00e7\u00fcm aral\u0131klar\u0131ndaki (ppm, LEL, VOL) \u200b\u200bfarkl\u0131 gazlar ba\u011flanabilir<\/div>\n<div><strong>\u2022 G\u00f6vde:<\/strong>\u00a0IP66 koruma s\u0131n\u0131f\u0131 ile zorlu \u00e7evre ko\u015fullar\u0131nda PC (Polikarbonat) \u00fcst\u00fcn performans.<\/div>\n<div><strong>\u2022 G\u00f6rsel \/ \u0130\u015fitsel:<\/strong>\u00a0Her dedekt\u00f6r ve zil i\u00e7in Ba\u011f\u0131ms\u0131z Alarm ve Ar\u0131za LED g\u00f6stergeleri<\/div>\n<div><strong>\u2022 Mod\u00fcler:<\/strong>\u00a0Mod\u00fcler yap\u0131, kullan\u0131c\u0131ya \u00f6zel kuruluma izin verir ve bak\u0131m s\u0131ras\u0131nda verimlilik sa\u011flar.<\/div>\n","protected":false},"excerpt":{"rendered":"<p><img loading=\"lazy\" decoding=\"async\" class=\"alignnone wp-image-2773\" src=\"https:\/\/exzone.com.tr\/wp-content\/uploads\/2024\/04\/6456-7066-whatsapp_image_2020-06-24_at_11.png\" alt=\"\" width=\"100\" height=\"100\" srcset=\"https:\/\/exzone.com.tr\/wp-content\/uploads\/2024\/04\/6456-7066-whatsapp_image_2020-06-24_at_11.png 293w, https:\/\/exzone.com.tr\/wp-content\/uploads\/2024\/04\/6456-7066-whatsapp_image_2020-06-24_at_11-100x100.png 100w, https:\/\/exzone.com.tr\/wp-content\/uploads\/2024\/04\/6456-7066-whatsapp_image_2020-06-24_at_11-150x150.png 150w\" sizes=\"auto, (max-width: 100px) 100vw, 100px\" \/><img loading=\"lazy\" decoding=\"async\" class=\"alignnone wp-image-2774\" src=\"https:\/\/exzone.com.tr\/wp-content\/uploads\/2024\/04\/4487-9943-whatsapp_image_2020-06-24_at_11.png\" alt=\"\" width=\"100\" height=\"100\" srcset=\"https:\/\/exzone.com.tr\/wp-content\/uploads\/2024\/04\/4487-9943-whatsapp_image_2020-06-24_at_11.png 293w, https:\/\/exzone.com.tr\/wp-content\/uploads\/2024\/04\/4487-9943-whatsapp_image_2020-06-24_at_11-100x100.png 100w, https:\/\/exzone.com.tr\/wp-content\/uploads\/2024\/04\/4487-9943-whatsapp_image_2020-06-24_at_11-150x150.png 150w\" sizes=\"auto, (max-width: 100px) 100vw, 100px\" \/><\/p>\n<div class=\"wt-product-text\">\n<p>Prosense DP8, zorlu end\u00fcstriyel gereksinimleri kar\u015f\u0131layan yenilik\u00e7i bir gaz kontrol panelidir. Ortamlarda patlay\u0131c\u0131 (LEL), toksik (ppm, VOL) \u200b\u200bgaz i\u00e7eriklerinin izlenmesine olanak sa\u011flar. DP8 kontrol paneli, 8xAnalog 4-20 mA sinyal ile gaz dedekt\u00f6rlerini y\u00f6netebilir.<\/p>\n<\/div>\n<div class=\"product_meta\"><span class=\"sku_wrapper\">Marka: <span class=\"sku\">Prosense<\/span> <\/span><\/div>\n","protected":false},"featured_media":2785,"comment_status":"open","ping_status":"closed","template":"","meta":[],"product_brand":[],"product_cat":[84,268],"product_tag":[],"class_list":{"0":"post-2779","1":"product","2":"type-product","3":"status-publish","4":"has-post-thumbnail","6":"product_cat-exproof-gaz-dedektoru","7":"product_cat-gaz-kontrol-panelleri","9":"first","10":"instock","11":"shipping-taxable","12":"product-type-simple"},"acf":[],"_links":{"self":[{"href":"https:\/\/exzone.com.tr\/index.php\/wp-json\/wp\/v2\/product\/2779","targetHints":{"allow":["GET"]}}],"collection":[{"href":"https:\/\/exzone.com.tr\/index.php\/wp-json\/wp\/v2\/product"}],"about":[{"href":"https:\/\/exzone.com.tr\/index.php\/wp-json\/wp\/v2\/types\/product"}],"replies":[{"embeddable":true,"href":"https:\/\/exzone.com.tr\/index.php\/wp-json\/wp\/v2\/comments?post=2779"}],"wp:featuredmedia":[{"embeddable":true,"href":"https:\/\/exzone.com.tr\/index.php\/wp-json\/wp\/v2\/media\/2785"}],"wp:attachment":[{"href":"https:\/\/exzone.com.tr\/index.php\/wp-json\/wp\/v2\/media?parent=2779"}],"wp:term":[{"taxonomy":"product_brand","embeddable":true,"href":"https:\/\/exzone.com.tr\/index.php\/wp-json\/wp\/v2\/product_brand?post=2779"},{"taxonomy":"product_cat","embeddable":true,"href":"https:\/\/exzone.com.tr\/index.php\/wp-json\/wp\/v2\/product_cat?post=2779"},{"taxonomy":"product_tag","embeddable":true,"href":"https:\/\/exzone.com.tr\/index.php\/wp-json\/wp\/v2\/product_tag?post=2779"}],"curies":[{"name":"wp","href":"https:\/\/api.w.org\/{rel}","templated":true}]}}