{"id":2710,"date":"2023-09-12T01:51:44","date_gmt":"2023-09-11T22:51:44","guid":{"rendered":"https:\/\/exzone.com.tr\/?post_type=product&#038;p=2710"},"modified":"2023-09-12T01:53:14","modified_gmt":"2023-09-11T22:53:14","slug":"exproof-aluminyum-dokum-floresan-aydinlatma-armaturu","status":"publish","type":"product","link":"https:\/\/exzone.com.tr\/index.php\/urun\/exproof-aluminyum-dokum-floresan-aydinlatma-armaturu\/","title":{"rendered":"Exproof Aluminyum D\u00f6k\u00fcm Floresan Ayd\u0131nlatma Armat\u00fcr\u00fc"},"content":{"rendered":"<p>Zone 1 &#8211; Zone 2 Zone 21 &#8211; Zone 22<\/p>\n<p>II2G Ex d IIC T6 T4 \u00f7 Gb IP66\/67 Zone 1 &#8211; Zone 2 Zone 21 &#8211; Zone 22<br \/>\nII2D Ex tb IIIC T80 T130\u00b0C \u00f7 Db IP66\/67<br \/>\n-20\u00b0C +40\u00b0C , -20\u00b0C +60\u00b0C<\/p>\n<p><strong>Malzeme:<\/strong> Hafif ala\u015f\u0131ml\u0131 g\u00f6vde<br \/>\n<strong>\u015eeffaf k\u0131s\u0131m:<\/strong> Borosilikat cam<br \/>\n<strong>Kurulum:<\/strong> Paslanmaz \u00e7elik braketlerle<br \/>\n<strong>Vidalar:<\/strong> Paslanmaz \u00e7elik<br \/>\n<strong>Contalar:<\/strong> Silikon<br \/>\n<strong>Duy:<\/strong> Polikarbonat G13 veya G5 kapaklar<br \/>\n<strong>Kablo giri\u015fi:<\/strong> EVF: N \u00b0 3 \u00f83 \/ 4 &#8220;- EVFC: N \u00b0 2 \u00f83 \/ 4&#8221;<\/p>\n<p><strong>Voltaj:<\/strong> 230 [Vac] Talep \u00fczerine[110Vac \/ dc]<br \/>\n24..110 [Vac \/ dc] bkz. P8: LED&#8217;li EVF<br \/>\n<strong>G\u00fc\u00e7 fakt\u00f6r\u00fc:<\/strong> &gt; 0.9 Elektronik balastl\u0131 model<br \/>\n<strong>Ak\u00fc:<\/strong> Ni-Cd 3,6V 4Ah, iste\u011fe ba\u011fl\u0131 7Ah<br \/>\nYedek 18W (120 &#8216;) 36W (90&#8217;) 58W (60 &#8216;)<\/p>\n","protected":false},"excerpt":{"rendered":"<p>&nbsp;<\/p>\n<p>&nbsp;<\/p>\n<p>&nbsp;<\/p>\n","protected":false},"featured_media":2711,"comment_status":"open","ping_status":"closed","template":"","meta":[],"product_brand":[],"product_cat":[275],"product_tag":[],"class_list":{"0":"post-2710","1":"product","2":"type-product","3":"status-publish","4":"has-post-thumbnail","6":"product_cat-exproof-floresan-tip-aydinlatma","8":"first","9":"instock","10":"shipping-taxable","11":"product-type-simple"},"acf":[],"_links":{"self":[{"href":"https:\/\/exzone.com.tr\/index.php\/wp-json\/wp\/v2\/product\/2710","targetHints":{"allow":["GET"]}}],"collection":[{"href":"https:\/\/exzone.com.tr\/index.php\/wp-json\/wp\/v2\/product"}],"about":[{"href":"https:\/\/exzone.com.tr\/index.php\/wp-json\/wp\/v2\/types\/product"}],"replies":[{"embeddable":true,"href":"https:\/\/exzone.com.tr\/index.php\/wp-json\/wp\/v2\/comments?post=2710"}],"wp:featuredmedia":[{"embeddable":true,"href":"https:\/\/exzone.com.tr\/index.php\/wp-json\/wp\/v2\/media\/2711"}],"wp:attachment":[{"href":"https:\/\/exzone.com.tr\/index.php\/wp-json\/wp\/v2\/media?parent=2710"}],"wp:term":[{"taxonomy":"product_brand","embeddable":true,"href":"https:\/\/exzone.com.tr\/index.php\/wp-json\/wp\/v2\/product_brand?post=2710"},{"taxonomy":"product_cat","embeddable":true,"href":"https:\/\/exzone.com.tr\/index.php\/wp-json\/wp\/v2\/product_cat?post=2710"},{"taxonomy":"product_tag","embeddable":true,"href":"https:\/\/exzone.com.tr\/index.php\/wp-json\/wp\/v2\/product_tag?post=2710"}],"curies":[{"name":"wp","href":"https:\/\/api.w.org\/{rel}","templated":true}]}}