{"id":2573,"date":"2023-01-25T01:21:39","date_gmt":"2023-01-24T22:21:39","guid":{"rendered":"https:\/\/exzone.com.tr\/?post_type=product&#038;p=2573"},"modified":"2023-01-25T01:21:39","modified_gmt":"2023-01-24T22:21:39","slug":"tc-serisi-sarj-istasyonu-sebeke-adaptoru-dahil-tc-750","status":"publish","type":"product","link":"https:\/\/exzone.com.tr\/index.php\/urun\/tc-serisi-sarj-istasyonu-sebeke-adaptoru-dahil-tc-750\/","title":{"rendered":"TC Serisi \u015earj \u0130stasyonu (\u015febeke adapt\u00f6r\u00fc dahil) \u2013 TC-750"},"content":{"rendered":"<p>TC Series Charging Station (inc mains adaptor).<\/p>\n<p>TC Series<\/p>\n","protected":false},"excerpt":{"rendered":"<p>TC Series Charging Station (inc mains adaptor).<\/p>\n<p>TC Series<\/p>\n","protected":false},"featured_media":2574,"comment_status":"open","ping_status":"closed","template":"","meta":[],"product_brand":[],"product_cat":[256],"product_tag":[],"class_list":{"0":"post-2573","1":"product","2":"type-product","3":"status-publish","4":"has-post-thumbnail","6":"product_cat-exproof-aksesuarlar","8":"first","9":"instock","10":"shipping-taxable","11":"product-type-simple"},"acf":[],"_links":{"self":[{"href":"https:\/\/exzone.com.tr\/index.php\/wp-json\/wp\/v2\/product\/2573","targetHints":{"allow":["GET"]}}],"collection":[{"href":"https:\/\/exzone.com.tr\/index.php\/wp-json\/wp\/v2\/product"}],"about":[{"href":"https:\/\/exzone.com.tr\/index.php\/wp-json\/wp\/v2\/types\/product"}],"replies":[{"embeddable":true,"href":"https:\/\/exzone.com.tr\/index.php\/wp-json\/wp\/v2\/comments?post=2573"}],"wp:featuredmedia":[{"embeddable":true,"href":"https:\/\/exzone.com.tr\/index.php\/wp-json\/wp\/v2\/media\/2574"}],"wp:attachment":[{"href":"https:\/\/exzone.com.tr\/index.php\/wp-json\/wp\/v2\/media?parent=2573"}],"wp:term":[{"taxonomy":"product_brand","embeddable":true,"href":"https:\/\/exzone.com.tr\/index.php\/wp-json\/wp\/v2\/product_brand?post=2573"},{"taxonomy":"product_cat","embeddable":true,"href":"https:\/\/exzone.com.tr\/index.php\/wp-json\/wp\/v2\/product_cat?post=2573"},{"taxonomy":"product_tag","embeddable":true,"href":"https:\/\/exzone.com.tr\/index.php\/wp-json\/wp\/v2\/product_tag?post=2573"}],"curies":[{"name":"wp","href":"https:\/\/api.w.org\/{rel}","templated":true}]}}