{"id":2559,"date":"2023-01-25T01:13:40","date_gmt":"2023-01-24T22:13:40","guid":{"rendered":"https:\/\/exzone.com.tr\/?post_type=product&#038;p=2559"},"modified":"2023-01-25T01:13:40","modified_gmt":"2023-01-24T22:13:40","slug":"toughpix-digitherm-serisi-16gb-cordex-hafiza-karti-cdx16is","status":"publish","type":"product","link":"https:\/\/exzone.com.tr\/index.php\/urun\/toughpix-digitherm-serisi-16gb-cordex-hafiza-karti-cdx16is\/","title":{"rendered":"TOUGHPIX DIGITHERM SER\u0130S\u0130 16gb CorDEX Haf\u0131za Kart\u0131 \u2013 CDX16IS"},"content":{"rendered":"<div class=\"productContentTab productContentTab__description productTabs__tab__description\">\n<p>TOUGHPIX DIGITHERM Series 16gb Memory Card.<\/p>\n<\/div>\n","protected":false},"excerpt":{"rendered":"<p>TOUGHPIX DIGITHERM Series 16gb Memory Card.<\/p>\n","protected":false},"featured_media":2560,"comment_status":"open","ping_status":"closed","template":"","meta":[],"product_brand":[],"product_cat":[256],"product_tag":[],"class_list":{"0":"post-2559","1":"product","2":"type-product","3":"status-publish","4":"has-post-thumbnail","6":"product_cat-exproof-aksesuarlar","8":"first","9":"instock","10":"shipping-taxable","11":"product-type-simple"},"acf":[],"_links":{"self":[{"href":"https:\/\/exzone.com.tr\/index.php\/wp-json\/wp\/v2\/product\/2559","targetHints":{"allow":["GET"]}}],"collection":[{"href":"https:\/\/exzone.com.tr\/index.php\/wp-json\/wp\/v2\/product"}],"about":[{"href":"https:\/\/exzone.com.tr\/index.php\/wp-json\/wp\/v2\/types\/product"}],"replies":[{"embeddable":true,"href":"https:\/\/exzone.com.tr\/index.php\/wp-json\/wp\/v2\/comments?post=2559"}],"wp:featuredmedia":[{"embeddable":true,"href":"https:\/\/exzone.com.tr\/index.php\/wp-json\/wp\/v2\/media\/2560"}],"wp:attachment":[{"href":"https:\/\/exzone.com.tr\/index.php\/wp-json\/wp\/v2\/media?parent=2559"}],"wp:term":[{"taxonomy":"product_brand","embeddable":true,"href":"https:\/\/exzone.com.tr\/index.php\/wp-json\/wp\/v2\/product_brand?post=2559"},{"taxonomy":"product_cat","embeddable":true,"href":"https:\/\/exzone.com.tr\/index.php\/wp-json\/wp\/v2\/product_cat?post=2559"},{"taxonomy":"product_tag","embeddable":true,"href":"https:\/\/exzone.com.tr\/index.php\/wp-json\/wp\/v2\/product_tag?post=2559"}],"curies":[{"name":"wp","href":"https:\/\/api.w.org\/{rel}","templated":true}]}}