{"id":2554,"date":"2023-01-25T01:09:27","date_gmt":"2023-01-24T22:09:27","guid":{"rendered":"https:\/\/exzone.com.tr\/?post_type=product&#038;p=2554"},"modified":"2023-09-11T02:23:52","modified_gmt":"2023-09-10T23:23:52","slug":"toughpix-ii-akilli-sarj-cihazi-ve-teshis-istasyonu-cdx2410-500","status":"publish","type":"product","link":"https:\/\/exzone.com.tr\/index.php\/urun\/toughpix-ii-akilli-sarj-cihazi-ve-teshis-istasyonu-cdx2410-500\/","title":{"rendered":"ToughPIX II Ak\u0131ll\u0131 \u015earj Cihaz\u0131 ve Te\u015fhis \u0130stasyonu \u2013 CDX2410-500"},"content":{"rendered":"<div class=\"productContentTab productContentTab__description productTabs__tab__description\">\n<p>ToughPIX II Smart Charger and Diagnostic Station<\/p>\n<p>Compatible with ToughPIX II<\/p>\n<p>Battery not included<\/p>\n<\/div>\n","protected":false},"excerpt":{"rendered":"<p>ToughPIX II Smart Charger and Diagnostic Station<\/p>\n","protected":false},"featured_media":2555,"comment_status":"open","ping_status":"closed","template":"","meta":[],"product_brand":[],"product_cat":[256],"product_tag":[],"class_list":{"0":"post-2554","1":"product","2":"type-product","3":"status-publish","4":"has-post-thumbnail","6":"product_cat-exproof-aksesuarlar","8":"first","9":"instock","10":"shipping-taxable","11":"product-type-simple"},"acf":[],"_links":{"self":[{"href":"https:\/\/exzone.com.tr\/index.php\/wp-json\/wp\/v2\/product\/2554","targetHints":{"allow":["GET"]}}],"collection":[{"href":"https:\/\/exzone.com.tr\/index.php\/wp-json\/wp\/v2\/product"}],"about":[{"href":"https:\/\/exzone.com.tr\/index.php\/wp-json\/wp\/v2\/types\/product"}],"replies":[{"embeddable":true,"href":"https:\/\/exzone.com.tr\/index.php\/wp-json\/wp\/v2\/comments?post=2554"}],"wp:featuredmedia":[{"embeddable":true,"href":"https:\/\/exzone.com.tr\/index.php\/wp-json\/wp\/v2\/media\/2555"}],"wp:attachment":[{"href":"https:\/\/exzone.com.tr\/index.php\/wp-json\/wp\/v2\/media?parent=2554"}],"wp:term":[{"taxonomy":"product_brand","embeddable":true,"href":"https:\/\/exzone.com.tr\/index.php\/wp-json\/wp\/v2\/product_brand?post=2554"},{"taxonomy":"product_cat","embeddable":true,"href":"https:\/\/exzone.com.tr\/index.php\/wp-json\/wp\/v2\/product_cat?post=2554"},{"taxonomy":"product_tag","embeddable":true,"href":"https:\/\/exzone.com.tr\/index.php\/wp-json\/wp\/v2\/product_tag?post=2554"}],"curies":[{"name":"wp","href":"https:\/\/api.w.org\/{rel}","templated":true}]}}