{"id":2466,"date":"2023-01-25T00:13:55","date_gmt":"2023-01-24T21:13:55","guid":{"rendered":"https:\/\/exzone.com.tr\/?post_type=product&#038;p=2466"},"modified":"2023-09-11T01:50:51","modified_gmt":"2023-09-10T22:50:51","slug":"exproof-sarj-istasyonu-sebeke-adaptoru-dahil-cdx4700-323","status":"publish","type":"product","link":"https:\/\/exzone.com.tr\/index.php\/urun\/exproof-sarj-istasyonu-sebeke-adaptoru-dahil-cdx4700-323\/","title":{"rendered":"Exproof \u015earj \u0130stasyonu (\u015febeke adapt\u00f6r\u00fc dahil) CDX4700-323"},"content":{"rendered":"<p>Tehlikeli alanda bile ak\u0131ll\u0131 ve de\u011fi\u015ftirilebilir EXIS kendinden emniyetli ak\u00fc paketi ile tan\u0131\u015f\u0131n.<\/p>\n<p>Hi\u00e7 kendinden emniyetli bir aletin ak\u00fcs\u00fc bitti mi? Elbette, hepimiz ya\u015fad\u0131k. \u00c7ok az ki\u015finin fark\u0131nda oldu\u011fu \u015fey, ak\u00fc \u00e7\u0131kar\u0131labilir ise, tehlikeli olmayan bir yere geri d\u00f6nmeden nadiren \u00e7\u0131kar\u0131labilece\u011fidir; bu da sadece bir ak\u00fcy\u00fc de\u011fi\u015ftirmek i\u00e7in tehlikeli yere gidip gelmek i\u00e7in \u00f6nemli miktarda zaman kayb\u0131 anlam\u0131na gelebilir.<\/p>\n<p>Entegre ak\u00fcl\u00fc aletlerde bu sorun, aletin tehlikeli olmayan alana geri g\u00f6t\u00fcr\u00fclmesi ve ard\u0131ndan yeniden \u015farj edilmesi gerekti\u011fi i\u00e7in daha da artar ve bu s\u00fcre boyunca kullan\u0131lamaz hale gelir. \u00c7al\u0131\u015fmaya devam etmek istiyorsan\u0131z tek \u00e7\u00f6z\u00fcm ikinci bir alet sat\u0131n almakt\u0131r!<\/p>\n<p>Neyse ki, nihayet size zaman ve para kazand\u0131ran ve \u00e7al\u0131\u015fmaya devam etmenizi sa\u011flayan bir \u00e7\u00f6z\u00fcm var. CorDEX Instruments, EXIS Energy Ltd ile birlikte iki y\u0131l\u0131 a\u015fk\u0131n bir geli\u015ftirme s\u00fcrecinin ard\u0131ndan, Hot Swapping olarak bilinen tehlikeli alan i\u00e7inde g\u00fcvenli bir \u015fekilde \u00e7\u0131kar\u0131l\u0131p de\u011fi\u015ftirilebilen ultra uzun \u00f6m\u00fcrl\u00fc lityum iyon pillere sahip bir dizi alet yaratt\u0131. Kendinden Emniyetli sertifikal\u0131 bu aletler, g\u00fcn\u00fcm\u00fcz\u00fcn kendinden emniyetli olmayan elektrikli aletlerine benzer \u015fekilde EXIS ak\u0131ll\u0131 pil paketlerini birbirleri aras\u0131nda de\u011fi\u015ftirebilir.<\/p>\n<p>Art\u0131k \u00e7al\u0131\u015fma g\u00fcn\u00fcn\u00fcz tek bir ak\u00fcn\u00fcn \u00f6mr\u00fcyle s\u0131n\u0131rl\u0131 de\u011fil. Zone 1 Hotswap logosuna dikkat edin ve se\u00e7ti\u011finiz aletlerin i\u015f g\u00fcn\u00fcn\u00fcz\u00fc tan\u0131mlamak yerine sizin i\u00e7in \u00e7al\u0131\u015fmas\u0131n\u0131 sa\u011flay\u0131n.<\/p>\n","protected":false},"excerpt":{"rendered":"<p><img loading=\"lazy\" decoding=\"async\" class=\"alignnone size-medium wp-image-2469\" src=\"https:\/\/exzone.com.tr\/wp-content\/uploads\/2023\/01\/DropTest_Icon.png\" alt=\"\" width=\"25\" height=\"25\" \/> <img loading=\"lazy\" decoding=\"async\" class=\"alignnone size-medium wp-image-2470\" src=\"https:\/\/exzone.com.tr\/wp-content\/uploads\/2023\/01\/Exis_logo.png\" alt=\"\" width=\"77\" height=\"25\" \/> <img loading=\"lazy\" decoding=\"async\" class=\"alignnone size-medium wp-image-2471\" src=\"https:\/\/exzone.com.tr\/wp-content\/uploads\/2023\/01\/Icon_IP54.png\" alt=\"\" width=\"22\" height=\"25\" \/> <img loading=\"lazy\" decoding=\"async\" class=\"alignnone size-medium wp-image-2472\" src=\"https:\/\/exzone.com.tr\/wp-content\/uploads\/2023\/01\/Icon_IS.png\" alt=\"\" width=\"24\" height=\"25\" \/><\/p>\n<p><img loading=\"lazy\" decoding=\"async\" class=\"alignnone size-full wp-image-2371\" src=\"https:\/\/exzone.com.tr\/wp-content\/uploads\/2023\/01\/Queens_Award_Logo_CMYK_White-1.png\" alt=\"\" width=\"19\" height=\"25\" \/> <img loading=\"lazy\" decoding=\"async\" class=\"alignnone size-full wp-image-2294\" src=\"https:\/\/exzone.com.tr\/wp-content\/uploads\/2023\/01\/CorDEX_ATEX_Logo.png\" alt=\"\" width=\"30\" height=\"25\" \/> <img loading=\"lazy\" decoding=\"async\" class=\"alignnone size-full wp-image-2296\" src=\"https:\/\/exzone.com.tr\/wp-content\/uploads\/2023\/01\/IECEx_Logo.jpg\" alt=\"\" width=\"25\" height=\"25\" \/><\/p>\n<p>EXIS Charging Station<\/p>\n<p>The CorDEX charging station includes a main adapter to keep your EXIS fully charged. The station is ATEX and IECEx certified so is rigorously tested to guarantee its performance in hazardous environments.<br \/>\nThe charging station works alongside the smart EXIS powerpacks via Bluetooth. Various types of battery data can be viewed such as battery health, charge state and much more all via a dedicated PC application.<\/p>\n<p>CorDEX\u00ae<br \/>\nThe brand new CorDEX portable, safe torching solutions transform the market with best in class functionality and world-renowned ruggedness.<\/p>\n","protected":false},"featured_media":2467,"comment_status":"open","ping_status":"closed","template":"","meta":[],"product_brand":[],"product_cat":[255],"product_tag":[],"class_list":{"0":"post-2466","1":"product","2":"type-product","3":"status-publish","4":"has-post-thumbnail","6":"product_cat-exproof-aydinlatma","8":"first","9":"instock","10":"shipping-taxable","11":"product-type-simple"},"acf":[],"_links":{"self":[{"href":"https:\/\/exzone.com.tr\/index.php\/wp-json\/wp\/v2\/product\/2466","targetHints":{"allow":["GET"]}}],"collection":[{"href":"https:\/\/exzone.com.tr\/index.php\/wp-json\/wp\/v2\/product"}],"about":[{"href":"https:\/\/exzone.com.tr\/index.php\/wp-json\/wp\/v2\/types\/product"}],"replies":[{"embeddable":true,"href":"https:\/\/exzone.com.tr\/index.php\/wp-json\/wp\/v2\/comments?post=2466"}],"wp:featuredmedia":[{"embeddable":true,"href":"https:\/\/exzone.com.tr\/index.php\/wp-json\/wp\/v2\/media\/2467"}],"wp:attachment":[{"href":"https:\/\/exzone.com.tr\/index.php\/wp-json\/wp\/v2\/media?parent=2466"}],"wp:term":[{"taxonomy":"product_brand","embeddable":true,"href":"https:\/\/exzone.com.tr\/index.php\/wp-json\/wp\/v2\/product_brand?post=2466"},{"taxonomy":"product_cat","embeddable":true,"href":"https:\/\/exzone.com.tr\/index.php\/wp-json\/wp\/v2\/product_cat?post=2466"},{"taxonomy":"product_tag","embeddable":true,"href":"https:\/\/exzone.com.tr\/index.php\/wp-json\/wp\/v2\/product_tag?post=2466"}],"curies":[{"name":"wp","href":"https:\/\/api.w.org\/{rel}","templated":true}]}}