{"id":2464,"date":"2023-01-25T00:07:33","date_gmt":"2023-01-24T21:07:33","guid":{"rendered":"https:\/\/exzone.com.tr\/?post_type=product&#038;p=2464"},"modified":"2023-09-11T02:25:36","modified_gmt":"2023-09-10T23:25:36","slug":"cordex-baglanti-yazilimi-2","status":"publish","type":"product","link":"https:\/\/exzone.com.tr\/index.php\/urun\/cordex-baglanti-yazilimi-2\/","title":{"rendered":"CorDEX BA\u011eLANTI Yaz\u0131l\u0131m\u0131"},"content":{"rendered":"<div class=\"productContentTab productContentTab__description productTabs__tab__description\">\n<p class=\"p1\">CorDEX CONNECT enables engineers,\u00a0technician and maintenance managers to\u00a0build and sustain successful maintenance\u00a0programs, combining multiple\u00a0measurement tools in one simple to use,\u00a0yet powerful database reporting package.<\/p>\n<p class=\"p2\">Using 13.5Mhz RFID tags, CorDEX CONNECT\u00a0automatically organises your measurement data,\u00a0saving you valuable time and money. Using this\u00a0revolutionary, cross platform package, the status of\u00a0your assets can be assessed and reported almost\u00a0instantaneously.<\/p>\n<h2 class=\"p2\">Why CorDEX CONNECT?<\/h2>\n<p class=\"p1\">Whether you are looking to establish preventive or\u00a0condition-based practices or simply maximise uptime,\u00a0you can now do it with minimal investment and setup.<\/p>\n<p class=\"p2\"><span class=\"s1\">\u2022\u00a0<\/span>Combine images, measurements and data into a single\u00a0picture of your assets\u2019 health using RFID technology.<\/p>\n<p class=\"p2\"><span class=\"s1\">\u2022\u00a0<\/span>Quick return on investment. Designed for easy installation\u00a0and setup without involving your IT team.<\/p>\n<h2 class=\"p2\">What products are compatible?<\/h2>\n<ul>\n<li><strong>TC7000\/TC7150<\/strong>\u00a0\u2013 Tough,\u00a0safe and accurate,\u00a0<strong>TC7000<\/strong>\u00a0is the\u00a0<strong>thermal imaging camera<\/strong>\u00a0of\u00a0choice for oil, gas mining, marine\u00a0and dust environments.<\/li>\n<li><strong>IW Series<\/strong>\u00a0\u2013\u00a0The latest generation of\u00a0<strong>SMART Infrared Windows<\/strong>\u00a0for\u00a0<strong>low, medium and high<\/strong>\u00a0voltage applications.<\/li>\n<li><strong>UT5000<\/strong>\u00a0\u2013 Non-invasive, next generation thickness gauge,\u00a0<strong>UT5000<\/strong>\u00a0is the\u00a0<strong>thickness gauge<\/strong>\u00a0of choice for rugged environments.<\/li>\n<li><strong>ToughPIX TRIDENT<\/strong>\u00a0\u2013\u00a0The\u00a0<strong>TOUGHPIX II TRIDENT EDITION\u00a0Explosion Proof Digital Camera<\/strong>\u00a0is\u00a0designed and certified with the\u00a0professional inspector in mind.<\/li>\n<\/ul>\n<\/div>\n<div class=\"productBottomButtons\"><\/div>\n","protected":false},"excerpt":{"rendered":"<p>Oversee your complex world with\u00a0a system of software and wireless\u00a0tools that help you prevent\u00a0equipment failure.\u00a0Multiple tools, one software\u00a0package. With CorDEX CONNECT\u2122\u00a0the onerous task of organising\u00a0inspection data is fully automated. With its\u00a0enabled\u00a0tools, you can seamlessly\u00a0compare, trend and analyse\u00a0information, all in one cross\u00a0platform software package.<\/p>\n","protected":false},"featured_media":2465,"comment_status":"open","ping_status":"closed","template":"","meta":[],"product_brand":[],"product_cat":[254],"product_tag":[],"class_list":{"0":"post-2464","1":"product","2":"type-product","3":"status-publish","4":"has-post-thumbnail","6":"product_cat-exproof-ultrasonik-test-cihazlari","8":"first","9":"instock","10":"shipping-taxable","11":"product-type-simple"},"acf":[],"_links":{"self":[{"href":"https:\/\/exzone.com.tr\/index.php\/wp-json\/wp\/v2\/product\/2464","targetHints":{"allow":["GET"]}}],"collection":[{"href":"https:\/\/exzone.com.tr\/index.php\/wp-json\/wp\/v2\/product"}],"about":[{"href":"https:\/\/exzone.com.tr\/index.php\/wp-json\/wp\/v2\/types\/product"}],"replies":[{"embeddable":true,"href":"https:\/\/exzone.com.tr\/index.php\/wp-json\/wp\/v2\/comments?post=2464"}],"wp:featuredmedia":[{"embeddable":true,"href":"https:\/\/exzone.com.tr\/index.php\/wp-json\/wp\/v2\/media\/2465"}],"wp:attachment":[{"href":"https:\/\/exzone.com.tr\/index.php\/wp-json\/wp\/v2\/media?parent=2464"}],"wp:term":[{"taxonomy":"product_brand","embeddable":true,"href":"https:\/\/exzone.com.tr\/index.php\/wp-json\/wp\/v2\/product_brand?post=2464"},{"taxonomy":"product_cat","embeddable":true,"href":"https:\/\/exzone.com.tr\/index.php\/wp-json\/wp\/v2\/product_cat?post=2464"},{"taxonomy":"product_tag","embeddable":true,"href":"https:\/\/exzone.com.tr\/index.php\/wp-json\/wp\/v2\/product_tag?post=2464"}],"curies":[{"name":"wp","href":"https:\/\/api.w.org\/{rel}","templated":true}]}}