{"id":2409,"date":"2023-01-24T23:26:35","date_gmt":"2023-01-24T20:26:35","guid":{"rendered":"https:\/\/exzone.com.tr\/?post_type=product&#038;p=2409"},"modified":"2023-01-24T23:27:38","modified_gmt":"2023-01-24T20:27:38","slug":"atex-ve-iecex-onayli-patlama-korumali-dijital-fotograf-makinesi-toughpix-ii-trident-edition","status":"publish","type":"product","link":"https:\/\/exzone.com.tr\/index.php\/urun\/atex-ve-iecex-onayli-patlama-korumali-dijital-fotograf-makinesi-toughpix-ii-trident-edition\/","title":{"rendered":"ATEX ve IECEx Onayl\u0131 Patlama Korumal\u0131 Dijital Foto\u011fraf Makinesi: ToughPIX II TRIDENT EDITION"},"content":{"rendered":"<p>The ToughPIX II\u00a0TRIDENT EDITION\u00a0Explosion Proof\u00a0Digital Camera\u00a0is designed and\u00a0certified with\u00a0the professional\u00a0inspector in mind.<\/p>\n<p class=\"p1\">You need a digital camera that\u2019s\u00a0tough, because that\u2019s the world\u00a0you work in. You need a digital\u00a0camera that will shake off the trials\u00a0of working in a hazardous location\u00a0and still keep functioning. You need\u00a0a digital camera that is certified to\u00a0be safe to use. You need a digital\u00a0camera that is Tough, Reliable and\u00a0Certified, you need ToughPIX II\u00a0TRIDENT EDITION explosion proof\u00a0compact digital SLR.<\/p>\n<p class=\"p1\">The ToughPIX II TRIDENT EDITION is\u00a0ATEX certified Ex d IIB+H2 T6 Gb\u00a0\/ II2G Gb T6, for use in hazardous\u00a0areas ensures it can go safely\u00a0where most cameras and phones\u00a0cannot.<\/p>\n<p class=\"p1\">With its high intensity on board\u00a0strobe flash, ToughPIX II TRIDENT\u00a0EDITION lights up the darkest\u00a0areas making high quality digital\u00a0imagery easier and clearer than\u00a0ever. Coupled with 5x optical\u00a0zoom, 4x digital zoom, anti-shake\u00a0technology and additional close-up\u00a0macro lenses, ToughPIX II TRIDENT\u00a0EDITION gives you the flexibility you\u00a0need to do your job, any job and get\u00a0the results you need.<\/p>\n<h2 class=\"p1\">Features<\/h2>\n<ul>\n<li class=\"p1\">ATEX and IECEx Certified\u00a0for Zone 1 IIB+H2 T6\u00a0explosive (vapour)\u00a0atmospheres<\/li>\n<li class=\"p1\">16 megapixel SLR style\u00a0with armoured 2.7\u201d LCD\u00a0screen<\/li>\n<li class=\"p1\">16GB memory and High\u00a0Definition video<\/li>\n<li class=\"p1\">Macro, Auto-focus, Anti-shake,\u00a05x Optical and 4x\u00a0digital zoom\u00a0Reporting capability\u00a0through CorDEX\u00a0CONNECT\u2122<\/li>\n<li class=\"p1\">Powerful LED flash for low light imaging<\/li>\n<li class=\"p1\">Sleek and rugged SLR design<\/li>\n<li class=\"p1\">Soft touch buttons for ease of use<\/li>\n<li class=\"p1\">Energy Optimisation Pack<\/li>\n<li class=\"p1\">Toshiba FlashAir\u2122 \u2013 for use in non-hazardous locations only<\/li>\n<\/ul>\n","protected":false},"excerpt":{"rendered":"<p><img loading=\"lazy\" decoding=\"async\" class=\"alignnone size-full wp-image-2367\" src=\"https:\/\/exzone.com.tr\/wp-content\/uploads\/2023\/01\/connect-1.png\" alt=\"\" width=\"128\" height=\"25\" \/><img loading=\"lazy\" decoding=\"async\" class=\"alignnone size-full wp-image-2410\" src=\"https:\/\/exzone.com.tr\/wp-content\/uploads\/2023\/01\/EOP_Logo_158CWhite_Web.png\" alt=\"\" width=\"23\" height=\"50\" \/><img loading=\"lazy\" decoding=\"async\" class=\"alignnone size-full wp-image-2411\" src=\"https:\/\/exzone.com.tr\/wp-content\/uploads\/2023\/01\/WirelessLAN_Logo_White.png\" alt=\"\" width=\"43\" height=\"50\" \/><\/p>\n<p><img loading=\"lazy\" decoding=\"async\" class=\"alignnone size-full wp-image-2371\" src=\"https:\/\/exzone.com.tr\/wp-content\/uploads\/2023\/01\/Queens_Award_Logo_CMYK_White-1.png\" alt=\"\" width=\"19\" height=\"25\" \/><img loading=\"lazy\" decoding=\"async\" class=\"alignnone size-full wp-image-2294\" src=\"https:\/\/exzone.com.tr\/wp-content\/uploads\/2023\/01\/CorDEX_ATEX_Logo.png\" alt=\"\" width=\"30\" height=\"25\" \/> <img loading=\"lazy\" decoding=\"async\" class=\"alignnone size-full wp-image-2295\" src=\"https:\/\/exzone.com.tr\/wp-content\/uploads\/2023\/01\/IEC_Logo.jpg\" alt=\"\" width=\"25\" height=\"25\" \/> <img loading=\"lazy\" decoding=\"async\" class=\"alignnone size-full wp-image-2296\" src=\"https:\/\/exzone.com.tr\/wp-content\/uploads\/2023\/01\/IECEx_Logo.jpg\" alt=\"\" width=\"25\" height=\"25\" \/><\/p>\n<p class=\"p1\">With its full colour armoured display, and its\u00a0IP54 industrial protection rating, ToughPIX\u00a0II TRIDENT EDITION allows you to record and\u00a0playback pictures and video in the field in\u00a0the most demanding industrial environments.<\/p>\n","protected":false},"featured_media":2414,"comment_status":"open","ping_status":"closed","template":"","meta":[],"product_brand":[],"product_cat":[79],"product_tag":[],"class_list":{"0":"post-2409","1":"product","2":"type-product","3":"status-publish","4":"has-post-thumbnail","6":"product_cat-genel","8":"first","9":"instock","10":"shipping-taxable","11":"product-type-simple"},"acf":[],"_links":{"self":[{"href":"https:\/\/exzone.com.tr\/index.php\/wp-json\/wp\/v2\/product\/2409","targetHints":{"allow":["GET"]}}],"collection":[{"href":"https:\/\/exzone.com.tr\/index.php\/wp-json\/wp\/v2\/product"}],"about":[{"href":"https:\/\/exzone.com.tr\/index.php\/wp-json\/wp\/v2\/types\/product"}],"replies":[{"embeddable":true,"href":"https:\/\/exzone.com.tr\/index.php\/wp-json\/wp\/v2\/comments?post=2409"}],"wp:featuredmedia":[{"embeddable":true,"href":"https:\/\/exzone.com.tr\/index.php\/wp-json\/wp\/v2\/media\/2414"}],"wp:attachment":[{"href":"https:\/\/exzone.com.tr\/index.php\/wp-json\/wp\/v2\/media?parent=2409"}],"wp:term":[{"taxonomy":"product_brand","embeddable":true,"href":"https:\/\/exzone.com.tr\/index.php\/wp-json\/wp\/v2\/product_brand?post=2409"},{"taxonomy":"product_cat","embeddable":true,"href":"https:\/\/exzone.com.tr\/index.php\/wp-json\/wp\/v2\/product_cat?post=2409"},{"taxonomy":"product_tag","embeddable":true,"href":"https:\/\/exzone.com.tr\/index.php\/wp-json\/wp\/v2\/product_tag?post=2409"}],"curies":[{"name":"wp","href":"https:\/\/api.w.org\/{rel}","templated":true}]}}