{"id":2387,"date":"2023-01-24T21:20:23","date_gmt":"2023-01-24T18:20:23","guid":{"rendered":"https:\/\/exzone.com.tr\/?post_type=product&#038;p=2387"},"modified":"2023-01-24T21:20:23","modified_gmt":"2023-01-24T18:20:23","slug":"smart-kizilotesi-pencere-iw2000-50mm-2","status":"publish","type":"product","link":"https:\/\/exzone.com.tr\/index.php\/urun\/smart-kizilotesi-pencere-iw2000-50mm-2\/","title":{"rendered":"SMART K\u0131z\u0131l\u00f6tesi Pencere \u2013 IW2000, 50mm (2\u201d)"},"content":{"rendered":"<p>The IW Series is manufactured\u00a0from industrial grade materials\u00a0designed to withstand electrical\u00a0arcs and certified by Underwritten\u00a0Laboratories (UL) to follow the very\u00a0latest IR window standards. Install\u00a0the certified, IW Series SMART\u00a0IR Windows to help comply with\u00a0NFPA70E electrical safety guidelines\u00a0and reduce the need to wear large\u00a0and bulky PPE.<\/p>\n<p class=\"p1\">Take a look before you shoot with\u00a0the high security, spring loaded\u00a0impact cover. With IW Series,\u00a0there is no need for second visual\u00a0inspection windows in addition\u00a0to your IR Windows, as you can\u00a0confirm switch positions for lock-out\u00a0tag-out compliance with the same\u00a0Window as you shoot IR. Maximise\u00a0your investment, don\u2019t throw away\u00a0your IR Windows when you change\u00a0your equipment. The fully removable\u00a0IW Series IR Windows can be used\u00a0again and again, outliving the life of\u00a0your equipment.<\/p>\n<p class=\"p1\">Through intelligent design and\u00a0special features, the IW Series\u00a0reduces the time it takes to perform\u00a0inspections. With the 1\/4 turn locking\u00a0system and spring loaded cover it\u00a0reduces your time per inspection.<\/p>\n<p class=\"p1\">The IW Series crystal lens is also\u00a0protected with HYDROGARD\u2122 advanced formula to stop\u00a0environmental moisture damage\u00a0allowing the windows to be used\u00a0both indoor and outdoor.<\/p>\n<h2 class=\"p1\">Features<\/h2>\n<ul>\n<li class=\"p1\">The IW Series are fully\u00a0certified and tested to the\u00a0following standards: UL50,\u00a0UL50V and UL1558<\/li>\n<li class=\"p1\">Manufactured from\u00a0industrial grade materials\u00a0proven to withstand\u00a0electric arcs<\/li>\n<li class=\"p1\">Efficient 1\/4 turn locking\u00a0system<\/li>\n<li class=\"p1\">Intelligent multiple\u00a0identification system foreach individual window<\/li>\n<li class=\"p1\">Arc flash tested against\u00a0a 50kA short circuit for 1\u00a0second at 11kV<\/li>\n<li class=\"p1\">Embedded RFID chip enables open-architecture databasing with any compatible RFID enable device<\/li>\n<li class=\"p1\">CorDEX CONNECT\u2122 compatible for automatic transmission correct and reporting<\/li>\n<li class=\"p1\">HYDROGARD\u2122 coated broadband optic, impervious to moisture, mild acids and alkalis \u2013 guaranteed<\/li>\n<li class=\"p1\">Spring loaded impact cover, automatically raises and holds during your IR scan in any orientation<\/li>\n<li class=\"p1\">Compatible with other SMART tools, saving you time and money<\/li>\n<\/ul>\n<h2>Optic and Crystal Data<\/h2>\n<ul>\n<li>Crystal Insert Diameter \u2013\u00a050mm (2in)<\/li>\n<li>Viewing aperture diameter \u2013\u00a045mm (1.8in)<\/li>\n<li>Viewing aperture area \u2013\u00a01591mm\u00b2 (2.5in\u00b2)<\/li>\n<li>Thickness \u2013\u00a02mm (0.08in)<\/li>\n<\/ul>\n<h2>Why choose our SMART Infrared Windows?<\/h2>\n<p><iframe loading=\"lazy\" src=\"https:\/\/www.youtube.com\/embed\/64v3wJ3dGBw?rel=0\" width=\"640\" height=\"360\" frameborder=\"0\" allowfullscreen=\"allowfullscreen\" data-mce-fragment=\"1\"><\/iframe><\/p>\n","protected":false},"excerpt":{"rendered":"<p><img loading=\"lazy\" decoding=\"async\" class=\"alignnone size-full wp-image-2367\" src=\"https:\/\/exzone.com.tr\/wp-content\/uploads\/2023\/01\/connect-1.png\" alt=\"\" width=\"128\" height=\"25\" \/><img loading=\"lazy\" decoding=\"async\" class=\"alignnone size-full wp-image-2368\" src=\"https:\/\/exzone.com.tr\/wp-content\/uploads\/2023\/01\/CorDEX_HydroGARD_Identity_BlackBox-25.png\" alt=\"\" width=\"138\" height=\"25\" \/><\/p>\n[gallery ids=\"2369,2370,2371,2372\"]\n<p>Designed for when space is at a premium, this small, 50mm (2\u201d) SMART IR Window can be installed into locations where many cannot. With its spring loaded cover the IW2000 can be installed in any orientation to make way for many of the obstructions typically found in low voltage panel boards and motor control centres.<\/p>\n","protected":false},"featured_media":2388,"comment_status":"open","ping_status":"closed","template":"","meta":[],"product_brand":[],"product_cat":[252],"product_tag":[],"class_list":{"0":"post-2387","1":"product","2":"type-product","3":"status-publish","4":"has-post-thumbnail","6":"product_cat-kizilotesi-ir-pencereler","8":"first","9":"instock","10":"shipping-taxable","11":"product-type-simple"},"acf":[],"_links":{"self":[{"href":"https:\/\/exzone.com.tr\/index.php\/wp-json\/wp\/v2\/product\/2387","targetHints":{"allow":["GET"]}}],"collection":[{"href":"https:\/\/exzone.com.tr\/index.php\/wp-json\/wp\/v2\/product"}],"about":[{"href":"https:\/\/exzone.com.tr\/index.php\/wp-json\/wp\/v2\/types\/product"}],"replies":[{"embeddable":true,"href":"https:\/\/exzone.com.tr\/index.php\/wp-json\/wp\/v2\/comments?post=2387"}],"wp:featuredmedia":[{"embeddable":true,"href":"https:\/\/exzone.com.tr\/index.php\/wp-json\/wp\/v2\/media\/2388"}],"wp:attachment":[{"href":"https:\/\/exzone.com.tr\/index.php\/wp-json\/wp\/v2\/media?parent=2387"}],"wp:term":[{"taxonomy":"product_brand","embeddable":true,"href":"https:\/\/exzone.com.tr\/index.php\/wp-json\/wp\/v2\/product_brand?post=2387"},{"taxonomy":"product_cat","embeddable":true,"href":"https:\/\/exzone.com.tr\/index.php\/wp-json\/wp\/v2\/product_cat?post=2387"},{"taxonomy":"product_tag","embeddable":true,"href":"https:\/\/exzone.com.tr\/index.php\/wp-json\/wp\/v2\/product_tag?post=2387"}],"curies":[{"name":"wp","href":"https:\/\/api.w.org\/{rel}","templated":true}]}}