{"id":2345,"date":"2023-01-24T19:12:19","date_gmt":"2023-01-24T16:12:19","guid":{"rendered":"https:\/\/exzone.com.tr\/?post_type=product&#038;p=2345"},"modified":"2023-01-24T19:12:19","modified_gmt":"2023-01-24T16:12:19","slug":"panel-montajli-termal-goruntuleyici-mn4000","status":"publish","type":"product","link":"https:\/\/exzone.com.tr\/index.php\/urun\/panel-montajli-termal-goruntuleyici-mn4000\/","title":{"rendered":"Panel Montajl\u0131 Termal G\u00f6r\u00fcnt\u00fcleyici MN4000"},"content":{"rendered":"<p><em><strong>Protect your assets<\/strong><\/em><\/p>\n<p>Ensure you never miss a problem again, monitor your electrical assets 24x7x365 with the MN4000\u00a0<em>Panel Mounted Thermal Imager<\/em>\u00a0from CorDEX. Permanently installed into your electrical equipment, MN4000 provides continuous thermal monitoring, accessible using anything from a PLC control system to its onboard webserver with an everyday web browser.<\/p>\n<p><em><strong>Safety<\/strong><\/em><\/p>\n<p>Traditional IR Windows are \u201crisk reduction\u201d devices, they reduce the risk of an arc-flash being triggered by leaving the electrical equipment in its steady state, but, the risk still remains. What if an arc-flash occurs during an inspection? Even with an IR Window, the results could be fatal.<\/p>\n<p>With MN4000, not only is your thermographer never exposed to live equipment, the inspection could be undertaken without ever leaving the office. Onboard alarms can be configured to alert your infrared professional of a potential problem which can be inspected and diagnosed in absolute safety.<\/p>\n<p><strong><em>Standard PLC Code Provided<\/em><\/strong><\/p>\n<p>No need to write complex Modbus\/TCP communications code or analysis functions, at CorDEX we have already done the heavy lifting for you!<\/p>\n<p>Incorporating the industrial communication protocol Modbus\/TCP, MN4000 is provided with prewritten PLC Function Blocks for major manufacturers to enable rapid integration with either an existing or new PLC network. Simply select the PLC manufacturer from the Support List, drop in the Function Block you require and you are ready to program.<\/p>\n<p><em><strong>Simple Installation<\/strong><\/em><\/p>\n<p>100% retro-fittable into CorDEX IW 4000 mounting pattern, MN4000 chassis is mounted into the panel; 24VDC connected along with an Ethernet connection, slot in the camera package\u00a0and you\u2019re in business. The camera package can then be removed and replaced without shutting down your equipment.<\/p>\n<p>Adaptor plates for common IR Windows are available as custom options, please contact us for more information.<\/p>\n","protected":false},"excerpt":{"rendered":"<p>Never miss an electrical problem again, with the MN4000 Panel Mounted Thermal Imager. Incorporating dual vision; thermal and visual cameras, MN4000 captures fully radiometric data every second. Don\u2019t waste time travelling from location to location, log into your MN4000 remotely and inspect a panel from your office using its onboard web server or using the dedicated MONITIR software. MN4000 can also be incorporated into a PLC or SCADA based network with its Industrial MODBUS\/TCP communications protocol, enabling greater control and integration into your existing plant control network.<\/p>\n","protected":false},"featured_media":2346,"comment_status":"open","ping_status":"closed","template":"","meta":[],"product_brand":[],"product_cat":[248],"product_tag":[],"class_list":{"0":"post-2345","1":"product","2":"type-product","3":"status-publish","4":"has-post-thumbnail","6":"product_cat-exproof-kamera-goruntuleme","8":"first","9":"instock","10":"shipping-taxable","11":"product-type-simple"},"acf":[],"_links":{"self":[{"href":"https:\/\/exzone.com.tr\/index.php\/wp-json\/wp\/v2\/product\/2345","targetHints":{"allow":["GET"]}}],"collection":[{"href":"https:\/\/exzone.com.tr\/index.php\/wp-json\/wp\/v2\/product"}],"about":[{"href":"https:\/\/exzone.com.tr\/index.php\/wp-json\/wp\/v2\/types\/product"}],"replies":[{"embeddable":true,"href":"https:\/\/exzone.com.tr\/index.php\/wp-json\/wp\/v2\/comments?post=2345"}],"wp:featuredmedia":[{"embeddable":true,"href":"https:\/\/exzone.com.tr\/index.php\/wp-json\/wp\/v2\/media\/2346"}],"wp:attachment":[{"href":"https:\/\/exzone.com.tr\/index.php\/wp-json\/wp\/v2\/media?parent=2345"}],"wp:term":[{"taxonomy":"product_brand","embeddable":true,"href":"https:\/\/exzone.com.tr\/index.php\/wp-json\/wp\/v2\/product_brand?post=2345"},{"taxonomy":"product_cat","embeddable":true,"href":"https:\/\/exzone.com.tr\/index.php\/wp-json\/wp\/v2\/product_cat?post=2345"},{"taxonomy":"product_tag","embeddable":true,"href":"https:\/\/exzone.com.tr\/index.php\/wp-json\/wp\/v2\/product_tag?post=2345"}],"curies":[{"name":"wp","href":"https:\/\/api.w.org\/{rel}","templated":true}]}}