{"id":2313,"date":"2023-01-24T18:04:06","date_gmt":"2023-01-24T15:04:06","guid":{"rendered":"https:\/\/exzone.com.tr\/?post_type=product&#038;p=2313"},"modified":"2023-09-11T02:29:13","modified_gmt":"2023-09-10T23:29:13","slug":"nrtl-listeli-kizilotesi-kamera-tc7150","status":"publish","type":"product","link":"https:\/\/exzone.com.tr\/index.php\/urun\/nrtl-listeli-kizilotesi-kamera-tc7150\/","title":{"rendered":"NRTL Listeli K\u0131z\u0131l\u00f6tesi Kamera TC7150"},"content":{"rendered":"<div class=\"productContentTab productContentTab__description productTabs__tab__description\">\n<h2>Description<\/h2>\n<p>You need troubleshooting tools\u00a0that are rugged, reliable, efficient\u00a0and accurate. Tools that can help\u00a0you detect problems fast and\u00a0communicate them easily to your\u00a0team. That\u2019s what the CorDEX TCSERIES\u00a0Intrinsically safe cameras\u00a0do. They give you the ability to see\u00a0heat and detect problems before\u00a0they happen. All from a tool that is\u00a0virtually indestructible in everyday\u00a0use.<\/p>\n<p class=\"p1\">With its Intrinsically Safe\u00a0certification when it comes to\u00a0Rugged, TC-Series sets the bar. IP54\u00a0Ingress Protection rated, you can be\u00a0sure these cameras will continue to\u00a0operate in any weather, day or night.\u00a0Concerned about your valuable tool\u00a0being dropped and damaged? Don\u2019t\u00a0be, TC-Series has been tested and\u00a0certified as having passed a 3\u2019\/1m\u00a0drop onto concrete at a temperature\u00a0of -20C. Three times!<\/p>\n<h2 class=\"p1\">Features<\/h2>\n<ul>\n<li class=\"p1\">Intrinsically safe certified.\u00a0Safe, Reliable and above\u00a0all, Rugged<\/li>\n<li class=\"p1\">High speed, articulating\u00a0lens. Shoot high quality\u00a0images over, under and\u00a0around obstacles<\/li>\n<li class=\"p1\">Onboard RFID tag reader.\u00a0Assign images to RFID\u00a0tags and automatically\u00a0create reports, manage\u00a0data and create trends<\/li>\n<\/ul>\n<h2>Why choose our intrinsically safe thermal imaging camera?<\/h2>\n<p><iframe loading=\"lazy\" src=\"https:\/\/www.youtube.com\/embed\/ZWTX65PxXEM?rel=0\" width=\"640\" height=\"360\" frameborder=\"0\" allowfullscreen=\"allowfullscreen\" data-mce-fragment=\"1\"><\/iframe><\/p>\n<\/div>\n","protected":false},"excerpt":{"rendered":"<p><img loading=\"lazy\" decoding=\"async\" class=\"alignnone size-full wp-image-2265\" src=\"https:\/\/exzone.com.tr\/wp-content\/uploads\/2023\/01\/connect.png\" alt=\"\" width=\"128\" height=\"25\" \/><img loading=\"lazy\" decoding=\"async\" class=\"alignnone size-full wp-image-2266\" src=\"https:\/\/exzone.com.tr\/wp-content\/uploads\/2023\/01\/met.png\" alt=\"\" width=\"25\" height=\"26\" \/><\/p>\n<p>The TC7150 is a high performance 320 x 240 radiometric infrared camera which is NRTL Listed for Class I and II, Division 2, and Class III Hazardous (Classified) Locations. The TC7150 incorporates Radio Frequency Identification (RFID) scanning and image tagging for automatic database collation and reporting.<\/p>\n","protected":false},"featured_media":2314,"comment_status":"open","ping_status":"closed","template":"","meta":[],"product_brand":[],"product_cat":[248],"product_tag":[],"class_list":{"0":"post-2313","1":"product","2":"type-product","3":"status-publish","4":"has-post-thumbnail","6":"product_cat-exproof-kamera-goruntuleme","8":"first","9":"instock","10":"shipping-taxable","11":"product-type-simple"},"acf":[],"_links":{"self":[{"href":"https:\/\/exzone.com.tr\/index.php\/wp-json\/wp\/v2\/product\/2313","targetHints":{"allow":["GET"]}}],"collection":[{"href":"https:\/\/exzone.com.tr\/index.php\/wp-json\/wp\/v2\/product"}],"about":[{"href":"https:\/\/exzone.com.tr\/index.php\/wp-json\/wp\/v2\/types\/product"}],"replies":[{"embeddable":true,"href":"https:\/\/exzone.com.tr\/index.php\/wp-json\/wp\/v2\/comments?post=2313"}],"wp:featuredmedia":[{"embeddable":true,"href":"https:\/\/exzone.com.tr\/index.php\/wp-json\/wp\/v2\/media\/2314"}],"wp:attachment":[{"href":"https:\/\/exzone.com.tr\/index.php\/wp-json\/wp\/v2\/media?parent=2313"}],"wp:term":[{"taxonomy":"product_brand","embeddable":true,"href":"https:\/\/exzone.com.tr\/index.php\/wp-json\/wp\/v2\/product_brand?post=2313"},{"taxonomy":"product_cat","embeddable":true,"href":"https:\/\/exzone.com.tr\/index.php\/wp-json\/wp\/v2\/product_cat?post=2313"},{"taxonomy":"product_tag","embeddable":true,"href":"https:\/\/exzone.com.tr\/index.php\/wp-json\/wp\/v2\/product_tag?post=2313"}],"curies":[{"name":"wp","href":"https:\/\/api.w.org\/{rel}","templated":true}]}}