{"id":2182,"date":"2023-01-14T01:14:17","date_gmt":"2023-01-13T22:14:17","guid":{"rendered":"https:\/\/exzone.com.tr\/?post_type=product&#038;p=2182"},"modified":"2024-05-02T03:41:22","modified_gmt":"2024-05-02T00:41:22","slug":"petzl-tanga-karabina-konumlandirma-aksesuari-10lu-paket","status":"publish","type":"product","link":"https:\/\/exzone.com.tr\/index.php\/urun\/petzl-tanga-karabina-konumlandirma-aksesuari-10lu-paket\/","title":{"rendered":"PETZL TANGA Karabina Konumland\u0131rma Aksesuar\u0131 \u2013 10&#8217;lu Paket"},"content":{"rendered":"<p>Karabina konumland\u0131rma aksesuar\u0131 (10\u2019lu paket)<\/p>\n<p>TANGA konumland\u0131rma halkas\u0131, karabinay\u0131 do\u011fru konumda tutmaya yard\u0131mc\u0131 olur.<\/p>\n<p><b>\u00d6zellikler:<\/b><\/p>\n<p><b>A\u011f\u0131rl\u0131k:\u00a05 g<\/b><\/p>\n<p><b>Materyal:\u00a0<\/b>elastomer<\/p>\n<table class=\"table table-striped\">\n<tbody>\n<tr>\n<td><strong>Referanslar<\/strong><\/td>\n<td><strong>M92000<\/strong><\/td>\n<\/tr>\n<tr>\n<td><strong>Garanti<\/strong><\/td>\n<td>3 y\u0131l<\/td>\n<\/tr>\n<tr>\n<td><strong>Paket<\/strong><\/td>\n<td>1<\/td>\n<\/tr>\n<\/tbody>\n<\/table>\n","protected":false},"excerpt":{"rendered":"<p>Karabina konumland\u0131rma aksesuar\u0131 (10\u2019lu paket) TANGA konumland\u0131rma halkas\u0131, karabinay\u0131 do\u011fru konumda tutmaya yard\u0131mc\u0131 olur. \u00d6zellikler: A\u011f\u0131rl\u0131k:\u00a05 g Materyal:\u00a0elastomer Referanslar M92000 Garanti 3 y\u0131l Paket 1<\/p>\n","protected":false},"featured_media":2183,"comment_status":"open","ping_status":"closed","template":"","meta":[],"product_brand":[],"product_cat":[246],"product_tag":[],"class_list":{"0":"post-2182","1":"product","2":"type-product","3":"status-publish","4":"has-post-thumbnail","6":"product_cat-karabinalar","8":"first","9":"instock","10":"shipping-taxable","11":"product-type-simple"},"acf":[],"_links":{"self":[{"href":"https:\/\/exzone.com.tr\/index.php\/wp-json\/wp\/v2\/product\/2182","targetHints":{"allow":["GET"]}}],"collection":[{"href":"https:\/\/exzone.com.tr\/index.php\/wp-json\/wp\/v2\/product"}],"about":[{"href":"https:\/\/exzone.com.tr\/index.php\/wp-json\/wp\/v2\/types\/product"}],"replies":[{"embeddable":true,"href":"https:\/\/exzone.com.tr\/index.php\/wp-json\/wp\/v2\/comments?post=2182"}],"wp:featuredmedia":[{"embeddable":true,"href":"https:\/\/exzone.com.tr\/index.php\/wp-json\/wp\/v2\/media\/2183"}],"wp:attachment":[{"href":"https:\/\/exzone.com.tr\/index.php\/wp-json\/wp\/v2\/media?parent=2182"}],"wp:term":[{"taxonomy":"product_brand","embeddable":true,"href":"https:\/\/exzone.com.tr\/index.php\/wp-json\/wp\/v2\/product_brand?post=2182"},{"taxonomy":"product_cat","embeddable":true,"href":"https:\/\/exzone.com.tr\/index.php\/wp-json\/wp\/v2\/product_cat?post=2182"},{"taxonomy":"product_tag","embeddable":true,"href":"https:\/\/exzone.com.tr\/index.php\/wp-json\/wp\/v2\/product_tag?post=2182"}],"curies":[{"name":"wp","href":"https:\/\/api.w.org\/{rel}","templated":true}]}}