{"id":2160,"date":"2023-01-14T01:06:45","date_gmt":"2023-01-13T22:06:45","guid":{"rendered":"https:\/\/exzone.com.tr\/?post_type=product&#038;p=2160"},"modified":"2024-05-02T03:41:22","modified_gmt":"2024-05-02T00:41:22","slug":"petzl-maillon-rapide-n-5-magaraci-karabina","status":"publish","type":"product","link":"https:\/\/exzone.com.tr\/index.php\/urun\/petzl-maillon-rapide-n-5-magaraci-karabina\/","title":{"rendered":"PETZL MAILLON RAPIDE N\u00b0 5 Ma\u011farac\u0131 Karabina"},"content":{"rendered":"<p>FIFI kancaya makara sistemi takmak i\u00e7in ma\u011farac\u0131 karabina<\/p>\n<p><b>\u00d6zellikler:<\/b><\/p>\n<ul>\n<li>Bir lanyarda ba\u011flamak i\u00e7in FIFI \u00fczerindeki yuvaya tak\u0131l\u0131r<\/li>\n<\/ul>\n<p><b>Materyal:<\/b>\u00a0galvanize \u00e7elik<\/p>\n<table class=\"table table-striped\">\n<tbody>\n<tr>\n<td>Referanslar<\/td>\n<td>P49100<\/td>\n<\/tr>\n<tr>\n<td>Garanti<\/td>\n<td>3 y\u0131l<\/td>\n<\/tr>\n<tr>\n<td>Paket<\/td>\n<td>1<\/td>\n<\/tr>\n<\/tbody>\n<\/table>\n","protected":false},"excerpt":{"rendered":"<p>FIFI kancaya makara sistemi takmak i\u00e7in ma\u011farac\u0131 karabina \u00d6zellikler: Bir lanyarda ba\u011flamak i\u00e7in FIFI \u00fczerindeki yuvaya tak\u0131l\u0131r Materyal:\u00a0galvanize \u00e7elik Referanslar P49100 Garanti 3 y\u0131l Paket 1<\/p>\n","protected":false},"featured_media":2161,"comment_status":"open","ping_status":"closed","template":"","meta":[],"product_brand":[],"product_cat":[246],"product_tag":[],"class_list":{"0":"post-2160","1":"product","2":"type-product","3":"status-publish","4":"has-post-thumbnail","6":"product_cat-karabinalar","8":"first","9":"instock","10":"shipping-taxable","11":"product-type-simple"},"acf":[],"_links":{"self":[{"href":"https:\/\/exzone.com.tr\/index.php\/wp-json\/wp\/v2\/product\/2160","targetHints":{"allow":["GET"]}}],"collection":[{"href":"https:\/\/exzone.com.tr\/index.php\/wp-json\/wp\/v2\/product"}],"about":[{"href":"https:\/\/exzone.com.tr\/index.php\/wp-json\/wp\/v2\/types\/product"}],"replies":[{"embeddable":true,"href":"https:\/\/exzone.com.tr\/index.php\/wp-json\/wp\/v2\/comments?post=2160"}],"wp:featuredmedia":[{"embeddable":true,"href":"https:\/\/exzone.com.tr\/index.php\/wp-json\/wp\/v2\/media\/2161"}],"wp:attachment":[{"href":"https:\/\/exzone.com.tr\/index.php\/wp-json\/wp\/v2\/media?parent=2160"}],"wp:term":[{"taxonomy":"product_brand","embeddable":true,"href":"https:\/\/exzone.com.tr\/index.php\/wp-json\/wp\/v2\/product_brand?post=2160"},{"taxonomy":"product_cat","embeddable":true,"href":"https:\/\/exzone.com.tr\/index.php\/wp-json\/wp\/v2\/product_cat?post=2160"},{"taxonomy":"product_tag","embeddable":true,"href":"https:\/\/exzone.com.tr\/index.php\/wp-json\/wp\/v2\/product_tag?post=2160"}],"curies":[{"name":"wp","href":"https:\/\/api.w.org\/{rel}","templated":true}]}}