{"id":2137,"date":"2023-01-14T00:59:48","date_gmt":"2023-01-13T21:59:48","guid":{"rendered":"https:\/\/exzone.com.tr\/?post_type=product&#038;p=2137"},"modified":"2024-05-02T03:41:21","modified_gmt":"2024-05-02T00:41:21","slug":"petzl-captiv-adjust","status":"publish","type":"product","link":"https:\/\/exzone.com.tr\/index.php\/urun\/petzl-captiv-adjust\/","title":{"rendered":"PETZL CAPTIV ADJUST"},"content":{"rendered":"<p>ADJUST ip ayarlama sistemi ile uyumlu karabina konumland\u0131rma aparat\u0131<\/p>\n<p>CAPTIV ADJUST konumland\u0131rma aparat\u0131, karabinaya ana eksen \u00fczerinde y\u00fck binmesini sa\u011flar, ADJUST ip ayarlama sisteminin do\u011fru pozisyonda kalmas\u0131n\u0131 sa\u011flayarak sistemin kazara bo\u015falmas\u0131n\u0131n \u00f6n\u00fcne ge\u00e7er. Lanyard ve ip ayarlama sisteminin karabinaya entegre kalmas\u0131n\u0131 sa\u011flayarak aletlerin kaybolma riskini azalt\u0131r. CAPTIV ADJUST; OK, Am\u2019D, Bm\u2019D ve OXAN karabinalar ile uyumludur.<\/p>\n<p>&#8211; Karabinaya ana eksen \u00fczerinde y\u00fck binmesini sa\u011flamak ve ADJUST ip ayarlama sisteminin do\u011fru pozisyonda kalmas\u0131n\u0131 sa\u011flayarak sistemin kazara bo\u015falmas\u0131n\u0131n \u00f6n\u00fcne ge\u00e7mek i\u00e7in tasarlanm\u0131\u015ft\u0131r<br \/>\n&#8211;\u00a0Lanyard ve ip ayarlama sisteminin karabinaya entegre kalmas\u0131n\u0131 sa\u011flayarak aletlerin kaybolma riskini azalt\u0131r<\/p>\n<p><strong>OK, Am\u2019D, Bm\u2019D ve OXAN karabinalar ile uyumludur<\/strong><\/p>\n<p><b>\u00d6zellikler:<\/b><\/p>\n<p><b>Materyal:\u00a0<\/b>Nylon<\/p>\n<p><b>A\u011f\u0131rl\u0131k:\u00a0<\/b>10 g<\/p>\n<div>\n<table class=\"table table-striped\">\n<tbody>\n<tr>\n<th>Referans<\/th>\n<th>M095AA00<\/th>\n<\/tr>\n<tr>\n<td>Garanti<\/td>\n<td>3\u00a0y\u0131l<\/td>\n<\/tr>\n<tr>\n<td>Paket<\/td>\n<td>1<\/td>\n<\/tr>\n<\/tbody>\n<\/table>\n<\/div>\n","protected":false},"excerpt":{"rendered":"<p>ADJUST ip ayarlama sistemi ile uyumlu karabina konumland\u0131rma aparat\u0131 CAPTIV ADJUST konumland\u0131rma aparat\u0131, karabinaya ana eksen \u00fczerinde y\u00fck binmesini sa\u011flar, ADJUST ip ayarlama sisteminin do\u011fru pozisyonda kalmas\u0131n\u0131 sa\u011flayarak sistemin kazara bo\u015falmas\u0131n\u0131n \u00f6n\u00fcne ge\u00e7er. Lanyard ve ip ayarlama sisteminin karabinaya entegre kalmas\u0131n\u0131 sa\u011flayarak aletlerin kaybolma riskini azalt\u0131r. CAPTIV ADJUST; OK, Am\u2019D, Bm\u2019D ve OXAN karabinalar ile [&hellip;]<\/p>\n","protected":false},"featured_media":2138,"comment_status":"open","ping_status":"closed","template":"","meta":[],"product_brand":[],"product_cat":[246],"product_tag":[],"class_list":{"0":"post-2137","1":"product","2":"type-product","3":"status-publish","4":"has-post-thumbnail","6":"product_cat-karabinalar","8":"first","9":"instock","10":"shipping-taxable","11":"product-type-simple"},"acf":[],"_links":{"self":[{"href":"https:\/\/exzone.com.tr\/index.php\/wp-json\/wp\/v2\/product\/2137","targetHints":{"allow":["GET"]}}],"collection":[{"href":"https:\/\/exzone.com.tr\/index.php\/wp-json\/wp\/v2\/product"}],"about":[{"href":"https:\/\/exzone.com.tr\/index.php\/wp-json\/wp\/v2\/types\/product"}],"replies":[{"embeddable":true,"href":"https:\/\/exzone.com.tr\/index.php\/wp-json\/wp\/v2\/comments?post=2137"}],"wp:featuredmedia":[{"embeddable":true,"href":"https:\/\/exzone.com.tr\/index.php\/wp-json\/wp\/v2\/media\/2138"}],"wp:attachment":[{"href":"https:\/\/exzone.com.tr\/index.php\/wp-json\/wp\/v2\/media?parent=2137"}],"wp:term":[{"taxonomy":"product_brand","embeddable":true,"href":"https:\/\/exzone.com.tr\/index.php\/wp-json\/wp\/v2\/product_brand?post=2137"},{"taxonomy":"product_cat","embeddable":true,"href":"https:\/\/exzone.com.tr\/index.php\/wp-json\/wp\/v2\/product_cat?post=2137"},{"taxonomy":"product_tag","embeddable":true,"href":"https:\/\/exzone.com.tr\/index.php\/wp-json\/wp\/v2\/product_tag?post=2137"}],"curies":[{"name":"wp","href":"https:\/\/api.w.org\/{rel}","templated":true}]}}