{"id":2125,"date":"2023-01-14T00:56:46","date_gmt":"2023-01-13T21:56:46","guid":{"rendered":"https:\/\/exzone.com.tr\/?post_type=product&#038;p=2125"},"modified":"2024-05-02T03:41:21","modified_gmt":"2024-05-02T00:41:21","slug":"petzl-easytop-duvara-monte-emniyet-istasyonu","status":"publish","type":"product","link":"https:\/\/exzone.com.tr\/index.php\/urun\/petzl-easytop-duvara-monte-emniyet-istasyonu\/","title":{"rendered":"PETZL Easytop Duvara Monte Emniyet istasyonu"},"content":{"rendered":"<p class=\"productSubtitle\">\u0130\u00e7 mekan kullan\u0131mlar\u0131 i\u00e7in ergonomik, dayan\u0131kl\u0131 ankraj sistemi<\/p>\n<div class=\"productCaracteristiquesPosition inlineblock\">\n<p class=\"productCaracteristiques inlineblock\">EASYTOP WALL, kapal\u0131 t\u0131rman\u0131\u015f spor salonlar\u0131 i\u00e7in tasarlanm\u0131\u015f eksiksiz bir ankraj sistemidir. Karabina tasar\u0131m\u0131, tek elle \u00e7ok kolay klip yapmay\u0131 sa\u011flar. \u00c7elik \u00e7er\u00e7eve, g\u00fcvenilir kilitleme sistemi ve yap\u0131n\u0131n koruyucu plakas\u0131 sayesinde sistem son derece dayan\u0131kl\u0131d\u0131r. Kurulum basittir ve \u00e7o\u011fu t\u0131rman\u0131\u015f duvar\u0131 ile uyumludur. Kontrol pimi (dahildir), operat\u00f6rlerin ekipman\u0131n i\u015fleyi\u015fini ve a\u015f\u0131nmas\u0131n\u0131 h\u0131zla incelemesini sa\u011flar. Ankraj sistemi, maksimum 65 \u00b0 \u2018ye kadar bir e\u011fim \u00fczerine kurulabilir.<\/p>\n<div class=\"list\">\n<ul>\n<li><strong>Rahat klip:<\/strong>\n<p>\u2013 Karabina montaj braketi ile yerinde tutulur<br \/>\n\u2013 Tek elle \u00e7ok kolay klipleme<br \/>\n\u2013 Kliplemek i\u00e7in yaln\u0131zca bir karabina<br \/>\n\u2013 \u0130p kliplendi\u011finde kap\u0131 kilitlenir ve ikinci bir ipin kliplenmesini engeller<br \/>\n\u2013 T\u00fcm sertifikal\u0131 tam ipler i\u00e7in uygundur<\/li>\n<li><strong>Dayan\u0131kl\u0131l\u0131k<\/strong>:\n<p>\u2013\u00a0Geleneksel \u00e7elik se\u00e7ene\u011finden d\u00f6rt kat daha g\u00fc\u00e7l\u00fc<br \/>\n\u2013 Geni\u015f ve yuvarlak ip kanal\u0131 ipin korunmas\u0131na yard\u0131mc\u0131 olur<br \/>\n\u2013 Kilitleme sistemi g\u00fcvenilirdir ve yo\u011fun kullan\u0131m i\u00e7in tasarlanm\u0131\u015ft\u0131r<br \/>\n\u2013 Yap\u0131 koruyucu bir plakaya sahiptir<br \/>\n\u2013 Y\u00fczey malzemesi i\u00e7 mekanda kullan\u0131ma uygundur<\/li>\n<li><strong>Kolay kurulum, bak\u0131m ve inceleme:<\/strong>\n<p>\u2013 Ankrajlar\u0131n aral\u0131\u011f\u0131na (80 ila 160 mm) uyum sa\u011flayan bir montaj braketi sayesinde sistemin kurulumu kolayd\u0131r (1)<br \/>\n\u2013 Kirden korunan kilitleme sistemi<br \/>\n\u2013 Fonksiyon ve a\u015f\u0131nma, bir denetim pimi (dahil) sayesinde h\u0131zl\u0131 ve kolayd\u0131r<br \/>\n\u2013 Ekipman envanterini y\u00f6netmek i\u00e7in ayr\u0131 ayr\u0131 tan\u0131mlan\u0131r<br \/>\n\u2013 T\u0131rman\u0131\u015f duvar\u0131nda ankraj olarak kullan\u0131ma uygundur ve EN 12572: 2017 standard\u0131n\u0131n (1) gereksinimlerini kar\u015f\u0131lar.<\/p>\n<p><strong>Ankraj sistemi kurulabilir maksimum 65 \u00b0 \u2018ye kadar bir \u00e7\u0131k\u0131nt\u0131 \u00fczerinde (dikey bir d\u00fczleme g\u00f6re).<\/strong><\/li>\n<\/ul>\n<\/div>\n<h3><strong>\u00d6zellikler<\/strong><\/h3>\n<div class=\"list\">\n<ul>\n<li>Malzemeler: \u00e7elik, naylon, polipropilen<\/li>\n<li>Sertifikalar: EN 795 tip A, EN 362, EN 12275, UIAA<\/li>\n<\/ul>\n<table class=\"table table-striped\">\n<tbody>\n<tr>\n<th>Referanslar<\/th>\n<th>M001BA00<\/th>\n<\/tr>\n<tr>\n<td>A\u011f\u0131rl\u0131k<\/td>\n<td>850 gr<\/td>\n<\/tr>\n<tr>\n<td>K\u0131r\u0131lma y\u00fck\u00fc<\/td>\n<td>25 kN<\/td>\n<\/tr>\n<tr>\n<td>Garanti<\/td>\n<td>3 y\u0131l<\/td>\n<\/tr>\n<tr>\n<td>Paket Say\u0131s\u0131<\/td>\n<td>1<\/td>\n<\/tr>\n<\/tbody>\n<\/table>\n<\/div>\n<\/div>\n","protected":false},"excerpt":{"rendered":"<p>\u0130\u00e7 mekan kullan\u0131mlar\u0131 i\u00e7in ergonomik, dayan\u0131kl\u0131 ankraj sistemi EASYTOP WALL, kapal\u0131 t\u0131rman\u0131\u015f spor salonlar\u0131 i\u00e7in tasarlanm\u0131\u015f eksiksiz bir ankraj sistemidir. Karabina tasar\u0131m\u0131, tek elle \u00e7ok kolay klip yapmay\u0131 sa\u011flar. \u00c7elik \u00e7er\u00e7eve, g\u00fcvenilir kilitleme sistemi ve yap\u0131n\u0131n koruyucu plakas\u0131 sayesinde sistem son derece dayan\u0131kl\u0131d\u0131r. Kurulum basittir ve \u00e7o\u011fu t\u0131rman\u0131\u015f duvar\u0131 ile uyumludur. Kontrol pimi (dahildir), operat\u00f6rlerin [&hellip;]<\/p>\n","protected":false},"featured_media":2126,"comment_status":"open","ping_status":"closed","template":"","meta":[],"product_brand":[],"product_cat":[246],"product_tag":[],"class_list":{"0":"post-2125","1":"product","2":"type-product","3":"status-publish","4":"has-post-thumbnail","6":"product_cat-karabinalar","8":"first","9":"instock","10":"shipping-taxable","11":"product-type-simple"},"acf":[],"_links":{"self":[{"href":"https:\/\/exzone.com.tr\/index.php\/wp-json\/wp\/v2\/product\/2125","targetHints":{"allow":["GET"]}}],"collection":[{"href":"https:\/\/exzone.com.tr\/index.php\/wp-json\/wp\/v2\/product"}],"about":[{"href":"https:\/\/exzone.com.tr\/index.php\/wp-json\/wp\/v2\/types\/product"}],"replies":[{"embeddable":true,"href":"https:\/\/exzone.com.tr\/index.php\/wp-json\/wp\/v2\/comments?post=2125"}],"wp:featuredmedia":[{"embeddable":true,"href":"https:\/\/exzone.com.tr\/index.php\/wp-json\/wp\/v2\/media\/2126"}],"wp:attachment":[{"href":"https:\/\/exzone.com.tr\/index.php\/wp-json\/wp\/v2\/media?parent=2125"}],"wp:term":[{"taxonomy":"product_brand","embeddable":true,"href":"https:\/\/exzone.com.tr\/index.php\/wp-json\/wp\/v2\/product_brand?post=2125"},{"taxonomy":"product_cat","embeddable":true,"href":"https:\/\/exzone.com.tr\/index.php\/wp-json\/wp\/v2\/product_cat?post=2125"},{"taxonomy":"product_tag","embeddable":true,"href":"https:\/\/exzone.com.tr\/index.php\/wp-json\/wp\/v2\/product_tag?post=2125"}],"curies":[{"name":"wp","href":"https:\/\/api.w.org\/{rel}","templated":true}]}}