{"id":2123,"date":"2023-01-14T00:54:48","date_gmt":"2023-01-13T21:54:48","guid":{"rendered":"https:\/\/exzone.com.tr\/?post_type=product&#038;p=2123"},"modified":"2024-05-02T03:41:21","modified_gmt":"2024-05-02T00:41:21","slug":"petzl-caritool-malzeme-tasima-karabinasi","status":"publish","type":"product","link":"https:\/\/exzone.com.tr\/index.php\/urun\/petzl-caritool-malzeme-tasima-karabinasi\/","title":{"rendered":"PETZL CARITOOL Malzeme Ta\u015f\u0131ma Karabinas\u0131"},"content":{"rendered":"<p>Emniyet kemeri i\u00e7in malzeme ta\u015f\u0131ma karabinas\u0131<\/p>\n<p>CARITOOL ile emniyet kemerinizde malzeme ta\u015f\u0131ma se\u00e7eneklerinizi artt\u0131r\u0131n. Da\u011fc\u0131l\u0131k, buz t\u0131rman\u0131\u015f\u0131 ve uzun rotalar i\u00e7in m\u00fckemmel bir aksesuard\u0131r, buz vidalar\u0131na, sikkelere, takozlara vb. h\u0131zl\u0131ca eri\u015fimenizi ve malzemeleri organize etmenizi sa\u011flar. Ayn\u0131 zamanda buz aletlerinin h\u0131zl\u0131 bir \u015fekilde kald\u0131r\u0131l\u0131p\/koyulmas\u0131n\u0131 sa\u011flar. \u00c7o\u011fu Petzl emniyet kemerinde olan yuvalarla uyumludur ve ayr\u0131ca di\u011fer emniyet kemerlerindeki dokuma bel kemerlerine tak\u0131l\u0131r.<\/p>\n<ul>\n<li>&#8211; Hafif, dayan\u0131kl\u0131 ve sa\u011flam<\/li>\n<li>&#8211; \u00dcst raydaki burun, CARITOOL\u2019a birden fazla malzeme konuldu\u011funda kullan\u0131c\u0131n\u0131n buz vidalar\u0131, takozlar veya di\u011fer malzemelere eri\u015febilirken ayn\u0131 zamanda \u00fcst k\u0131sma malzeme koymas\u0131n\u0131 sa\u011flar.<\/li>\n<li>&#8211; Kaybolmalar\u0131n\u0131 \u00f6nlemek amac\u0131yla malzemelere bir koruyucu ip ba\u011flamak i\u00e7in \u00fcstte k\u00fc\u00e7\u00fck delik.<\/li>\n<li>&#8211; Ayn\u0131 zamanda buz aletlerinin h\u0131zl\u0131 bir \u015fekilde tak\u0131l\u0131p\/ta\u015f\u0131nmas\u0131n\u0131 sa\u011flar<\/li>\n<\/ul>\n<p><strong>Uyar\u0131: CARITOOL, PPE de\u011fildir. Maksimum 5 kg\u2019a kadar olan malzeme a\u011f\u0131rl\u0131\u011f\u0131n\u0131 ta\u015f\u0131mak \u00fczere tasarlanm\u0131\u015ft\u0131r.<\/strong><\/p>\n<p><b>\u00d6zellikler:<\/b><\/p>\n<p><b>Materyal:<\/b>\u00a0paslanmaz \u00e7elik kap\u0131, cam elyaf\u0131 ile g\u00fc\u00e7lendirilmi\u015f plastik yap\u0131<\/p>\n<table class=\"table table-striped\">\n<tbody>\n<tr>\n<td><strong>Referanslar<\/strong><\/td>\n<td><strong>P42<\/strong><\/td>\n<\/tr>\n<tr>\n<td><strong>A\u011f\u0131rl\u0131k<\/strong><\/td>\n<td>25 g<\/td>\n<\/tr>\n<tr>\n<td><strong>Garanti<\/strong><\/td>\n<td>3 y\u0131l<\/td>\n<\/tr>\n<tr>\n<td><strong>Paket<\/strong><\/td>\n<td>1<\/td>\n<\/tr>\n<\/tbody>\n<\/table>\n","protected":false},"excerpt":{"rendered":"<p>Emniyet kemeri i\u00e7in malzeme ta\u015f\u0131ma karabinas\u0131 CARITOOL ile emniyet kemerinizde malzeme ta\u015f\u0131ma se\u00e7eneklerinizi artt\u0131r\u0131n. Da\u011fc\u0131l\u0131k, buz t\u0131rman\u0131\u015f\u0131 ve uzun rotalar i\u00e7in m\u00fckemmel bir aksesuard\u0131r, buz vidalar\u0131na, sikkelere, takozlara vb. h\u0131zl\u0131ca eri\u015fimenizi ve malzemeleri organize etmenizi sa\u011flar. Ayn\u0131 zamanda buz aletlerinin h\u0131zl\u0131 bir \u015fekilde kald\u0131r\u0131l\u0131p\/koyulmas\u0131n\u0131 sa\u011flar. \u00c7o\u011fu Petzl emniyet kemerinde olan yuvalarla uyumludur ve ayr\u0131ca di\u011fer [&hellip;]<\/p>\n","protected":false},"featured_media":2124,"comment_status":"open","ping_status":"closed","template":"","meta":[],"product_brand":[],"product_cat":[246],"product_tag":[],"class_list":{"0":"post-2123","1":"product","2":"type-product","3":"status-publish","4":"has-post-thumbnail","6":"product_cat-karabinalar","8":"first","9":"instock","10":"shipping-taxable","11":"product-type-simple"},"acf":[],"_links":{"self":[{"href":"https:\/\/exzone.com.tr\/index.php\/wp-json\/wp\/v2\/product\/2123","targetHints":{"allow":["GET"]}}],"collection":[{"href":"https:\/\/exzone.com.tr\/index.php\/wp-json\/wp\/v2\/product"}],"about":[{"href":"https:\/\/exzone.com.tr\/index.php\/wp-json\/wp\/v2\/types\/product"}],"replies":[{"embeddable":true,"href":"https:\/\/exzone.com.tr\/index.php\/wp-json\/wp\/v2\/comments?post=2123"}],"wp:featuredmedia":[{"embeddable":true,"href":"https:\/\/exzone.com.tr\/index.php\/wp-json\/wp\/v2\/media\/2124"}],"wp:attachment":[{"href":"https:\/\/exzone.com.tr\/index.php\/wp-json\/wp\/v2\/media?parent=2123"}],"wp:term":[{"taxonomy":"product_brand","embeddable":true,"href":"https:\/\/exzone.com.tr\/index.php\/wp-json\/wp\/v2\/product_brand?post=2123"},{"taxonomy":"product_cat","embeddable":true,"href":"https:\/\/exzone.com.tr\/index.php\/wp-json\/wp\/v2\/product_cat?post=2123"},{"taxonomy":"product_tag","embeddable":true,"href":"https:\/\/exzone.com.tr\/index.php\/wp-json\/wp\/v2\/product_tag?post=2123"}],"curies":[{"name":"wp","href":"https:\/\/api.w.org\/{rel}","templated":true}]}}