{"id":2116,"date":"2023-01-14T00:53:56","date_gmt":"2023-01-13T21:53:56","guid":{"rendered":"https:\/\/exzone.com.tr\/?post_type=product&#038;p=2116"},"modified":"2024-05-02T03:41:21","modified_gmt":"2024-05-02T00:41:21","slug":"petzl-easytop-karabina","status":"publish","type":"product","link":"https:\/\/exzone.com.tr\/index.php\/urun\/petzl-easytop-karabina\/","title":{"rendered":"PETZL Easytop Karabina"},"content":{"rendered":"<p class=\"productSubtitle\">\u0130\u00e7 mekan kullan\u0131m\u0131 i\u00e7in ergonomik ve dayan\u0131kl\u0131 \u00fcst ankraj karabina<\/p>\n<div class=\"productCaracteristiquesPosition inlineblock\">\n<p class=\"productCaracteristiques inlineblock\">EASYTOP STEEL, kapal\u0131 t\u0131rman\u0131\u015f salonlar\u0131 i\u00e7in tasarlanm\u0131\u015f bir \u00fcst ankraj karabinad\u0131r. Karabina tasar\u0131m\u0131 klip yapmay\u0131 kolayla\u015ft\u0131r\u0131r. \u00c7elik \u00e7er\u00e7eve ve kilitleme sistemi son derece dayan\u0131kl\u0131d\u0131r. Kontrol pimi (dahildir), operat\u00f6rlerin ekipman\u0131n i\u015flevini ve a\u015f\u0131nmas\u0131n\u0131 h\u0131zla incelemesine olanak tan\u0131r.<\/p>\n<div class=\"list\">\n<ul>\n<li><strong>Rahat klip:<\/strong>\n<p>\u2013 P\u00fcr\u00fczs\u00fcz ve kolay klip<br \/>\n\u2013 Kliple yaln\u0131zca bir karabina<br \/>\n\u2013 \u0130p kliplendi\u011finde kap\u0131 kilitlenir ve ikinci bir ipin kliplenmesini engeller<br \/>\n\u2013 T\u00fcm sertifikal\u0131 tam ipler i\u00e7in uygundur<\/li>\n<li><strong>Kolay bak\u0131m ve uzun \u00fcr\u00fcn \u00f6mr\u00fc i\u00e7in m\u00fckemmel dayan\u0131kl\u0131l\u0131k:<\/strong>\n<p>\u2013 Geleneksel \u00e7elik se\u00e7ene\u011finden d\u00f6rt kat daha g\u00fc\u00e7l\u00fc<br \/>\n\u2013 Geni\u015f ve yuvarlak ip kanal\u0131 ipin korunmas\u0131na yard\u0131mc\u0131 olur<br \/>\n\u2013 Kilitleme sistemi g\u00fcvenilirdir ve yo\u011fun kullan\u0131m i\u00e7in tasarlanm\u0131\u015ft\u0131r<br \/>\n\u2013 Y\u00fczey malzemesi i\u00e7 mekanda kullan\u0131ma uygundur<\/li>\n<li><strong>Kolay bak\u0131m ve inceleme:<\/strong>\n<p>\u2013 H\u0131zl\u0131 ba\u011flant\u0131yla (dahil de\u011fildir) mevcut bir ankraja monte edilir<br \/>\n\u2013 A\u015f\u0131r\u0131 toz birikmesine kar\u015f\u0131 korumal\u0131 kilitleme sistemi<br \/>\n\u2013 Bir inceleme pimi (dahil) sayesinde i\u015flev ve a\u015f\u0131nma denetimi h\u0131zl\u0131 ve kolayd\u0131r<br \/>\n\u2013 Envanter y\u00f6netimi i\u00e7in Ayr\u0131 olarak tan\u0131mlan\u0131r<\/li>\n<\/ul>\n<\/div>\n<h3><strong>\u00d6zellikler<\/strong><\/h3>\n<div class=\"list\">\n<ul>\n<li>Malzemeler: \u00e7elik, naylon<\/li>\n<li>Sertifikalar: EN 362, EN 12275, UIAA<\/li>\n<\/ul>\n<table class=\"table table-striped\">\n<tbody>\n<tr>\n<th>Referanslar<\/th>\n<th>M001AA00<\/th>\n<\/tr>\n<tr>\n<td>A\u011f\u0131rl\u0131k<\/td>\n<td>500 gr<\/td>\n<\/tr>\n<tr>\n<td>Kuvvet<\/td>\n<td>25 kN<\/td>\n<\/tr>\n<tr>\n<td>Garanti<\/td>\n<td>3 y\u0131l<\/td>\n<\/tr>\n<tr>\n<td>Paket Say\u0131s\u0131<\/td>\n<td>1<\/td>\n<\/tr>\n<\/tbody>\n<\/table>\n<\/div>\n<\/div>\n","protected":false},"excerpt":{"rendered":"<p>\u0130\u00e7 mekan kullan\u0131m\u0131 i\u00e7in ergonomik ve dayan\u0131kl\u0131 \u00fcst ankraj karabina EASYTOP STEEL, kapal\u0131 t\u0131rman\u0131\u015f salonlar\u0131 i\u00e7in tasarlanm\u0131\u015f bir \u00fcst ankraj karabinad\u0131r. Karabina tasar\u0131m\u0131 klip yapmay\u0131 kolayla\u015ft\u0131r\u0131r. \u00c7elik \u00e7er\u00e7eve ve kilitleme sistemi son derece dayan\u0131kl\u0131d\u0131r. Kontrol pimi (dahildir), operat\u00f6rlerin ekipman\u0131n i\u015flevini ve a\u015f\u0131nmas\u0131n\u0131 h\u0131zla incelemesine olanak tan\u0131r. Rahat klip: \u2013 P\u00fcr\u00fczs\u00fcz ve kolay klip \u2013 Kliple [&hellip;]<\/p>\n","protected":false},"featured_media":2117,"comment_status":"open","ping_status":"closed","template":"","meta":[],"product_brand":[],"product_cat":[246],"product_tag":[],"class_list":{"0":"post-2116","1":"product","2":"type-product","3":"status-publish","4":"has-post-thumbnail","6":"product_cat-karabinalar","8":"first","9":"instock","10":"shipping-taxable","11":"product-type-simple"},"acf":[],"_links":{"self":[{"href":"https:\/\/exzone.com.tr\/index.php\/wp-json\/wp\/v2\/product\/2116","targetHints":{"allow":["GET"]}}],"collection":[{"href":"https:\/\/exzone.com.tr\/index.php\/wp-json\/wp\/v2\/product"}],"about":[{"href":"https:\/\/exzone.com.tr\/index.php\/wp-json\/wp\/v2\/types\/product"}],"replies":[{"embeddable":true,"href":"https:\/\/exzone.com.tr\/index.php\/wp-json\/wp\/v2\/comments?post=2116"}],"wp:featuredmedia":[{"embeddable":true,"href":"https:\/\/exzone.com.tr\/index.php\/wp-json\/wp\/v2\/media\/2117"}],"wp:attachment":[{"href":"https:\/\/exzone.com.tr\/index.php\/wp-json\/wp\/v2\/media?parent=2116"}],"wp:term":[{"taxonomy":"product_brand","embeddable":true,"href":"https:\/\/exzone.com.tr\/index.php\/wp-json\/wp\/v2\/product_brand?post=2116"},{"taxonomy":"product_cat","embeddable":true,"href":"https:\/\/exzone.com.tr\/index.php\/wp-json\/wp\/v2\/product_cat?post=2116"},{"taxonomy":"product_tag","embeddable":true,"href":"https:\/\/exzone.com.tr\/index.php\/wp-json\/wp\/v2\/product_tag?post=2116"}],"curies":[{"name":"wp","href":"https:\/\/api.w.org\/{rel}","templated":true}]}}