{"id":2111,"date":"2023-01-14T00:52:06","date_gmt":"2023-01-13T21:52:06","guid":{"rendered":"https:\/\/exzone.com.tr\/?post_type=product&#038;p=2111"},"modified":"2024-05-02T03:41:21","modified_gmt":"2024-05-02T00:41:21","slug":"petzl-freino-surtunme-arttiricili-karabina","status":"publish","type":"product","link":"https:\/\/exzone.com.tr\/index.php\/urun\/petzl-freino-surtunme-arttiricili-karabina\/","title":{"rendered":"PETZL FREINO S\u00fcrt\u00fcnme Artt\u0131r\u0131c\u0131l\u0131 Karabina"},"content":{"rendered":"<p>\u0130ni\u015f aletleriyle kullan\u0131m i\u00e7in s\u00fcrt\u00fcnme art\u0131r\u0131c\u0131 kancas\u0131 olan karabina<\/p>\n<p>FREINO Z karabina, ini\u015f s\u0131ras\u0131nda s\u00fcrt\u00fcnmeyi art\u0131rmak veya ayarlamak i\u00e7in bir s\u00fcrt\u00fcnme kancas\u0131na sahiptir. Kullan\u0131m\u0131 kolayd\u0131r ve I\u2019D S, I\u2019D L, I\u2019D EVAC ve RIG kendinden frenli ini\u015f tak\u0131mlar\u0131 ile uyumludur.\u00a0D\u00f6nd\u00fcr\u00fcld\u00fc\u011f\u00fcnde, ekipman d\u00f6ng\u00fcs\u00fcnden ventral ba\u011flant\u0131 noktas\u0131na veya \u00e7apaya aktar\u0131ld\u0131\u011f\u0131nda ini\u015f aletini kayba kar\u015f\u0131 dayan\u0131kl\u0131 hale getirir.\u00a0FREINO Z, TRIACT-LOCK otomatik kilitleme sistemine sahiptir.<\/p>\n<p><strong>\u0130ni\u015f kontrol\u00fc:<\/strong><\/p>\n<ul>\n<li>&#8211; S\u00fcrt\u00fcnme kancas\u0131, a\u011f\u0131r bir y\u00fckle (\u00f6rne\u011fin iki ki\u015filik kurtarma durumu) geli\u015fmi\u015f ini\u015f kontrol\u00fc i\u00e7in s\u00fcrt\u00fcnmeyi art\u0131rmaya yard\u0131mc\u0131 olur<\/li>\n<li>&#8211;\u00a0Kullan\u0131m\u0131 ve kontrol\u00fc kolayd\u0131r. \u0130p, s\u00fcrt\u00fcnme kancas\u0131n\u0131n \u00fczerinden pratik y\u00f6nlendirilebilir ve tek elle \u00e7\u0131kar\u0131labilir<\/li>\n<\/ul>\n<p><strong>Kolay kullan\u0131m:<\/strong><\/p>\n<ul>\n<li>&#8211; Karabinay\u0131 a\u00e7madan ip kolayca s\u00fcrt\u00fcnme kancas\u0131na tak\u0131l\u0131r<\/li>\n<li>&#8211; Karabinan\u0131n istem d\u0131\u015f\u0131 tak\u0131lmas\u0131n\u0131\u00a0\u00f6nlemek i\u00e7in\u00a0kilit sistemi \u2013 \u00dc\u00e7 etkili kap\u0131 a\u00e7\u0131kl\u0131\u011f\u0131na sahip TRIACT-LOCK otomatik kilitleme sistemi<\/li>\n<li>&#8211; Emniyet kemeri veya ankraj \u00fczerinde kullan\u0131m i\u00e7in idealdir<\/li>\n<li><strong>I\u2019D S, I\u2019D L ve I\u2019D EVAC (1) veya RIG (2) kendi kendine frenlenen ini\u015f aletinin, ekipman d\u00f6ng\u00fcs\u00fcnden kemer g\u00f6vde ba\u011flant\u0131 noktas\u0131na veya ankraj noktas\u0131na ba\u011flanabilir.<\/strong><\/li>\n<\/ul>\n<p><strong>(1 ) 2019\u2019da ba\u015flayan s\u00fcr\u00fcmler<\/strong><br \/>\n<strong>(2) 2018\u2019de ba\u015flayan s\u00fcr\u00fcmler<\/strong><\/p>\n<p><b>\u00d6zellikler:<\/b><\/p>\n<p><b>Materyal:\u00a0<\/b>al\u00fcminyum<\/p>\n<p><b>Sertifikalar:\u00a0<\/b>CE EN 362, EAC, NFPA 1983 Teknik Kullan\u0131m<\/p>\n<p><b>S\u00fcrt\u00fcnme karabinas\u0131 kap\u0131 a\u00e7\u0131kl\u0131\u011f\u0131:\u00a0<\/b>12mm<\/p>\n<table class=\"table table-striped\">\n<tbody>\n<tr>\n<th>Referanslar<\/th>\n<th>M042BA00<\/th>\n<th>M042AA00<\/th>\n<\/tr>\n<tr>\n<td>A\u011f\u0131rl\u0131k<\/td>\n<td>75 gr<\/td>\n<td>75 gr<\/td>\n<\/tr>\n<tr>\n<td>Kilit sistemi<\/td>\n<td>TRIACT-LOCK<\/td>\n<td>TWIST-LOCK<\/td>\n<\/tr>\n<tr>\n<td>Ana eksen k\u0131r\u0131lma y\u00fck\u00fc<\/td>\n<td>23 kN<\/td>\n<td>23 kN<\/td>\n<\/tr>\n<tr>\n<td>\u0130kincil eksen k\u0131r\u0131lma y\u00fck\u00fc<\/td>\n<td>8 kN<\/td>\n<td>8 kN<\/td>\n<\/tr>\n<tr>\n<td>A\u00e7\u0131k kap\u0131l\u0131 k\u0131r\u0131lma y\u00fck\u00fc<\/td>\n<td>8 kN<\/td>\n<td>8 kN<\/td>\n<\/tr>\n<tr>\n<td>Kap\u0131 a\u00e7\u0131kl\u0131\u011f\u0131<\/td>\n<td>18 mm<\/td>\n<td>18 mm<\/td>\n<\/tr>\n<tr>\n<td>Garanti<\/td>\n<td>3 y\u0131l<\/td>\n<td>3 y\u0131l<\/td>\n<\/tr>\n<tr>\n<td>Paket<\/td>\n<td>1<\/td>\n<td>1<\/td>\n<\/tr>\n<\/tbody>\n<\/table>\n","protected":false},"excerpt":{"rendered":"<p>\u0130ni\u015f aletleriyle kullan\u0131m i\u00e7in s\u00fcrt\u00fcnme art\u0131r\u0131c\u0131 kancas\u0131 olan karabina FREINO Z karabina, ini\u015f s\u0131ras\u0131nda s\u00fcrt\u00fcnmeyi art\u0131rmak veya ayarlamak i\u00e7in bir s\u00fcrt\u00fcnme kancas\u0131na sahiptir. Kullan\u0131m\u0131 kolayd\u0131r ve I\u2019D S, I\u2019D L, I\u2019D EVAC ve RIG kendinden frenli ini\u015f tak\u0131mlar\u0131 ile uyumludur.\u00a0D\u00f6nd\u00fcr\u00fcld\u00fc\u011f\u00fcnde, ekipman d\u00f6ng\u00fcs\u00fcnden ventral ba\u011flant\u0131 noktas\u0131na veya \u00e7apaya aktar\u0131ld\u0131\u011f\u0131nda ini\u015f aletini kayba kar\u015f\u0131 dayan\u0131kl\u0131 hale getirir.\u00a0FREINO [&hellip;]<\/p>\n","protected":false},"featured_media":2112,"comment_status":"open","ping_status":"closed","template":"","meta":[],"product_brand":[],"product_cat":[246],"product_tag":[],"class_list":{"0":"post-2111","1":"product","2":"type-product","3":"status-publish","4":"has-post-thumbnail","6":"product_cat-karabinalar","8":"first","9":"instock","10":"shipping-taxable","11":"product-type-simple"},"acf":[],"_links":{"self":[{"href":"https:\/\/exzone.com.tr\/index.php\/wp-json\/wp\/v2\/product\/2111","targetHints":{"allow":["GET"]}}],"collection":[{"href":"https:\/\/exzone.com.tr\/index.php\/wp-json\/wp\/v2\/product"}],"about":[{"href":"https:\/\/exzone.com.tr\/index.php\/wp-json\/wp\/v2\/types\/product"}],"replies":[{"embeddable":true,"href":"https:\/\/exzone.com.tr\/index.php\/wp-json\/wp\/v2\/comments?post=2111"}],"wp:featuredmedia":[{"embeddable":true,"href":"https:\/\/exzone.com.tr\/index.php\/wp-json\/wp\/v2\/media\/2112"}],"wp:attachment":[{"href":"https:\/\/exzone.com.tr\/index.php\/wp-json\/wp\/v2\/media?parent=2111"}],"wp:term":[{"taxonomy":"product_brand","embeddable":true,"href":"https:\/\/exzone.com.tr\/index.php\/wp-json\/wp\/v2\/product_brand?post=2111"},{"taxonomy":"product_cat","embeddable":true,"href":"https:\/\/exzone.com.tr\/index.php\/wp-json\/wp\/v2\/product_cat?post=2111"},{"taxonomy":"product_tag","embeddable":true,"href":"https:\/\/exzone.com.tr\/index.php\/wp-json\/wp\/v2\/product_tag?post=2111"}],"curies":[{"name":"wp","href":"https:\/\/api.w.org\/{rel}","templated":true}]}}