{"id":2109,"date":"2023-01-14T00:50:30","date_gmt":"2023-01-13T21:50:30","guid":{"rendered":"https:\/\/exzone.com.tr\/?post_type=product&#038;p=2109"},"modified":"2024-05-02T03:41:21","modified_gmt":"2024-05-02T00:41:21","slug":"petzl-demi-rond-d-magaraci-karabina","status":"publish","type":"product","link":"https:\/\/exzone.com.tr\/index.php\/urun\/petzl-demi-rond-d-magaraci-karabina\/","title":{"rendered":"PETZL DEMI ROND D Ma\u011farac\u0131 Karabina"},"content":{"rendered":"<p>Yar\u0131m daire, al\u00fcminyum ala\u015f\u0131m ma\u011farac\u0131 karabina<\/p>\n<p>Bu al\u00fcminyum ma\u011farac\u0131, ingiliz anahtar\u0131yla kapat\u0131ld\u0131\u011f\u0131nda, bir karabina ile birle\u015ftirilmesi gereken iki ba\u011flant\u0131 noktas\u0131na sahip emniyet kemerlerini birle\u015ftirmek i\u00e7in kullan\u0131l\u0131r.<\/p>\n<ul>\n<li>&#8211; Bir karabina ile birle\u015ftirilmesi gereken iki ba\u011flant\u0131 noktas\u0131na sahip herhangi bir emniyet kemerini birle\u015ftirmek i\u00e7in kullan\u0131l\u0131r<\/li>\n<li>&#8211; Bir \u0130ngiliz anahtar\u0131yla kapat\u0131ld\u0131\u011f\u0131nda, yar\u0131 kal\u0131c\u0131 bir ankraj halkas\u0131 olur<\/li>\n<\/ul>\n<p><b>\u00d6zellikler:<\/b><\/p>\n<p><b>Kal\u0131nl\u0131k (\u00e7ap):\u00a0<\/b>10mm<\/p>\n<p><b>Materyal:\u00a0<\/b>al\u00fcminyum<\/p>\n<p><b>Sertifikalar:\u00a0<\/b>CE EN 362 tip Q<\/p>\n<table class=\"table table-striped\">\n<tbody>\n<tr>\n<td><strong>Referanslar<\/strong><\/td>\n<td><strong>P18<\/strong><\/td>\n<\/tr>\n<tr>\n<td><strong>Renk<\/strong><\/td>\n<td>gri<\/td>\n<\/tr>\n<tr>\n<td><strong>A\u011f\u0131rl\u0131k<\/strong><\/td>\n<td>55 g<\/td>\n<\/tr>\n<tr>\n<td><strong>Ana eksen k\u0131r\u0131lma y\u00fck\u00fc\u00a0<\/strong><\/td>\n<td>25 kN<\/td>\n<\/tr>\n<tr>\n<td><strong>\u0130kincil eksen k\u0131r\u0131lma y\u00fck\u00fc\u00a0<\/strong><\/td>\n<td>10 kN<\/td>\n<\/tr>\n<tr>\n<td><strong>Kap\u0131 a\u00e7\u0131kl\u0131\u011f\u0131<\/strong><\/td>\n<td>10 mm<\/td>\n<\/tr>\n<tr>\n<td><strong>Garanti<\/strong><\/td>\n<td>3 y\u0131l<\/td>\n<\/tr>\n<tr>\n<td><strong>Paket<\/strong><\/td>\n<td>1<\/td>\n<\/tr>\n<\/tbody>\n<\/table>\n","protected":false},"excerpt":{"rendered":"<p>Yar\u0131m daire, al\u00fcminyum ala\u015f\u0131m ma\u011farac\u0131 karabina Bu al\u00fcminyum ma\u011farac\u0131, ingiliz anahtar\u0131yla kapat\u0131ld\u0131\u011f\u0131nda, bir karabina ile birle\u015ftirilmesi gereken iki ba\u011flant\u0131 noktas\u0131na sahip emniyet kemerlerini birle\u015ftirmek i\u00e7in kullan\u0131l\u0131r. &#8211; Bir karabina ile birle\u015ftirilmesi gereken iki ba\u011flant\u0131 noktas\u0131na sahip herhangi bir emniyet kemerini birle\u015ftirmek i\u00e7in kullan\u0131l\u0131r &#8211; Bir \u0130ngiliz anahtar\u0131yla kapat\u0131ld\u0131\u011f\u0131nda, yar\u0131 kal\u0131c\u0131 bir ankraj halkas\u0131 olur \u00d6zellikler: [&hellip;]<\/p>\n","protected":false},"featured_media":2110,"comment_status":"open","ping_status":"closed","template":"","meta":[],"product_brand":[],"product_cat":[246],"product_tag":[],"class_list":{"0":"post-2109","1":"product","2":"type-product","3":"status-publish","4":"has-post-thumbnail","6":"product_cat-karabinalar","8":"first","9":"instock","10":"shipping-taxable","11":"product-type-simple"},"acf":[],"_links":{"self":[{"href":"https:\/\/exzone.com.tr\/index.php\/wp-json\/wp\/v2\/product\/2109","targetHints":{"allow":["GET"]}}],"collection":[{"href":"https:\/\/exzone.com.tr\/index.php\/wp-json\/wp\/v2\/product"}],"about":[{"href":"https:\/\/exzone.com.tr\/index.php\/wp-json\/wp\/v2\/types\/product"}],"replies":[{"embeddable":true,"href":"https:\/\/exzone.com.tr\/index.php\/wp-json\/wp\/v2\/comments?post=2109"}],"wp:featuredmedia":[{"embeddable":true,"href":"https:\/\/exzone.com.tr\/index.php\/wp-json\/wp\/v2\/media\/2110"}],"wp:attachment":[{"href":"https:\/\/exzone.com.tr\/index.php\/wp-json\/wp\/v2\/media?parent=2109"}],"wp:term":[{"taxonomy":"product_brand","embeddable":true,"href":"https:\/\/exzone.com.tr\/index.php\/wp-json\/wp\/v2\/product_brand?post=2109"},{"taxonomy":"product_cat","embeddable":true,"href":"https:\/\/exzone.com.tr\/index.php\/wp-json\/wp\/v2\/product_cat?post=2109"},{"taxonomy":"product_tag","embeddable":true,"href":"https:\/\/exzone.com.tr\/index.php\/wp-json\/wp\/v2\/product_tag?post=2109"}],"curies":[{"name":"wp","href":"https:\/\/api.w.org\/{rel}","templated":true}]}}