{"id":2107,"date":"2023-01-14T00:49:27","date_gmt":"2023-01-13T21:49:27","guid":{"rendered":"https:\/\/exzone.com.tr\/?post_type=product&#038;p=2107"},"modified":"2024-05-02T03:41:21","modified_gmt":"2024-05-02T00:41:21","slug":"petzl-go-8-mm-quick-baglanti-celik-karabina","status":"publish","type":"product","link":"https:\/\/exzone.com.tr\/index.php\/urun\/petzl-go-8-mm-quick-baglanti-celik-karabina\/","title":{"rendered":"PETZL GO 8 mm Quick Ba\u011flant\u0131 \u00c7elik Karabina"},"content":{"rendered":"<p class=\"productSubtitle\">T\u0131rman\u0131\u015f salonlar\u0131 i\u00e7in geni\u015f a\u00e7\u0131kl\u0131kl\u0131 ma\u011farac\u0131 karabinas\u0131<\/p>\n<div class=\"productCaracteristiquesPosition inlineblock\">\n<p class=\"productCaracteristiques inlineblock\">GO 8 mm h\u0131zl\u0131 ba\u011flant\u0131, bir TIPTOP \u00fcst ankraj karabinas\u0131 ba\u011flamak veya DJINN STEEL AXESS ekspresslerin \u00fcst karabinas\u0131n\u0131 de\u011fi\u015ftirmek i\u00e7in kullan\u0131labilir. 8 mm \u00e7ap\u0131 ve galvanizli \u00e7elik \u00e7er\u00e7evesi m\u00fckemmel dayan\u0131kl\u0131l\u0131k sa\u011flar. Karabinan\u0131n ana eksende y\u00fcklenmesini destekleyen ve d\u00f6nme riskini s\u0131n\u0131rlayan K-LINK konumland\u0131rma aksesuar\u0131 ile uyumludur.<\/p>\n<div class=\"list\">\n<ul>\n<li><strong>Bir TIPTOP \u00fcst ankraj karabinas\u0131n\u0131n kal\u0131c\u0131 ba\u011flant\u0131s\u0131 i\u00e7in veya DJINN STEEL AXESS ekspresslerin \u00fcst karabinas\u0131n\u0131 de\u011fi\u015ftirmek i\u00e7in kullan\u0131labilir<\/strong><\/li>\n<li><strong>Yanl\u0131\u015fl\u0131kla a\u00e7\u0131lmas\u0131n\u0131 \u00f6nlemek i\u00e7in bir anahtar yard\u0131m\u0131yla kapan\u0131r<\/strong><\/li>\n<li><strong>M\u00fckemmel dayan\u0131kl\u0131l\u0131k:<\/strong>\n<p>\u2013 8 mm \u00e7ap m\u00fckemmel dayan\u0131kl\u0131l\u0131k sa\u011flar<br \/>\n\u2013 Galvanizli \u00e7elik \u00e7er\u00e7eve son derece dayan\u0131kl\u0131d\u0131r<\/li>\n<li><strong>Ana eksende karabinan\u0131n y\u00fck\u00fc almas\u0131n\u0131 destekleyen ve d\u00f6nme riskini s\u0131n\u0131rlayan K-LINK konumland\u0131rma aksesuar\u0131 ile uyumludur<\/strong><\/li>\n<\/ul>\n<\/div>\n<h3><strong>\u00d6zellikler<\/strong><\/h3>\n<div class=\"list\">\n<ul>\n<li>A\u011f\u0131rl\u0131k: 95 gr<\/li>\n<li>Malzemeler: Galvanizli \u00e7elik<\/li>\n<li>Sertifikalar: CE EN 12275, CE EN 362 tip Q<\/li>\n<\/ul>\n<table class=\"table table-striped\">\n<tbody>\n<tr>\n<th>Referanslar<\/th>\n<th>P015AA00<\/th>\n<th>P015AA01<\/th>\n<\/tr>\n<tr>\n<td>\u00c7ap<\/td>\n<td>8 mm<\/td>\n<td>8 mm<\/td>\n<\/tr>\n<tr>\n<td>Paket Say\u0131s\u0131<\/td>\n<td>10\u2019lu paket halinde sat\u0131l\u0131r<\/td>\n<td>Tekli olarak sat\u0131l\u0131r<\/td>\n<\/tr>\n<tr>\n<td>Ana eksen k\u0131r\u0131lma y\u00fck\u00fc<\/td>\n<td>30 kN<\/td>\n<td>30 kN<\/td>\n<\/tr>\n<tr>\n<td>Yanal\u00a0eksen k\u0131r\u0131lma y\u00fck\u00fc<\/td>\n<td>10 kN<\/td>\n<td>10 kN<\/td>\n<\/tr>\n<tr>\n<td>Kap\u0131\u00a0a\u00e7\u0131kl\u0131\u011f\u0131<\/td>\n<td>17 mm<\/td>\n<td>17 mm<\/td>\n<\/tr>\n<tr>\n<td>Garanti<\/td>\n<td>3 y\u0131l<\/td>\n<td>3 y\u0131l<\/td>\n<\/tr>\n<\/tbody>\n<\/table>\n<\/div>\n<\/div>\n","protected":false},"excerpt":{"rendered":"<p>T\u0131rman\u0131\u015f salonlar\u0131 i\u00e7in geni\u015f a\u00e7\u0131kl\u0131kl\u0131 ma\u011farac\u0131 karabinas\u0131 GO 8 mm h\u0131zl\u0131 ba\u011flant\u0131, bir TIPTOP \u00fcst ankraj karabinas\u0131 ba\u011flamak veya DJINN STEEL AXESS ekspresslerin \u00fcst karabinas\u0131n\u0131 de\u011fi\u015ftirmek i\u00e7in kullan\u0131labilir. 8 mm \u00e7ap\u0131 ve galvanizli \u00e7elik \u00e7er\u00e7evesi m\u00fckemmel dayan\u0131kl\u0131l\u0131k sa\u011flar. Karabinan\u0131n ana eksende y\u00fcklenmesini destekleyen ve d\u00f6nme riskini s\u0131n\u0131rlayan K-LINK konumland\u0131rma aksesuar\u0131 ile uyumludur. Bir TIPTOP \u00fcst [&hellip;]<\/p>\n","protected":false},"featured_media":2108,"comment_status":"open","ping_status":"closed","template":"","meta":[],"product_brand":[],"product_cat":[246],"product_tag":[],"class_list":{"0":"post-2107","1":"product","2":"type-product","3":"status-publish","4":"has-post-thumbnail","6":"product_cat-karabinalar","8":"first","9":"instock","10":"shipping-taxable","11":"product-type-simple"},"acf":[],"_links":{"self":[{"href":"https:\/\/exzone.com.tr\/index.php\/wp-json\/wp\/v2\/product\/2107","targetHints":{"allow":["GET"]}}],"collection":[{"href":"https:\/\/exzone.com.tr\/index.php\/wp-json\/wp\/v2\/product"}],"about":[{"href":"https:\/\/exzone.com.tr\/index.php\/wp-json\/wp\/v2\/types\/product"}],"replies":[{"embeddable":true,"href":"https:\/\/exzone.com.tr\/index.php\/wp-json\/wp\/v2\/comments?post=2107"}],"wp:featuredmedia":[{"embeddable":true,"href":"https:\/\/exzone.com.tr\/index.php\/wp-json\/wp\/v2\/media\/2108"}],"wp:attachment":[{"href":"https:\/\/exzone.com.tr\/index.php\/wp-json\/wp\/v2\/media?parent=2107"}],"wp:term":[{"taxonomy":"product_brand","embeddable":true,"href":"https:\/\/exzone.com.tr\/index.php\/wp-json\/wp\/v2\/product_brand?post=2107"},{"taxonomy":"product_cat","embeddable":true,"href":"https:\/\/exzone.com.tr\/index.php\/wp-json\/wp\/v2\/product_cat?post=2107"},{"taxonomy":"product_tag","embeddable":true,"href":"https:\/\/exzone.com.tr\/index.php\/wp-json\/wp\/v2\/product_tag?post=2107"}],"curies":[{"name":"wp","href":"https:\/\/api.w.org\/{rel}","templated":true}]}}