{"id":2103,"date":"2023-01-14T00:48:16","date_gmt":"2023-01-13T21:48:16","guid":{"rendered":"https:\/\/exzone.com.tr\/?post_type=product&#038;p=2103"},"modified":"2024-05-02T03:41:21","modified_gmt":"2024-05-02T00:41:21","slug":"petzl-delta-ucgen-magaraci-celik-karabina","status":"publish","type":"product","link":"https:\/\/exzone.com.tr\/index.php\/urun\/petzl-delta-ucgen-magaraci-celik-karabina\/","title":{"rendered":"PETZL DELTA \u00dc\u00e7gen Ma\u011farac\u0131 \u00c7elik Karabina"},"content":{"rendered":"<p>\u00dc\u00e7gen, \u00e7elik ma\u011farac\u0131 karabina<\/p>\n<p>Bir anahtarla kapat\u0131ld\u0131\u011f\u0131nda, bu \u00e7elik ma\u011farac\u0131 yar\u0131 kal\u0131c\u0131 bir ankraj halkas\u0131 haline gelir.<\/p>\n<p><strong>Bir anahtarla kapat\u0131ld\u0131\u011f\u0131nda, yar\u0131 kal\u0131c\u0131 bir ankraj halkas\u0131 haline gelir<\/strong><\/p>\n<p><strong>\u00dc\u00e7 versiyonda mevcuttur (10mm kal\u0131nl\u0131kta, 8mm kal\u0131nl\u0131kta, 8mm kal\u0131nl\u0131kta ve CROLL emniyet kemerine takmak i\u00e7in aksesuarla), ayr\u0131ca siyah renkte de mevcuttur<\/strong><\/p>\n<p><b>\u00d6zellikler:<\/b><\/p>\n<p><b>Materyal:\u00a0<\/b>\u00e7elik<\/p>\n<p><b>Sertifikalar:\u00a0<\/b>CE EN 362 type Q<\/p>\n<table class=\"table table-striped\">\n<tbody>\n<tr>\n<td><strong>Referanslar<\/strong><\/td>\n<td><strong>P11<\/strong><\/td>\n<td><strong>P11 8<\/strong><\/td>\n<td><strong>P11 8B<\/strong><\/td>\n<td><strong>P11 8BN<\/strong><\/td>\n<\/tr>\n<tr>\n<td><strong>\u00c7ap<\/strong><\/td>\n<td>10 mm<\/td>\n<td>8 mm<\/td>\n<td>8 mm<\/td>\n<td>8 mm<\/td>\n<\/tr>\n<tr>\n<td><strong>Renk<\/strong><\/td>\n<td>gri<\/td>\n<td>gri<\/td>\n<td>gri<\/td>\n<td>siyah<\/td>\n<\/tr>\n<tr>\n<td><strong>A\u011f\u0131rl\u0131k<\/strong><\/td>\n<td>150 g<\/td>\n<td>85 g<\/td>\n<td>95 g<\/td>\n<td>95 g<\/td>\n<\/tr>\n<tr>\n<td><strong>Ana eksen k\u0131r\u0131lma y\u00fck\u00fc\u00a0<\/strong><\/td>\n<td>25 kN<\/td>\n<td>25 kN<\/td>\n<td>25 kN<\/td>\n<td>25 kN<\/td>\n<\/tr>\n<tr>\n<td><strong>\u0130kincil eksen k\u0131r\u0131lma y\u00fck\u00fc\u00a0<\/strong><\/td>\n<td>10 kN<\/td>\n<td>10 kN<\/td>\n<td>10 kN<\/td>\n<td>10 kN<\/td>\n<\/tr>\n<tr>\n<td><strong>Kap\u0131 a\u00e7\u0131kl\u0131\u011f\u0131<\/strong><\/td>\n<td>12 mm<\/td>\n<td>10 mm<\/td>\n<td>10 mm<\/td>\n<td>10 mm<\/td>\n<\/tr>\n<tr>\n<td><strong>Garanti<\/strong><\/td>\n<td>3 y\u0131l<\/td>\n<td>3 y\u0131l<\/td>\n<td>3 y\u0131l<\/td>\n<td>3 y\u0131l<\/td>\n<\/tr>\n<tr>\n<td><strong>Paket<\/strong><\/td>\n<td>1<\/td>\n<td>1<\/td>\n<td>1<\/td>\n<td>1<\/td>\n<\/tr>\n<\/tbody>\n<\/table>\n","protected":false},"excerpt":{"rendered":"<p>\u00dc\u00e7gen, \u00e7elik ma\u011farac\u0131 karabina Bir anahtarla kapat\u0131ld\u0131\u011f\u0131nda, bu \u00e7elik ma\u011farac\u0131 yar\u0131 kal\u0131c\u0131 bir ankraj halkas\u0131 haline gelir. Bir anahtarla kapat\u0131ld\u0131\u011f\u0131nda, yar\u0131 kal\u0131c\u0131 bir ankraj halkas\u0131 haline gelir \u00dc\u00e7 versiyonda mevcuttur (10mm kal\u0131nl\u0131kta, 8mm kal\u0131nl\u0131kta, 8mm kal\u0131nl\u0131kta ve CROLL emniyet kemerine takmak i\u00e7in aksesuarla), ayr\u0131ca siyah renkte de mevcuttur \u00d6zellikler: Materyal:\u00a0\u00e7elik Sertifikalar:\u00a0CE EN 362 type Q [&hellip;]<\/p>\n","protected":false},"featured_media":2104,"comment_status":"open","ping_status":"closed","template":"","meta":[],"product_brand":[],"product_cat":[246],"product_tag":[],"class_list":{"0":"post-2103","1":"product","2":"type-product","3":"status-publish","4":"has-post-thumbnail","6":"product_cat-karabinalar","8":"first","9":"instock","10":"shipping-taxable","11":"product-type-simple"},"acf":[],"_links":{"self":[{"href":"https:\/\/exzone.com.tr\/index.php\/wp-json\/wp\/v2\/product\/2103","targetHints":{"allow":["GET"]}}],"collection":[{"href":"https:\/\/exzone.com.tr\/index.php\/wp-json\/wp\/v2\/product"}],"about":[{"href":"https:\/\/exzone.com.tr\/index.php\/wp-json\/wp\/v2\/types\/product"}],"replies":[{"embeddable":true,"href":"https:\/\/exzone.com.tr\/index.php\/wp-json\/wp\/v2\/comments?post=2103"}],"wp:featuredmedia":[{"embeddable":true,"href":"https:\/\/exzone.com.tr\/index.php\/wp-json\/wp\/v2\/media\/2104"}],"wp:attachment":[{"href":"https:\/\/exzone.com.tr\/index.php\/wp-json\/wp\/v2\/media?parent=2103"}],"wp:term":[{"taxonomy":"product_brand","embeddable":true,"href":"https:\/\/exzone.com.tr\/index.php\/wp-json\/wp\/v2\/product_brand?post=2103"},{"taxonomy":"product_cat","embeddable":true,"href":"https:\/\/exzone.com.tr\/index.php\/wp-json\/wp\/v2\/product_cat?post=2103"},{"taxonomy":"product_tag","embeddable":true,"href":"https:\/\/exzone.com.tr\/index.php\/wp-json\/wp\/v2\/product_tag?post=2103"}],"curies":[{"name":"wp","href":"https:\/\/api.w.org\/{rel}","templated":true}]}}