{"id":2100,"date":"2023-01-14T00:46:31","date_gmt":"2023-01-13T21:46:31","guid":{"rendered":"https:\/\/exzone.com.tr\/?post_type=product&#038;p=2100"},"modified":"2024-05-02T03:41:21","modified_gmt":"2024-05-02T00:41:21","slug":"petzl-go-7-mm-oval-magaraci-celik-karabina","status":"publish","type":"product","link":"https:\/\/exzone.com.tr\/index.php\/urun\/petzl-go-7-mm-oval-magaraci-celik-karabina\/","title":{"rendered":"PETZL GO 7 mm Oval Ma\u011farac\u0131 \u00c7elik Karabina"},"content":{"rendered":"<p>Oval, \u00e7elik ma\u011farac\u0131 karabina<\/p>\n<p>Bu \u00e7elik ma\u011farac\u0131, anahtarla kapat\u0131ld\u0131\u011f\u0131nda yar\u0131 kal\u0131c\u0131 bir ankraj halkas\u0131 haline gelir.<\/p>\n<p><strong>Anahtarla kapat\u0131ld\u0131\u011f\u0131nda yar\u0131 kal\u0131c\u0131 bir ankraj halkas\u0131 haline gelir.<\/strong><\/p>\n<p><b>\u00d6zellikler:<\/b><\/p>\n<p><strong>Kal\u0131nl\u0131k (\u00e7ap): 7 mm<\/strong><\/p>\n<p><b>Materyal:\u00a0<\/b>\u00e7elik<\/p>\n<p><b>Sertifikalar:\u00a0<\/b>CE EN 362 type Q<\/p>\n<table class=\"table table-striped\">\n<tbody>\n<tr>\n<td><strong>Referanslar<\/strong><\/td>\n<td><strong>P15<\/strong><\/td>\n<\/tr>\n<tr>\n<td><strong>Renk<\/strong><\/td>\n<td>gri<\/td>\n<\/tr>\n<tr>\n<td><strong>A\u011f\u0131rl\u0131k<\/strong><\/td>\n<td>60 g<\/td>\n<\/tr>\n<tr>\n<td><strong>Ana eksen k\u0131r\u0131lma y\u00fck\u00fc\u00a0<\/strong><\/td>\n<td>25 kN<\/td>\n<\/tr>\n<tr>\n<td><strong>\u0130kincil eksen k\u0131r\u0131lma y\u00fck\u00fc\u00a0<\/strong><\/td>\n<td>10 kN<\/td>\n<\/tr>\n<tr>\n<td><strong>Kap\u0131 a\u00e7\u0131kl\u0131\u011f\u0131<\/strong><\/td>\n<td>16 mm<\/td>\n<\/tr>\n<tr>\n<td><strong>Garanti<\/strong><\/td>\n<td>3 y\u0131l<\/td>\n<\/tr>\n<tr>\n<td><strong>Paket<\/strong><\/td>\n<td>1<\/td>\n<\/tr>\n<\/tbody>\n<\/table>\n","protected":false},"excerpt":{"rendered":"<p>Oval, \u00e7elik ma\u011farac\u0131 karabina Bu \u00e7elik ma\u011farac\u0131, anahtarla kapat\u0131ld\u0131\u011f\u0131nda yar\u0131 kal\u0131c\u0131 bir ankraj halkas\u0131 haline gelir. Anahtarla kapat\u0131ld\u0131\u011f\u0131nda yar\u0131 kal\u0131c\u0131 bir ankraj halkas\u0131 haline gelir. \u00d6zellikler: Kal\u0131nl\u0131k (\u00e7ap): 7 mm Materyal:\u00a0\u00e7elik Sertifikalar:\u00a0CE EN 362 type Q Referanslar P15 Renk gri A\u011f\u0131rl\u0131k 60 g Ana eksen k\u0131r\u0131lma y\u00fck\u00fc\u00a0 25 kN \u0130kincil eksen k\u0131r\u0131lma y\u00fck\u00fc\u00a0 10 kN [&hellip;]<\/p>\n","protected":false},"featured_media":2102,"comment_status":"open","ping_status":"closed","template":"","meta":[],"product_brand":[],"product_cat":[246],"product_tag":[],"class_list":{"0":"post-2100","1":"product","2":"type-product","3":"status-publish","4":"has-post-thumbnail","6":"product_cat-karabinalar","8":"first","9":"instock","10":"shipping-taxable","11":"product-type-simple"},"acf":[],"_links":{"self":[{"href":"https:\/\/exzone.com.tr\/index.php\/wp-json\/wp\/v2\/product\/2100","targetHints":{"allow":["GET"]}}],"collection":[{"href":"https:\/\/exzone.com.tr\/index.php\/wp-json\/wp\/v2\/product"}],"about":[{"href":"https:\/\/exzone.com.tr\/index.php\/wp-json\/wp\/v2\/types\/product"}],"replies":[{"embeddable":true,"href":"https:\/\/exzone.com.tr\/index.php\/wp-json\/wp\/v2\/comments?post=2100"}],"wp:featuredmedia":[{"embeddable":true,"href":"https:\/\/exzone.com.tr\/index.php\/wp-json\/wp\/v2\/media\/2102"}],"wp:attachment":[{"href":"https:\/\/exzone.com.tr\/index.php\/wp-json\/wp\/v2\/media?parent=2100"}],"wp:term":[{"taxonomy":"product_brand","embeddable":true,"href":"https:\/\/exzone.com.tr\/index.php\/wp-json\/wp\/v2\/product_brand?post=2100"},{"taxonomy":"product_cat","embeddable":true,"href":"https:\/\/exzone.com.tr\/index.php\/wp-json\/wp\/v2\/product_cat?post=2100"},{"taxonomy":"product_tag","embeddable":true,"href":"https:\/\/exzone.com.tr\/index.php\/wp-json\/wp\/v2\/product_tag?post=2100"}],"curies":[{"name":"wp","href":"https:\/\/api.w.org\/{rel}","templated":true}]}}