{"id":2097,"date":"2023-01-14T00:44:37","date_gmt":"2023-01-13T21:44:37","guid":{"rendered":"https:\/\/exzone.com.tr\/?post_type=product&#038;p=2097"},"modified":"2024-05-02T03:41:21","modified_gmt":"2024-05-02T00:41:21","slug":"petzl-mgo-open-boru-kancasi","status":"publish","type":"product","link":"https:\/\/exzone.com.tr\/index.php\/urun\/petzl-mgo-open-boru-kancasi\/","title":{"rendered":"PETZL MGO OPEN Boru Kancas\u0131"},"content":{"rendered":"<p>B\u00fcy\u00fck kap\u0131 a\u00e7\u0131kl\u0131\u011f\u0131 ve a\u00e7\u0131labilir ba\u011flant\u0131 noktas\u0131 olan otomatik kilitli y\u00f6nl\u00fc konnekt\u00f6r<\/p>\n<p>MGO OPEN, metal yap\u0131lara veya b\u00fcy\u00fck \u00e7apl\u0131 kablolara ve borulara tak\u0131lmak i\u00e7in geni\u015f kap\u0131 a\u00e7\u0131kl\u0131\u011f\u0131na sahip otomatik kilitli y\u00f6nl\u00fc bir karabinad\u0131r (boru kancas\u0131). Farkl\u0131 tipte lanyardlara ba\u011flanmak i\u00e7in a\u00e7\u0131labilir bir ba\u011flant\u0131 noktas\u0131na sahiptir. Lanyard hasar g\u00f6rm\u00fc\u015fse bile, karabina (boru kancas\u0131) tekrar kullan\u0131labilir.<\/p>\n<p><b>Metal yap\u0131lara veya b\u00fcy\u00fck \u00e7apl\u0131 kablolara ve borulara tak\u0131lmak i\u00e7in tasarlanm\u0131\u015ft\u0131r<\/b><\/p>\n<p><b>ABSORBICA-I, ABSORBICA-Y, JANE, PROGRESS veya PROGRESS ADJUST-type \u00e7ift lanyardlara ve GRILLON-tipi konumaland\u0131rma lanyardlar\u0131na do\u011frudan tak\u0131lmas\u0131 i\u00e7in a\u00e7\u0131labilir ba\u011flant\u0131 noktas\u0131na sahiptir. Lanyard hasar g\u00f6rm\u00fc\u015fse bile, karabina (boru kancas\u0131) tekrar kullan\u0131labilir<\/b><\/p>\n<p><b>\u00d6zel ba\u011flant\u0131 noktas\u0131, karabinan\u0131n (boru kancas\u0131) ana eksende y\u00fckl\u00fc kalmas\u0131na yard\u0131mc\u0131 olur<\/b><\/p>\n<p><b>Ergonomik kilit\u00a0<\/b><\/p>\n<p><b>\u00d6zellikler:<\/b><\/p>\n<p><b>Materyal:\u00a0<\/b>al\u00fcminyum<\/p>\n<p><b>Sertifikalar:\u00a0<\/b>CE EN 362, EAC<\/p>\n<div>\n<table class=\"table table-striped\">\n<tbody>\n<tr>\n<th>Referanslar<\/th>\n<th>MGOO 60<\/th>\n<th>M080AA00<\/th>\n<\/tr>\n<tr>\n<td><strong>Versiyon<\/strong><\/td>\n<td>MGO OPEN 60<\/td>\n<td>MGO OPEN 110<\/td>\n<\/tr>\n<tr>\n<td><strong>A\u011f\u0131rl\u0131k<\/strong><\/td>\n<td>490 g<\/td>\n<td>930 g<\/td>\n<\/tr>\n<tr>\n<td><strong>Ana eksen k\u0131r\u0131lma y\u00fck\u00fc\u00a0<\/strong><\/td>\n<td>23 kN<\/td>\n<td>23 kN<\/td>\n<\/tr>\n<tr>\n<td><strong>A\u00e7\u0131k kap\u0131l\u0131 k\u0131r\u0131lma y\u00fck\u00fc\u00a0<\/strong><\/td>\n<td>23 kN<\/td>\n<td>23 kN<\/td>\n<\/tr>\n<tr>\n<td><strong>Kap\u0131 a\u00e7\u0131kl\u0131\u011f\u0131<\/strong><\/td>\n<td>63 mm<\/td>\n<td>110 mm<\/td>\n<\/tr>\n<tr>\n<td><strong>Garanti<\/strong><\/td>\n<td>3\u00a0y\u0131l<\/td>\n<td>3\u00a0y\u0131l<\/td>\n<\/tr>\n<tr>\n<td><strong>Paket<\/strong><\/td>\n<td>1<\/td>\n<td>1<\/td>\n<\/tr>\n<\/tbody>\n<\/table>\n<\/div>\n","protected":false},"excerpt":{"rendered":"<p>B\u00fcy\u00fck kap\u0131 a\u00e7\u0131kl\u0131\u011f\u0131 ve a\u00e7\u0131labilir ba\u011flant\u0131 noktas\u0131 olan otomatik kilitli y\u00f6nl\u00fc konnekt\u00f6r MGO OPEN, metal yap\u0131lara veya b\u00fcy\u00fck \u00e7apl\u0131 kablolara ve borulara tak\u0131lmak i\u00e7in geni\u015f kap\u0131 a\u00e7\u0131kl\u0131\u011f\u0131na sahip otomatik kilitli y\u00f6nl\u00fc bir karabinad\u0131r (boru kancas\u0131). Farkl\u0131 tipte lanyardlara ba\u011flanmak i\u00e7in a\u00e7\u0131labilir bir ba\u011flant\u0131 noktas\u0131na sahiptir. Lanyard hasar g\u00f6rm\u00fc\u015fse bile, karabina (boru kancas\u0131) tekrar kullan\u0131labilir. Metal [&hellip;]<\/p>\n","protected":false},"featured_media":2098,"comment_status":"open","ping_status":"closed","template":"","meta":[],"product_brand":[],"product_cat":[246],"product_tag":[],"class_list":{"0":"post-2097","1":"product","2":"type-product","3":"status-publish","4":"has-post-thumbnail","6":"product_cat-karabinalar","8":"first","9":"instock","10":"shipping-taxable","11":"product-type-simple"},"acf":[],"_links":{"self":[{"href":"https:\/\/exzone.com.tr\/index.php\/wp-json\/wp\/v2\/product\/2097","targetHints":{"allow":["GET"]}}],"collection":[{"href":"https:\/\/exzone.com.tr\/index.php\/wp-json\/wp\/v2\/product"}],"about":[{"href":"https:\/\/exzone.com.tr\/index.php\/wp-json\/wp\/v2\/types\/product"}],"replies":[{"embeddable":true,"href":"https:\/\/exzone.com.tr\/index.php\/wp-json\/wp\/v2\/comments?post=2097"}],"wp:featuredmedia":[{"embeddable":true,"href":"https:\/\/exzone.com.tr\/index.php\/wp-json\/wp\/v2\/media\/2098"}],"wp:attachment":[{"href":"https:\/\/exzone.com.tr\/index.php\/wp-json\/wp\/v2\/media?parent=2097"}],"wp:term":[{"taxonomy":"product_brand","embeddable":true,"href":"https:\/\/exzone.com.tr\/index.php\/wp-json\/wp\/v2\/product_brand?post=2097"},{"taxonomy":"product_cat","embeddable":true,"href":"https:\/\/exzone.com.tr\/index.php\/wp-json\/wp\/v2\/product_cat?post=2097"},{"taxonomy":"product_tag","embeddable":true,"href":"https:\/\/exzone.com.tr\/index.php\/wp-json\/wp\/v2\/product_tag?post=2097"}],"curies":[{"name":"wp","href":"https:\/\/api.w.org\/{rel}","templated":true}]}}