{"id":2085,"date":"2023-01-14T00:41:35","date_gmt":"2023-01-13T21:41:35","guid":{"rendered":"https:\/\/exzone.com.tr\/?post_type=product&#038;p=2085"},"modified":"2024-05-02T03:41:21","modified_gmt":"2024-05-02T00:41:21","slug":"petzl-bmd-yuksek-kapasiteli-karabina","status":"publish","type":"product","link":"https:\/\/exzone.com.tr\/index.php\/urun\/petzl-bmd-yuksek-kapasiteli-karabina\/","title":{"rendered":"PETZL Bm&#8217;D Y\u00fcksek Kapasiteli Karabina"},"content":{"rendered":"<p>Hafif ve asimetrik, y\u00fcksek \u00e7ekerli karabina<\/p>\n<p>Bm\u2019D hafif ve y\u00fcksek \u00e7ekerli asimetrik karabina al\u00fcminyumdan \u00fcretilmi\u015ftir. \u00d6zellikle ini\u015f aletleri veya konumlanma lanyardlar\u0131 gibi \u00e7e\u015fitli ekipmanlara ba\u011flanmaya uygun olan D \u015fekline sahiptir. Ak\u0131c\u0131 i\u00e7 tasar\u0131m\u0131 ve Keylock sistemi kullan\u0131m\u0131 kolayla\u015ft\u0131r\u0131r. Bm\u2019D karabina, TRIACT-LOCK otomatik kilit sistemine sahiptir. Kap\u0131 k\u0131sm\u0131, yanal ve ters y\u00fck binmesi durumuna kar\u015f\u0131 g\u00fc\u00e7lendirilmi\u015ftir. Karabinan\u0131n ana ekseninde konumlanmas\u0131n\u0131 kolayla\u015ft\u0131rmak, d\u00f6nme riskini azaltmak ve aletle entegre kalmas\u0131n\u0131 sa\u011flamak i\u00e7in CAPTIV konumlama aparat\u0131 ile kullan\u0131labilir<\/p>\n<p><b>D tasar\u0131m\u0131 sayesinde \u00f6zellikle ini\u015f aletleri veya konumlanma lanyardlar\u0131 gibi \u00e7e\u015fitli ekipmanlara ba\u011flant\u0131 i\u00e7in uygundur<\/b><\/p>\n<p><b>\u00c7al\u0131\u015fan\u0131n ta\u015f\u0131mas\u0131 gereken toplam ekipman a\u011f\u0131rl\u0131\u011f\u0131n\u0131n d\u00fc\u015f\u00fck kalmas\u0131n\u0131 sa\u011flayan, hafif, al\u00fcminyum karabina.<\/b><\/p>\n<p><b>Kap\u0131 k\u0131sm\u0131, yanal ve ters y\u00fck binmesi durumuna kar\u015f\u0131 g\u00fc\u00e7lendirilmi\u015ftir.<\/b><\/p>\n<p><b>Karabinan\u0131n ana ekseninde konumlanmas\u0131n\u0131 kolayla\u015ft\u0131rmak, d\u00f6nme riskini azaltmak ve aletle entegre kalmas\u0131n\u0131 sa\u011flamak i\u00e7in CAPTIV konumlama aparat\u0131 ile kullan\u0131labilir.<\/b><\/p>\n<p><b>Kolay kullan\u0131m:<\/b><\/p>\n<ul>\n<li>&#8211; Ak\u0131c\u0131 i\u00e7 tasar\u0131m\u0131 sayesinde tak\u0131lma ihtimali olan bir noktas\u0131 yoktur, bu tak\u0131lma riskini azalt\u0131r ve karabinan\u0131n kolayca d\u00f6nmesini sa\u011flar<\/li>\n<li>&#8211; \u0130stemsiz tak\u0131lmalar\u0131 ve a\u00e7\u0131lmay\u0131 \u00f6nlemek i\u00e7in Keylock kilitleme sistemi<\/li>\n<\/ul>\n<p><b>H kesiti:<\/b><\/p>\n<ul>\n<li>&#8211; Optimum g\u00fc\u00e7 \/ a\u011f\u0131rl\u0131k oran\u0131 sa\u011flar<\/li>\n<li>&#8211; \u0130\u015faretlemeleri a\u015f\u0131nmaya kar\u015f\u0131 korur<\/li>\n<\/ul>\n<p><b>TRIACT-LOCK otomatik kilit sistemi: \u00fc\u00e7 hareketli otomatik kilitleme sistemi<\/b><\/p>\n<p><strong>Siyah renkte de mevcuttur<\/strong><\/p>\n<p><b>\u00d6zellikler:<\/b><\/p>\n<p><b>Materyal:\u00a0<\/b>al\u00fcminyum<\/p>\n<p><b>Sertifikalar:\u00a0<\/b>CE EN 362, EAC, ANSI Z359.12, NFPA 1983 Technical Use, CSA Z259.12<\/p>\n<table class=\"table table-striped\">\n<tbody>\n<tr>\n<td><strong>Referanslar<\/strong><\/td>\n<td><strong>M032AA00<\/strong><\/td>\n<td><strong>M032AA01<\/strong><\/td>\n<\/tr>\n<tr>\n<td><strong>A\u011f\u0131rl\u0131k<\/strong><\/td>\n<td>105 g<\/td>\n<td>105 g<\/td>\n<\/tr>\n<tr>\n<td><strong>Kilit sistemi<\/strong><\/td>\n<td>TRIACT-LOCK<\/td>\n<td>TRIACT-LOCK<\/td>\n<\/tr>\n<tr>\n<td><strong>Renk<\/strong><\/td>\n<td>gri<\/td>\n<td>siyah<\/td>\n<\/tr>\n<tr>\n<td><strong>Ana eksen k\u0131r\u0131lma y\u00fck\u00fc\u00a0<\/strong><\/td>\n<td>32 kN<\/td>\n<td>32 kN<\/td>\n<\/tr>\n<tr>\n<td><strong>\u0130kincil eksen k\u0131r\u0131lma y\u00fck\u00fc\u00a0<\/strong><\/td>\n<td>16 kN<\/td>\n<td>16 kN<\/td>\n<\/tr>\n<tr>\n<td><strong>A\u00e7\u0131k kap\u0131l\u0131 k\u0131r\u0131lma y\u00fck\u00fc\u00a0<\/strong><\/td>\n<td>10 kN<\/td>\n<td>10 kN<\/td>\n<\/tr>\n<tr>\n<td><strong>Kap\u0131 a\u00e7\u0131kl\u0131\u011f\u0131<\/strong><\/td>\n<td>18 mm<\/td>\n<td>18 mm<\/td>\n<\/tr>\n<tr>\n<td><strong>Garanti<\/strong><\/td>\n<td>3 y\u0131l<\/td>\n<td>3 y\u0131l<\/td>\n<\/tr>\n<tr>\n<td><strong>Paket<\/strong><\/td>\n<td>1<\/td>\n<td>1<\/td>\n<\/tr>\n<\/tbody>\n<\/table>\n","protected":false},"excerpt":{"rendered":"<p>Hafif ve asimetrik, y\u00fcksek \u00e7ekerli karabina Bm\u2019D hafif ve y\u00fcksek \u00e7ekerli asimetrik karabina al\u00fcminyumdan \u00fcretilmi\u015ftir. \u00d6zellikle ini\u015f aletleri veya konumlanma lanyardlar\u0131 gibi \u00e7e\u015fitli ekipmanlara ba\u011flanmaya uygun olan D \u015fekline sahiptir. Ak\u0131c\u0131 i\u00e7 tasar\u0131m\u0131 ve Keylock sistemi kullan\u0131m\u0131 kolayla\u015ft\u0131r\u0131r. Bm\u2019D karabina, TRIACT-LOCK otomatik kilit sistemine sahiptir. Kap\u0131 k\u0131sm\u0131, yanal ve ters y\u00fck binmesi durumuna kar\u015f\u0131 g\u00fc\u00e7lendirilmi\u015ftir. [&hellip;]<\/p>\n","protected":false},"featured_media":2086,"comment_status":"open","ping_status":"closed","template":"","meta":[],"product_brand":[],"product_cat":[246],"product_tag":[],"class_list":{"0":"post-2085","1":"product","2":"type-product","3":"status-publish","4":"has-post-thumbnail","6":"product_cat-karabinalar","8":"first","9":"instock","10":"shipping-taxable","11":"product-type-simple"},"acf":[],"_links":{"self":[{"href":"https:\/\/exzone.com.tr\/index.php\/wp-json\/wp\/v2\/product\/2085","targetHints":{"allow":["GET"]}}],"collection":[{"href":"https:\/\/exzone.com.tr\/index.php\/wp-json\/wp\/v2\/product"}],"about":[{"href":"https:\/\/exzone.com.tr\/index.php\/wp-json\/wp\/v2\/types\/product"}],"replies":[{"embeddable":true,"href":"https:\/\/exzone.com.tr\/index.php\/wp-json\/wp\/v2\/comments?post=2085"}],"wp:featuredmedia":[{"embeddable":true,"href":"https:\/\/exzone.com.tr\/index.php\/wp-json\/wp\/v2\/media\/2086"}],"wp:attachment":[{"href":"https:\/\/exzone.com.tr\/index.php\/wp-json\/wp\/v2\/media?parent=2085"}],"wp:term":[{"taxonomy":"product_brand","embeddable":true,"href":"https:\/\/exzone.com.tr\/index.php\/wp-json\/wp\/v2\/product_brand?post=2085"},{"taxonomy":"product_cat","embeddable":true,"href":"https:\/\/exzone.com.tr\/index.php\/wp-json\/wp\/v2\/product_cat?post=2085"},{"taxonomy":"product_tag","embeddable":true,"href":"https:\/\/exzone.com.tr\/index.php\/wp-json\/wp\/v2\/product_tag?post=2085"}],"curies":[{"name":"wp","href":"https:\/\/api.w.org\/{rel}","templated":true}]}}