{"id":2078,"date":"2023-01-14T00:39:49","date_gmt":"2023-01-13T21:39:49","guid":{"rendered":"https:\/\/exzone.com.tr\/?post_type=product&#038;p=2078"},"modified":"2024-05-02T03:41:21","modified_gmt":"2024-05-02T00:41:21","slug":"petzl-vulcan-yuksek-kapasiteli-celik-karabina","status":"publish","type":"product","link":"https:\/\/exzone.com.tr\/index.php\/urun\/petzl-vulcan-yuksek-kapasiteli-celik-karabina\/","title":{"rendered":"PETZL VULCAN Y\u00fcksek Kapasiteli \u00c7elik Karabina"},"content":{"rendered":"<p>Y\u00fcksek \u00e7ekerli ve y\u00fcksek kapasiteli asimetrik karabina<\/p>\n<p>VULCAN, zorlu ortamlarda kullan\u0131lmak i\u00e7in tasarlanm\u0131\u015f y\u00fcksek \u00e7ekerli \u00e7elik bir karabinad\u0131r. Y\u00fcksek kapasiteli asimetrik \u015fekil, birden fazla aletin tak\u0131lmas\u0131na olanak verir. \u0130ki farkl\u0131 kilitleme sistemi ile mevcuttur: otomatik TRIACT-LOCK kilit sistemi veya manuel SCREW-LOCK kilit sistemi. VULCAN TRIACT-LOCK\u2019\u0131n Avrupa ve Uluslararas\u0131 olarak iki versiyonu vard\u0131r. Karabinan\u0131n ana ekseninde konumlanmas\u0131n\u0131 kolayla\u015ft\u0131rmak, d\u00f6nme riskini azaltmak ve aletle entegre kalmas\u0131n\u0131 sa\u011flamak i\u00e7in CAPTIV konumlama aparat\u0131 ile kullan\u0131labilir.<\/p>\n<p><strong>Zorlu ortamlarda kullan\u0131lmak i\u00e7in tasarlanm\u0131\u015f y\u00fcksek \u00e7ekerli \u00e7elik bir karabina \u00f6zellikle istasyon kurmak ve metal yap\u0131lar\u0131 birle\u015ftirmeye uygundur, \u00f6zellikle \u00e7oklu istasyon sistemleri kurarken<\/strong><\/p>\n<p><b>Kolay kullan\u0131m:<\/b><\/p>\n<ul>\n<li>&#8211; Ak\u0131c\u0131 i\u00e7 tasar\u0131m\u0131 sayesinde tak\u0131lma ihtimali olan bir noktas\u0131 yoktur, bu tak\u0131lma riskini azalt\u0131r ve karabinan\u0131n kolayca d\u00f6nmesini sa\u011flar<\/li>\n<li>&#8211; \u0130stemsiz tak\u0131lmalar\u0131 ve a\u00e7\u0131lmay\u0131 \u00f6nlemek i\u00e7in Keylock kilitleme sistemi<\/li>\n<li>&#8211; Karabinan\u0131n ana ekseninde konumlanmas\u0131n\u0131 kolayla\u015ft\u0131rmak, d\u00f6nme riskini azaltmak ve aletle entegre kalmas\u0131n\u0131 sa\u011flamak i\u00e7in CAPTIV konumlama aparat\u0131 ile kullan\u0131labilir.<\/li>\n<\/ul>\n<p><b>H kesiti:<\/b><\/p>\n<ul>\n<li>&#8211; Optimum g\u00fc\u00e7 \/ a\u011f\u0131rl\u0131k oran\u0131 sa\u011flar<\/li>\n<li>&#8211; \u0130\u015faretlemeleri a\u015f\u0131nmaya kar\u015f\u0131 korur<\/li>\n<\/ul>\n<p><b>\u0130ki farkl\u0131 kilitleme sistemi ile mevcut:<\/b><\/p>\n<ul>\n<li>&#8211; TRIACT-LOCK: \u00fc\u00e7 hareketli otomatik kilitleme sistemi<\/li>\n<li>&#8211; SCREW-LOCK: karabinan\u0131n kilitli olup olmad\u0131\u011f\u0131n\u0131 g\u00f6steren k\u0131rm\u0131z\u0131 indikat\u00f6re sahip manuel vidal\u0131 kilit<\/li>\n<\/ul>\n<p><strong>Avrupa ve Uluslararas\u0131 olarak iki versiyonu vard\u0131r.<\/strong><\/p>\n<p><strong>Siyah renkte de mevcuttur<\/strong><\/p>\n<p><b>\u00d6zellikler:<\/b><\/p>\n<p><b>Materyal:\u00a0<\/b>\u00e7elik<\/p>\n<table class=\"table table-striped\">\n<tbody>\n<tr>\n<td><strong>Referanslar<\/strong><\/td>\n<td><strong>M073BA00<\/strong><\/td>\n<td><strong>M073AA00<\/strong><\/td>\n<td><strong>M073CA00<\/strong><\/td>\n<td><strong>M073CA01<\/strong><\/td>\n<td><strong>M073AA01<\/strong><\/td>\n<\/tr>\n<tr>\n<td><strong>Kilit sistemi<\/strong><\/td>\n<td>TRIACT-LOCK<\/td>\n<td>SCREW-LOCK<\/td>\n<td>TRIACT-LOCK<\/td>\n<td>TRIACT-LOCK<\/td>\n<td>SCREW-LOCK<\/td>\n<\/tr>\n<tr>\n<td><strong>Sertifikalar<\/strong><\/td>\n<td>CE EN 362, NFPA 1983 General Use, EAC<\/td>\n<td>CE EN 362, NFPA 1983 General Use, EAC<\/td>\n<td>CE EN 362, ANSI Z359.1, NFPA 1983 General Use, CSA Z259.12, EAC<\/td>\n<td>CE EN 362, ANSI Z359.1, NFPA 1983 General Use, CSA Z259.12, EAC<\/td>\n<td>CE EN 362, NFPA 1983 General Use, EAC<\/td>\n<\/tr>\n<tr>\n<td><strong>Renk<\/strong><\/td>\n<td>alt\u0131n sar\u0131s\u0131<\/td>\n<td>alt\u0131n sar\u0131s\u0131<\/td>\n<td>alt\u0131n sar\u0131s\u0131<\/td>\n<td>siyah<\/td>\n<td>siyah<\/td>\n<\/tr>\n<tr>\n<td><strong>Ana eksen k\u0131r\u0131lma y\u00fck\u00fc\u00a0<\/strong><\/td>\n<td>45 kN<\/td>\n<td>45 kN<\/td>\n<td>45 kN<\/td>\n<td>45 kN<\/td>\n<td>45 kN<\/td>\n<\/tr>\n<tr>\n<td><strong>\u0130kincil eksen k\u0131r\u0131lma y\u00fck\u00fc\u00a0<\/strong><\/td>\n<td>16 kN<\/td>\n<td>16 kN<\/td>\n<td>16 kN<\/td>\n<td>16 kN<\/td>\n<td>16 kN<\/td>\n<\/tr>\n<tr>\n<td><strong>A\u00e7\u0131k kap\u0131l\u0131 k\u0131r\u0131lma y\u00fck\u00fc\u00a0<\/strong><\/td>\n<td>18\u00a0kN<\/td>\n<td>18\u00a0kN<\/td>\n<td>18\u00a0kN<\/td>\n<td>18\u00a0kN<\/td>\n<td>18\u00a0kN<\/td>\n<\/tr>\n<tr>\n<td><strong>Kap\u0131 a\u00e7\u0131kl\u0131\u011f\u0131<\/strong><\/td>\n<td>28 mm<\/td>\n<td>29 mm<\/td>\n<td>26 mm<\/td>\n<td>26 mm<\/td>\n<td>29 mm<\/td>\n<\/tr>\n<tr>\n<td><strong>A\u011f\u0131rl\u0131k<\/strong><\/td>\n<td>245 g<\/td>\n<td>235 g<\/td>\n<td>265 g<\/td>\n<td>265 g<\/td>\n<td>235 g<\/td>\n<\/tr>\n<tr>\n<td><strong>Garanti<\/strong><\/td>\n<td>3 y\u0131l<\/td>\n<td>3 y\u0131l<\/td>\n<td>3 y\u0131l<\/td>\n<td>3 y\u0131l<\/td>\n<td>3 y\u0131l<\/td>\n<\/tr>\n<tr>\n<td><strong>Paket<\/strong><\/td>\n<td>1<\/td>\n<td>1<\/td>\n<td>1<\/td>\n<td>1<\/td>\n<\/tr>\n<\/tbody>\n<\/table>\n","protected":false},"excerpt":{"rendered":"<p>Y\u00fcksek \u00e7ekerli ve y\u00fcksek kapasiteli asimetrik karabina VULCAN, zorlu ortamlarda kullan\u0131lmak i\u00e7in tasarlanm\u0131\u015f y\u00fcksek \u00e7ekerli \u00e7elik bir karabinad\u0131r. Y\u00fcksek kapasiteli asimetrik \u015fekil, birden fazla aletin tak\u0131lmas\u0131na olanak verir. \u0130ki farkl\u0131 kilitleme sistemi ile mevcuttur: otomatik TRIACT-LOCK kilit sistemi veya manuel SCREW-LOCK kilit sistemi. VULCAN TRIACT-LOCK\u2019\u0131n Avrupa ve Uluslararas\u0131 olarak iki versiyonu vard\u0131r. Karabinan\u0131n ana ekseninde [&hellip;]<\/p>\n","protected":false},"featured_media":2079,"comment_status":"open","ping_status":"closed","template":"","meta":[],"product_brand":[],"product_cat":[246],"product_tag":[],"class_list":{"0":"post-2078","1":"product","2":"type-product","3":"status-publish","4":"has-post-thumbnail","6":"product_cat-karabinalar","8":"first","9":"instock","10":"shipping-taxable","11":"product-type-simple"},"acf":[],"_links":{"self":[{"href":"https:\/\/exzone.com.tr\/index.php\/wp-json\/wp\/v2\/product\/2078","targetHints":{"allow":["GET"]}}],"collection":[{"href":"https:\/\/exzone.com.tr\/index.php\/wp-json\/wp\/v2\/product"}],"about":[{"href":"https:\/\/exzone.com.tr\/index.php\/wp-json\/wp\/v2\/types\/product"}],"replies":[{"embeddable":true,"href":"https:\/\/exzone.com.tr\/index.php\/wp-json\/wp\/v2\/comments?post=2078"}],"wp:featuredmedia":[{"embeddable":true,"href":"https:\/\/exzone.com.tr\/index.php\/wp-json\/wp\/v2\/media\/2079"}],"wp:attachment":[{"href":"https:\/\/exzone.com.tr\/index.php\/wp-json\/wp\/v2\/media?parent=2078"}],"wp:term":[{"taxonomy":"product_brand","embeddable":true,"href":"https:\/\/exzone.com.tr\/index.php\/wp-json\/wp\/v2\/product_brand?post=2078"},{"taxonomy":"product_cat","embeddable":true,"href":"https:\/\/exzone.com.tr\/index.php\/wp-json\/wp\/v2\/product_cat?post=2078"},{"taxonomy":"product_tag","embeddable":true,"href":"https:\/\/exzone.com.tr\/index.php\/wp-json\/wp\/v2\/product_tag?post=2078"}],"curies":[{"name":"wp","href":"https:\/\/api.w.org\/{rel}","templated":true}]}}