{"id":2066,"date":"2023-01-14T00:37:50","date_gmt":"2023-01-13T21:37:50","guid":{"rendered":"https:\/\/exzone.com.tr\/?post_type=product&#038;p=2066"},"modified":"2024-05-02T03:41:21","modified_gmt":"2024-05-02T00:41:21","slug":"petzl-william-kilitli-karabina","status":"publish","type":"product","link":"https:\/\/exzone.com.tr\/index.php\/urun\/petzl-william-kilitli-karabina\/","title":{"rendered":"PETZL WILLIAM Kilitli Karabina"},"content":{"rendered":"<p>Hafif, asimetrik, geni\u015f kapasiteli karabina<\/p>\n<p>WILLIAM hafif, geni\u015f kapasiteli asimetrik karabina al\u00fcminyumdan \u00fcretilmi\u015ftir. Birden fazla ekipman ba\u011flamay\u0131 kolayla\u015ft\u0131ran armut \u015fekline sahiptir. Ak\u0131c\u0131 i\u00e7 tasar\u0131m\u0131 ve Keylock sistemi kullan\u0131m\u0131 kolayla\u015ft\u0131r\u0131r. \u00dc\u00e7 farkl\u0131 kilitlenme sistemi ile mevcuttur: otomatik TRIACT-LOCK veya BALL-LOCK sistemi ya da manuel SCREW-LOCK sistemi. Karabinan\u0131n ana ekseninde konumlanmas\u0131n\u0131 kolayla\u015ft\u0131rmak, d\u00f6nme riskini azaltmak ve aletle entegre kalmas\u0131n\u0131 sa\u011flamak i\u00e7in CAPTIV konumlama aparat\u0131 ile kullan\u0131labilir.<\/p>\n<p><b>Detayl\u0131 A\u00e7\u0131klama:<\/b><\/p>\n<p><b>Armut \u015fekli geni\u015f bir kapasite ve geni\u015f bir a\u00e7\u0131kl\u0131k sunar:<\/b><\/p>\n<ul>\n<li>Birden fazla \u00f6\u011fenin ba\u011flant\u0131s\u0131n\u0131 kolayla\u015ft\u0131r\u0131r<\/li>\n<li>Ka\u00e7\u0131\u015f i\u00e7in yar\u0131m kaz\u0131k kullan\u0131lmas\u0131n\u0131 m\u00fcmk\u00fcn k\u0131lar<\/li>\n<\/ul>\n<p><b>\u00c7al\u0131\u015fan\u0131n ta\u015f\u0131mas\u0131 gereken ekipman\u0131n a\u011f\u0131rl\u0131\u011f\u0131n\u0131 azaltan hafif al\u00fcminyum karabina.<\/b><\/p>\n<p><b>Kolay kullan\u0131m:<\/b><\/p>\n<ul>\n<li>Ak\u0131c\u0131 i\u00e7 tasar\u0131m, bir tak\u0131lma noktas\u0131na sahip olma riskini azalt\u0131r ve karabinan\u0131n d\u00f6n\u00fc\u015f\u00fcn\u00fc kolayla\u015ft\u0131r\u0131r<\/li>\n<li>\u0130stemsiz tak\u0131lmalar\u0131 \u00f6nlemek i\u00e7in Keylock kilitleme sistemi<\/li>\n<\/ul>\n<p><b>H kesiti:<\/b><\/p>\n<ul>\n<li>Optimum g\u00fc\u00e7 \/ a\u011f\u0131rl\u0131k oran\u0131 sa\u011flar<\/li>\n<li>\u0130\u015faretlemeleri a\u015f\u0131nmaya kar\u015f\u0131 korur<\/li>\n<\/ul>\n<p><b>\u00dc\u00e7 farkl\u0131 kilitleme sistemi ile mevcut:<\/b><\/p>\n<ul>\n<li>TRIACT-LOCK: \u00fc\u00e7 hareketli otomatik kilitleme sistemi<\/li>\n<li>BALL-LOCK: k\u0131rm\u0131z\u0131 indikat\u00f6rl\u00fc \u00fc\u00e7 hareketli otomatik kilitleme sistemi<\/li>\n<li>SCREW-LOCK: karabinan\u0131n kilitli olup olmad\u0131\u011f\u0131n\u0131 g\u00f6steren k\u0131rm\u0131z\u0131 indikat\u00f6re sahip manuel vidal\u0131 kilit<\/li>\n<\/ul>\n<p><b>Siyah renkte (TRIACT-LOCK ve SCREW-LOCK versiyonlar\u0131 ile) ve alt\u0131n renginde (TRIACT-LOCK ve BALL-LOCK versiyonlar\u0131 ile) de mevcuttur<\/b><\/p>\n<p><b>\u00d6zellikler:<\/b><\/p>\n<p><b>Materyal:\u00a0<\/b>al\u00fcminyum<\/p>\n<p><b>Sertifikalar:\u00a0<\/b>CE EN 362, EAC, NFPA 1983 Technical Use<\/p>\n<div>\n<table class=\"table table-striped\">\n<tbody>\n<tr>\n<th><strong>Referanslar<\/strong><\/th>\n<th>M36A TL<\/th>\n<th>M36A BL<\/th>\n<th>M36A SL<\/th>\n<th>M36A TLN<\/th>\n<th>M36A SLN<\/th>\n<th>M36A TLY<\/th>\n<\/tr>\n<tr>\n<td>A\u011f\u0131rl\u0131k<\/td>\n<td>90 g<\/td>\n<td>90 g<\/td>\n<td>85 g<\/td>\n<td>90 g<\/td>\n<td>85 g<\/td>\n<td>90 g<\/td>\n<\/tr>\n<tr>\n<td>Kilit sistemi<\/td>\n<td>TRIACT-LOCK<\/td>\n<td>BALL-LOCK<\/td>\n<td>SCREW-LOCK<\/td>\n<td>TRIACT-LOCK<\/td>\n<td>SCREW-LOCK<\/td>\n<td>TRIACT-LOCK<\/td>\n<\/tr>\n<tr>\n<td>Renk<\/td>\n<td>gri<\/td>\n<td>gri<\/td>\n<td>gri<\/td>\n<td>siyah<\/td>\n<td>siyah<\/td>\n<td>alt\u0131n<\/td>\n<\/tr>\n<tr>\n<td>Ana eksen k\u0131r\u0131lma y\u00fck\u00fc<\/td>\n<td>27 kN<\/td>\n<td>27 kN<\/td>\n<td>27 kN<\/td>\n<td>27 kN<\/td>\n<td>27 kN<\/td>\n<td>27 kN<\/td>\n<\/tr>\n<tr>\n<td>\u0130kincil eksen k\u0131r\u0131lma y\u00fck\u00fc<\/td>\n<td>8 kN<\/td>\n<td>8 kN<\/td>\n<td>8 kN<\/td>\n<td>8 kN<\/td>\n<td>8 kN<\/td>\n<td>8 kN<\/td>\n<\/tr>\n<tr>\n<td>A\u00e7\u0131k kap\u0131l\u0131 k\u0131r\u0131lma y\u00fck\u00fc<\/td>\n<td>8 kN<\/td>\n<td>8 kN<\/td>\n<td>8 kN<\/td>\n<td>8 kN<\/td>\n<td>8 kN<\/td>\n<td>8 kN<\/td>\n<\/tr>\n<tr>\n<td>Kap\u0131 a\u00e7\u0131kl\u0131\u011f\u0131<\/td>\n<td>27 mm<\/td>\n<td>27 mm<\/td>\n<td>28 mm<\/td>\n<td>27 mm<\/td>\n<td>28 mm<\/td>\n<td>27 mm<\/td>\n<\/tr>\n<tr>\n<td>Garanti<\/td>\n<td>3\u00a0y\u0131l<\/td>\n<td>3 y\u0131l<\/td>\n<td>3 y\u0131l<\/td>\n<td>3 y\u0131l<\/td>\n<td>3 y\u0131l<\/td>\n<td>3 y\u0131l<\/td>\n<\/tr>\n<tr>\n<td>Paket<\/td>\n<td>1<\/td>\n<td>1<\/td>\n<td>1<\/td>\n<td>1<\/td>\n<td>1<\/td>\n<td>1<\/td>\n<\/tr>\n<\/tbody>\n<\/table>\n<table class=\"table table-striped\">\n<tbody>\n<tr>\n<th>References<\/th>\n<th>M36A BLY<\/th>\n<\/tr>\n<tr>\n<td>A\u011f\u0131rl\u0131k<\/td>\n<td>90 g<\/td>\n<\/tr>\n<tr>\n<td>Kilit sistemi<\/td>\n<td>BALL-LOCK<\/td>\n<\/tr>\n<tr>\n<td>Renk<\/td>\n<td>alt\u0131n<\/td>\n<\/tr>\n<tr>\n<td>Ana eksen k\u0131r\u0131lma y\u00fck\u00fc<\/td>\n<td>27 kN<\/td>\n<\/tr>\n<tr>\n<td>\u0130kincil eksen k\u0131r\u0131lma y\u00fck\u00fc<\/td>\n<td>8 kN<\/td>\n<\/tr>\n<tr>\n<td>A\u00e7\u0131k kap\u0131l\u0131 k\u0131r\u0131lma y\u00fck\u00fc<\/td>\n<td>8 kN<\/td>\n<\/tr>\n<tr>\n<td>Kap\u0131 a\u00e7\u0131kl\u0131\u011f\u0131<\/td>\n<td>27 mm<\/td>\n<\/tr>\n<tr>\n<td>Garanti<\/td>\n<td>3 y\u0131l<\/td>\n<\/tr>\n<tr>\n<td>Paket<\/td>\n<td>1<\/td>\n<\/tr>\n<\/tbody>\n<\/table>\n<\/div>\n","protected":false},"excerpt":{"rendered":"<p>Hafif, asimetrik, geni\u015f kapasiteli karabina WILLIAM hafif, geni\u015f kapasiteli asimetrik karabina al\u00fcminyumdan \u00fcretilmi\u015ftir. Birden fazla ekipman ba\u011flamay\u0131 kolayla\u015ft\u0131ran armut \u015fekline sahiptir. Ak\u0131c\u0131 i\u00e7 tasar\u0131m\u0131 ve Keylock sistemi kullan\u0131m\u0131 kolayla\u015ft\u0131r\u0131r. \u00dc\u00e7 farkl\u0131 kilitlenme sistemi ile mevcuttur: otomatik TRIACT-LOCK veya BALL-LOCK sistemi ya da manuel SCREW-LOCK sistemi. Karabinan\u0131n ana ekseninde konumlanmas\u0131n\u0131 kolayla\u015ft\u0131rmak, d\u00f6nme riskini azaltmak ve aletle [&hellip;]<\/p>\n","protected":false},"featured_media":2067,"comment_status":"open","ping_status":"closed","template":"","meta":[],"product_brand":[],"product_cat":[246],"product_tag":[],"class_list":{"0":"post-2066","1":"product","2":"type-product","3":"status-publish","4":"has-post-thumbnail","6":"product_cat-karabinalar","8":"first","9":"instock","10":"shipping-taxable","11":"product-type-simple"},"acf":[],"_links":{"self":[{"href":"https:\/\/exzone.com.tr\/index.php\/wp-json\/wp\/v2\/product\/2066","targetHints":{"allow":["GET"]}}],"collection":[{"href":"https:\/\/exzone.com.tr\/index.php\/wp-json\/wp\/v2\/product"}],"about":[{"href":"https:\/\/exzone.com.tr\/index.php\/wp-json\/wp\/v2\/types\/product"}],"replies":[{"embeddable":true,"href":"https:\/\/exzone.com.tr\/index.php\/wp-json\/wp\/v2\/comments?post=2066"}],"wp:featuredmedia":[{"embeddable":true,"href":"https:\/\/exzone.com.tr\/index.php\/wp-json\/wp\/v2\/media\/2067"}],"wp:attachment":[{"href":"https:\/\/exzone.com.tr\/index.php\/wp-json\/wp\/v2\/media?parent=2066"}],"wp:term":[{"taxonomy":"product_brand","embeddable":true,"href":"https:\/\/exzone.com.tr\/index.php\/wp-json\/wp\/v2\/product_brand?post=2066"},{"taxonomy":"product_cat","embeddable":true,"href":"https:\/\/exzone.com.tr\/index.php\/wp-json\/wp\/v2\/product_cat?post=2066"},{"taxonomy":"product_tag","embeddable":true,"href":"https:\/\/exzone.com.tr\/index.php\/wp-json\/wp\/v2\/product_tag?post=2066"}],"curies":[{"name":"wp","href":"https:\/\/api.w.org\/{rel}","templated":true}]}}