{"id":2053,"date":"2023-01-14T00:34:27","date_gmt":"2023-01-13T21:34:27","guid":{"rendered":"https:\/\/exzone.com.tr\/?post_type=product&#038;p=2053"},"modified":"2024-05-02T03:41:21","modified_gmt":"2024-05-02T00:41:21","slug":"petzl-smd-ultra-hafif-karabina","status":"publish","type":"product","link":"https:\/\/exzone.com.tr\/index.php\/urun\/petzl-smd-ultra-hafif-karabina\/","title":{"rendered":"PETZL Sm&#8217;D Ultra Hafif Karabina"},"content":{"rendered":"<p>Ultra hafif asimetrik karabina<\/p>\n<p>Kompakt Sm\u2019D asimetrik al\u00fcminyum karabina, a\u011f\u0131rl\u0131\u011f\u0131 minimuma indirmek isteyen \u00e7al\u0131\u015fanlar i\u00e7in tavsiye edilir. D \u015fekli alet takmak i\u00e7in idealdir. Kilitleme sistemsiz ve iki kilitleme sistemi ile mevcuttur (otomatik TRIACT-LOCK kilit sistemi veya manuel SCREW-LOCK kilit sistemi)<\/p>\n<p><b>Detayl\u0131 A\u00e7\u0131klama:<\/b><\/p>\n<p><strong><b>D \u015fekli \u00f6zellikle alet takmak i\u00e7in uygundur.<\/b><\/strong><\/p>\n<p><strong>A\u011f\u0131rl\u0131\u011f\u0131 minimuma indirmek isteyen y\u00fcksekte \u00e7al\u0131\u015fanlar i\u00e7in kompakt al\u00fcminyum karabina<\/strong><\/p>\n<p><b>Kolay kullan\u0131m:<\/b><\/p>\n<ul>\n<li>Ak\u0131c\u0131 i\u00e7 tasar\u0131m, bir tak\u0131lma noktas\u0131na sahip olma riskini azalt\u0131r ve karabinan\u0131n d\u00f6n\u00fc\u015f\u00fcn\u00fc kolayla\u015ft\u0131r\u0131r<\/li>\n<li>\u0130stemsiz tak\u0131lmalar\u0131 \u00f6nlemek i\u00e7in Keylock kilitleme sistemi<\/li>\n<\/ul>\n<p><b>H kesiti:<\/b><\/p>\n<ul>\n<li>Optimum g\u00fc\u00e7 \/ a\u011f\u0131rl\u0131k oran\u0131 sa\u011flar<\/li>\n<li>\u0130\u015faretlemeleri a\u015f\u0131nmaya kar\u015f\u0131 korur<\/li>\n<\/ul>\n<p><b>Delik, TIBLOC tipi aletleri ba\u011flamaya ve bunlar\u0131 kaybetme riskini azaltmaya yarar<\/b><\/p>\n<p><b>\u0130ki farkl\u0131 kilitleme sistemi ile mevcut:<\/b><\/p>\n<ul>\n<li>TRIACT-LOCK: \u00fc\u00e7 hareketli otomatik kilitleme sistemi<\/li>\n<li>SCREW-LOCK: karabinan\u0131n kilitli olup olmad\u0131\u011f\u0131n\u0131 g\u00f6steren k\u0131rm\u0131z\u0131 indikat\u00f6re sahip manuel vidal\u0131 kilit<\/li>\n<\/ul>\n<p><b>Kilitleme sistemi olmayan versiyonu da mevcuttur<\/b><\/p>\n<p><b>\u00d6zellikler:<\/b><\/p>\n<p><b>Materyal:\u00a0<\/b>al\u00fcminyum<\/p>\n<div>\n<table class=\"table table-striped\">\n<tbody>\n<tr>\n<td><strong>Referanslar<\/strong><\/td>\n<td><strong>M39A TL<\/strong><\/td>\n<td><strong>M39A SL<\/strong><\/td>\n<td><strong>M39A S<\/strong><\/td>\n<td><strong>M39A TLN<\/strong><\/td>\n<td><strong>M39A SLN<\/strong><\/td>\n<td><strong>M39A SN<\/strong><\/td>\n<\/tr>\n<tr>\n<td><strong>A\u011f\u0131rl\u0131k<\/strong><\/td>\n<td>55 g<\/td>\n<td>45 g<\/td>\n<td>40 g<\/td>\n<td>55 g<\/td>\n<td>45 g<\/td>\n<td>40 g<\/td>\n<\/tr>\n<tr>\n<td><strong>Kilit sistemi<\/strong><\/td>\n<td>TRIACT-LOCK<\/td>\n<td>SCREW-LOCK<\/td>\n<td>Yok<\/td>\n<td>TRIACT-LOCK<\/td>\n<td>SCREW-LOCK<\/td>\n<td>Yok<\/td>\n<\/tr>\n<tr>\n<td><strong>Sertifikalar<\/strong><\/td>\n<td>CE EN 362, CE EN 12275 type B, EAC<\/td>\n<td>CE EN 362, CE EN 12275 type B, EAC<\/td>\n<td>CE EN 12275 type B<\/td>\n<td>CE EN 362, CE EN 12275 type B, EAC<\/td>\n<td>CE EN 362, CE EN 12275 type B, EAC<\/td>\n<td>CE EN 12275 type B<\/td>\n<\/tr>\n<tr>\n<td><strong>Renk<\/strong><\/td>\n<td>sar\u0131<\/td>\n<td>sar\u0131<\/td>\n<td>sar\u0131<\/td>\n<td>siyah<\/td>\n<td>siyah<\/td>\n<td>siyah<\/td>\n<\/tr>\n<tr>\n<td><strong>Ana eksen k\u0131r\u0131lma y\u00fck\u00fc\u00a0<\/strong><\/td>\n<td>23 kN<\/td>\n<td>23 kN<\/td>\n<td>23 kN<\/td>\n<td>23 kN<\/td>\n<td>23 kN<\/td>\n<td>23 kN<\/td>\n<\/tr>\n<tr>\n<td><strong>\u0130kincil eksen k\u0131r\u0131lma y\u00fck\u00fc\u00a0<\/strong><\/td>\n<td>8 kN<\/td>\n<td>8 kN<\/td>\n<td>8 kN<\/td>\n<td>8 kN<\/td>\n<td>8 kN<\/td>\n<td>8 kN<\/td>\n<\/tr>\n<tr>\n<td><strong>A\u00e7\u0131k kap\u0131l\u0131 k\u0131r\u0131lma y\u00fck\u00fc\u00a0<\/strong><\/td>\n<td>7 kN<\/td>\n<td>7 kN<\/td>\n<td>7 kN<\/td>\n<td>7 kN<\/td>\n<td>7 kN<\/td>\n<td>7 kN<\/td>\n<\/tr>\n<tr>\n<td><strong>Kap\u0131 a\u00e7\u0131kl\u0131\u011f\u0131<\/strong><\/td>\n<td>18 mm<\/td>\n<td>20 mm<\/td>\n<td>23 mm<\/td>\n<td>18 mm<\/td>\n<td>20 mm<\/td>\n<td>23 mm<\/td>\n<\/tr>\n<tr>\n<td><strong>Garanti<\/strong><\/td>\n<td>3 y\u0131l<\/td>\n<td>3 y\u0131l<\/td>\n<td>3 y\u0131l<\/td>\n<td>3 y\u0131l<\/td>\n<td>3 y\u0131l<\/td>\n<td>3 y\u0131l<\/td>\n<\/tr>\n<tr>\n<td><strong>Paket<\/strong><\/td>\n<td>1<\/td>\n<td>1<\/td>\n<td>1<\/td>\n<td>1<\/td>\n<td>1<\/td>\n<td>1<\/td>\n<\/tr>\n<\/tbody>\n<\/table>\n<\/div>\n","protected":false},"excerpt":{"rendered":"<p>Ultra hafif asimetrik karabina Kompakt Sm\u2019D asimetrik al\u00fcminyum karabina, a\u011f\u0131rl\u0131\u011f\u0131 minimuma indirmek isteyen \u00e7al\u0131\u015fanlar i\u00e7in tavsiye edilir. D \u015fekli alet takmak i\u00e7in idealdir. Kilitleme sistemsiz ve iki kilitleme sistemi ile mevcuttur (otomatik TRIACT-LOCK kilit sistemi veya manuel SCREW-LOCK kilit sistemi) Detayl\u0131 A\u00e7\u0131klama: D \u015fekli \u00f6zellikle alet takmak i\u00e7in uygundur. A\u011f\u0131rl\u0131\u011f\u0131 minimuma indirmek isteyen y\u00fcksekte \u00e7al\u0131\u015fanlar [&hellip;]<\/p>\n","protected":false},"featured_media":2054,"comment_status":"open","ping_status":"closed","template":"","meta":[],"product_brand":[],"product_cat":[246],"product_tag":[],"class_list":{"0":"post-2053","1":"product","2":"type-product","3":"status-publish","4":"has-post-thumbnail","6":"product_cat-karabinalar","8":"first","9":"instock","10":"shipping-taxable","11":"product-type-simple"},"acf":[],"_links":{"self":[{"href":"https:\/\/exzone.com.tr\/index.php\/wp-json\/wp\/v2\/product\/2053","targetHints":{"allow":["GET"]}}],"collection":[{"href":"https:\/\/exzone.com.tr\/index.php\/wp-json\/wp\/v2\/product"}],"about":[{"href":"https:\/\/exzone.com.tr\/index.php\/wp-json\/wp\/v2\/types\/product"}],"replies":[{"embeddable":true,"href":"https:\/\/exzone.com.tr\/index.php\/wp-json\/wp\/v2\/comments?post=2053"}],"wp:featuredmedia":[{"embeddable":true,"href":"https:\/\/exzone.com.tr\/index.php\/wp-json\/wp\/v2\/media\/2054"}],"wp:attachment":[{"href":"https:\/\/exzone.com.tr\/index.php\/wp-json\/wp\/v2\/media?parent=2053"}],"wp:term":[{"taxonomy":"product_brand","embeddable":true,"href":"https:\/\/exzone.com.tr\/index.php\/wp-json\/wp\/v2\/product_brand?post=2053"},{"taxonomy":"product_cat","embeddable":true,"href":"https:\/\/exzone.com.tr\/index.php\/wp-json\/wp\/v2\/product_cat?post=2053"},{"taxonomy":"product_tag","embeddable":true,"href":"https:\/\/exzone.com.tr\/index.php\/wp-json\/wp\/v2\/product_tag?post=2053"}],"curies":[{"name":"wp","href":"https:\/\/api.w.org\/{rel}","templated":true}]}}