{"id":2023,"date":"2023-01-14T00:25:52","date_gmt":"2023-01-13T21:25:52","guid":{"rendered":"https:\/\/exzone.com.tr\/?post_type=product&#038;p=2023"},"modified":"2024-05-02T03:41:20","modified_gmt":"2024-05-02T00:41:20","slug":"petzl-ok-kilitli-karabina","status":"publish","type":"product","link":"https:\/\/exzone.com.tr\/index.php\/urun\/petzl-ok-kilitli-karabina\/","title":{"rendered":"PETZL OK Kilitli Karabina"},"content":{"rendered":"<p>Hafif, oval karabina<\/p>\n<p>Hafif OK karabina, al\u00fcminyumdan \u00fcretilmi\u015ftir. Makaralar, jumarlar ve hareketli d\u00fc\u015f\u00fc\u015f durdurucular gibi geni\u015f kesite sahip aletlerin optimum \u015fekilde tak\u0131lmas\u0131n\u0131 sa\u011flayan oval bir \u015fekle sahiptir. Ak\u0131c\u0131 i\u00e7 tasar\u0131m\u0131 ve Keylock sistemi kullan\u0131m\u0131 kolayla\u015ft\u0131r\u0131r. \u00dc\u00e7 farkl\u0131 kilitlenme sistemi ile mevcuttur: otomatik TRIACT-LOCK veya BALL-LOCK sistemi ya da manuel SCREW-LOCK sistemi. Karabinan\u0131n ana ekseninde konumlanmas\u0131n\u0131 kolayla\u015ft\u0131rmak, d\u00f6nme riskini azaltmak ve aletle entegre kalmas\u0131n\u0131 sa\u011flamak i\u00e7in CAPTIV konumlama aparat\u0131 ile kullan\u0131labilir.<\/p>\n<p><b>Detayl\u0131 A\u00e7\u0131klama:<\/b><\/p>\n<p><b>Makaralar, jumarlar ve hareketli d\u00fc\u015f\u00fc\u015f durdurucular gibi geni\u015f kesite sahip aletleri optimum \u015fekilde tak\u0131lmas\u0131n\u0131 sa\u011flayan simetrik oval bir \u015fekle sahiptir.<\/b><\/p>\n<p><b>Hafif, \u00e7al\u0131\u015fan\u0131n ta\u015f\u0131mas\u0131 gereken ekipman\u0131n a\u011f\u0131rl\u0131\u011f\u0131n\u0131 azaltan al\u00fcminyum karabina.<\/b><\/p>\n<p><strong>Karabinan\u0131n ana ekseninde konumlanmas\u0131n\u0131 kolayla\u015ft\u0131rmak, d\u00f6nme riskini azaltmak ve aletle entegre kalmas\u0131n\u0131 sa\u011flamak i\u00e7in CAPTIV konumlama aparat\u0131 ile kullan\u0131labilir.<\/strong><\/p>\n<p><b>Kolay kullan\u0131m:<\/b><\/p>\n<ul>\n<li>Ak\u0131c\u0131 i\u00e7 tasar\u0131m\u0131 sayesinde tak\u0131lma ihtimali olan bir noktas\u0131 yoktur, bu tak\u0131lma riskini azalt\u0131r ve karabinan\u0131n kolayca d\u00f6nmesini sa\u011flar<\/li>\n<li>\u0130stemsiz tak\u0131lmalar\u0131 ve a\u00e7\u0131lmay\u0131 \u00f6nlemek i\u00e7in Keylock kilitleme sistemi<\/li>\n<\/ul>\n<p><b>H kesiti:<\/b><\/p>\n<ul>\n<li>Optimum g\u00fc\u00e7 \/ a\u011f\u0131rl\u0131k oran\u0131 sa\u011flar<\/li>\n<li>\u0130\u015faretlemeleri a\u015f\u0131nmaya kar\u015f\u0131 korur<\/li>\n<\/ul>\n<p><b>3 farkl\u0131 kilitleme sistemi ile mevcut:<\/b><\/p>\n<ul>\n<li>TRIACT-LOCK: \u00fc\u00e7 hareketli otomatik kilitleme sistemi<\/li>\n<li>BALL-LOCK: kilitlenme g\u00f6stergeli, \u00fc\u00e7 hareketli otomatik kilitleme sistemi<\/li>\n<li>SCREW-LOCK: karabinan\u0131n kilitli olup olmad\u0131\u011f\u0131n\u0131 g\u00f6steren k\u0131rm\u0131z\u0131 indikat\u00f6re sahip manuel vidal\u0131 kilit<\/li>\n<\/ul>\n<p><b>Siyah renk alternatifi de vard\u0131r (TRIACT-LOCK ve SCREW-LOCK)<\/b><\/p>\n<p><b>\u00d6zellikler:<\/b><\/p>\n<p><b>Materyal:\u00a0<\/b>al\u00fcminyum<\/p>\n<p><b>Sertifikalar:\u00a0<\/b>CE EN 362, EAC<\/p>\n<div>\n<table class=\"table table-striped\">\n<tbody>\n<tr>\n<td><strong>Referanslar<\/strong><\/td>\n<td><strong>M33A TL<\/strong><\/td>\n<td><strong>M33A BL<\/strong><\/td>\n<td><strong>M33A SL<\/strong><\/td>\n<td><strong>M33A TLN<\/strong><\/td>\n<td><strong>M33A SLN<\/strong><\/td>\n<\/tr>\n<tr>\n<td><strong>A\u011f\u0131rl\u0131k<\/strong><\/td>\n<td>75 g<\/td>\n<td>75 g<\/td>\n<td>70 g<\/td>\n<td>75 g<\/td>\n<td>70 g<\/td>\n<\/tr>\n<tr>\n<td><strong>Kilitleme sistemi<\/strong><\/td>\n<td>TRIACT-LOCK<\/td>\n<td>BALL-LOCK<\/td>\n<td>SCREW-LOCK<\/td>\n<td>TRIACT-LOCK<\/td>\n<td>SCREW-LOCK<\/td>\n<\/tr>\n<tr>\n<td><strong>Renk<\/strong><\/td>\n<td>gri<\/td>\n<td>gri<\/td>\n<td>gri<\/td>\n<td>siyah<\/td>\n<td>siyah<\/td>\n<\/tr>\n<tr>\n<td><strong>Ana eksen k\u0131r\u0131lma y\u00fck\u00fc\u00a0<\/strong><\/td>\n<td>25 kN<\/td>\n<td>25 kN<\/td>\n<td>25 kN<\/td>\n<td>25 kN<\/td>\n<td>25 kN<\/td>\n<\/tr>\n<tr>\n<td><strong>\u0130kincil eksen k\u0131r\u0131lma y\u00fck\u00fc\u00a0<\/strong><\/td>\n<td>8 kN<\/td>\n<td>8 kN<\/td>\n<td>8 kN<\/td>\n<td>8 kN<\/td>\n<td>8 kN<\/td>\n<\/tr>\n<tr>\n<td><strong>A\u00e7\u0131k kap\u0131l\u0131 k\u0131r\u0131lma y\u00fck\u00fc\u00a0<\/strong><\/td>\n<td>7 kN<\/td>\n<td>7 kN<\/td>\n<td>7 kN<\/td>\n<td>7 kN<\/td>\n<td>7 kN<\/td>\n<\/tr>\n<tr>\n<td><strong>Kap\u0131 a\u00e7\u0131kl\u0131\u011f\u0131<\/strong><\/td>\n<td>22 mm<\/td>\n<td>23 mm<\/td>\n<td>22 mm<\/td>\n<td>22 mm<\/td>\n<td>22 mm<\/td>\n<\/tr>\n<tr>\n<td><strong>Garanti<\/strong><\/td>\n<td>3 y\u0131l<\/td>\n<td>3 y\u0131l<\/td>\n<td>3 y\u0131l<\/td>\n<td>3 y\u0131l<\/td>\n<td>3 y\u0131l<\/td>\n<\/tr>\n<tr>\n<td><strong>Paket<\/strong><\/td>\n<td>1<\/td>\n<td>1<\/td>\n<td>1<\/td>\n<td>1<\/td>\n<td>1<\/td>\n<\/tr>\n<\/tbody>\n<\/table>\n<\/div>\n","protected":false},"excerpt":{"rendered":"<p>Hafif, oval karabina Hafif OK karabina, al\u00fcminyumdan \u00fcretilmi\u015ftir. Makaralar, jumarlar ve hareketli d\u00fc\u015f\u00fc\u015f durdurucular gibi geni\u015f kesite sahip aletlerin optimum \u015fekilde tak\u0131lmas\u0131n\u0131 sa\u011flayan oval bir \u015fekle sahiptir. Ak\u0131c\u0131 i\u00e7 tasar\u0131m\u0131 ve Keylock sistemi kullan\u0131m\u0131 kolayla\u015ft\u0131r\u0131r. \u00dc\u00e7 farkl\u0131 kilitlenme sistemi ile mevcuttur: otomatik TRIACT-LOCK veya BALL-LOCK sistemi ya da manuel SCREW-LOCK sistemi. Karabinan\u0131n ana ekseninde konumlanmas\u0131n\u0131 [&hellip;]<\/p>\n","protected":false},"featured_media":2024,"comment_status":"open","ping_status":"closed","template":"","meta":[],"product_brand":[],"product_cat":[246],"product_tag":[],"class_list":{"0":"post-2023","1":"product","2":"type-product","3":"status-publish","4":"has-post-thumbnail","6":"product_cat-karabinalar","8":"first","9":"instock","10":"shipping-taxable","11":"product-type-simple"},"acf":[],"_links":{"self":[{"href":"https:\/\/exzone.com.tr\/index.php\/wp-json\/wp\/v2\/product\/2023","targetHints":{"allow":["GET"]}}],"collection":[{"href":"https:\/\/exzone.com.tr\/index.php\/wp-json\/wp\/v2\/product"}],"about":[{"href":"https:\/\/exzone.com.tr\/index.php\/wp-json\/wp\/v2\/types\/product"}],"replies":[{"embeddable":true,"href":"https:\/\/exzone.com.tr\/index.php\/wp-json\/wp\/v2\/comments?post=2023"}],"wp:featuredmedia":[{"embeddable":true,"href":"https:\/\/exzone.com.tr\/index.php\/wp-json\/wp\/v2\/media\/2024"}],"wp:attachment":[{"href":"https:\/\/exzone.com.tr\/index.php\/wp-json\/wp\/v2\/media?parent=2023"}],"wp:term":[{"taxonomy":"product_brand","embeddable":true,"href":"https:\/\/exzone.com.tr\/index.php\/wp-json\/wp\/v2\/product_brand?post=2023"},{"taxonomy":"product_cat","embeddable":true,"href":"https:\/\/exzone.com.tr\/index.php\/wp-json\/wp\/v2\/product_cat?post=2023"},{"taxonomy":"product_tag","embeddable":true,"href":"https:\/\/exzone.com.tr\/index.php\/wp-json\/wp\/v2\/product_tag?post=2023"}],"curies":[{"name":"wp","href":"https:\/\/api.w.org\/{rel}","templated":true}]}}