{"id":2012,"date":"2023-01-11T23:55:28","date_gmt":"2023-01-11T20:55:28","guid":{"rendered":"https:\/\/exzone.com.tr\/?post_type=product&#038;p=2012"},"modified":"2024-05-02T03:41:20","modified_gmt":"2024-05-02T00:41:20","slug":"petzl-aventex-y-lanyard-60-cm","status":"publish","type":"product","link":"https:\/\/exzone.com.tr\/index.php\/urun\/petzl-aventex-y-lanyard-60-cm\/","title":{"rendered":"PETZL Aventex Y Lanyard 60 cm"},"content":{"rendered":"<p class=\"productSubtitle\">Macera parklar\u0131 i\u00e7in \u00e7ift dokuma lanyard<\/p>\n<div class=\"productCaracteristiquesPosition inlineblock\">\n<p class=\"productCaracteristiques inlineblock\">Macera parklar\u0131 i\u00e7in tasarlanan AVENTEX, mobil ba\u011flant\u0131 cihaz\u0131n\u0131n emniyet kemerine ba\u011flanmas\u0131n\u0131 sa\u011flayan \u00e7ift dokuma bir lanyardd\u0131r. Kemere montaj, bel ba\u011flant\u0131s\u0131 kullan\u0131larak h\u0131zl\u0131 ve kolayd\u0131r. U\u00e7lar, mobil ba\u011flant\u0131 cihaz\u0131n\u0131 yerinde tutmaya ve dokumay\u0131 a\u015f\u0131nmaya kar\u015f\u0131 korumaya yard\u0131mc\u0131 olmak i\u00e7in STRING aksesuar\u0131yla donat\u0131lm\u0131\u015ft\u0131r. Plastik k\u0131l\u0131f \u00fczerindeki bireysel tan\u0131mlama i\u015fareti, ekipman\u0131n kullan\u0131m \u00f6mr\u00fc boyunca takip edilmesini sa\u011flar.<\/p>\n<div class=\"list\">\n<p><strong>Macera parklar\u0131 i\u00e7in tasarlanm\u0131\u015f dayan\u0131kl\u0131, kullan\u0131m\u0131 kolay \u00e7ift \u015feritli lanyard:<\/strong><\/p>\n<p>\u2013 Mobil ba\u011flant\u0131 cihaz\u0131n\u0131 emniyet kemerine ba\u011flar<br \/>\n\u2013 \u00c7evresel ba\u011flant\u0131, emniyet kemerine takmay\u0131 kolayla\u015ft\u0131r\u0131r<br \/>\n\u2013 Ekipman\u0131 kullan\u0131m \u00f6mr\u00fc boyunca takip etmek i\u00e7in dayan\u0131kl\u0131 bireysel tan\u0131mlama i\u015fareti<br \/>\n\u2013 Donan\u0131ml\u0131 u\u00e7lar STRING aksesuar\u0131 ile mobil ba\u011flant\u0131 cihaz\u0131n\u0131 yerinde tutmaya ve dokumay\u0131 a\u015f\u0131nmaya kar\u015f\u0131 korumaya yard\u0131mc\u0131 olur<\/p>\n<p><strong>\u0130ki renkte mevcuttur:<\/strong><\/p>\n<p>\u2013 Turuncu ve siyah<br \/>\n\u2013 Tek tek veya be\u015fli paketler halinde mevcuttur<\/p>\n<p>\u00d6zel sipari\u015fle di\u011fer uzunluklarda mevcuttur;\u00a0Daha fazla bilgi i\u00e7in sat\u0131\u015f temsilcinizle ileti\u015fime ge\u00e7in.<\/p>\n<\/div>\n<h3><strong>\u00d6zellikler:<\/strong><\/h3>\n<div class=\"list\">\n<ul>\n<li>Birim ba\u015f\u0131na a\u011f\u0131rl\u0131k: 110 g<\/li>\n<li>Malzemeler: Polyester, termoplastik elastomer (TPE)<\/li>\n<li>Kol uzunlu\u011fu: 60 cm<\/li>\n<li>Sertifikalar: CE EN 17109<\/li>\n<\/ul>\n<table class=\"table table-striped\">\n<tbody>\n<tr>\n<th>Referanslar<\/th>\n<th>L038AA00<\/th>\n<th>L038AA01<\/th>\n<th>L038AA02<\/th>\n<th>L038AA03<\/th>\n<\/tr>\n<tr>\n<td>Renkler<\/td>\n<td>Turuncu<\/td>\n<td>Turuncu<\/td>\n<td>Siyah<\/td>\n<td>Siyah<\/td>\n<\/tr>\n<tr>\n<td>Paket Say\u0131s\u0131<\/td>\n<td>Bireysel olarak sat\u0131l\u0131r<\/td>\n<td>5\u2019li paket halinde sat\u0131l\u0131r<\/td>\n<td>Bireysel olarak sat\u0131l\u0131r<\/td>\n<td>5\u2019li paket halinde sat\u0131l\u0131r<\/td>\n<\/tr>\n<tr>\n<td>Garanti<\/td>\n<td>3 y\u0131l<\/td>\n<td>3 y\u0131l<\/td>\n<td>3 y\u0131l<\/td>\n<td>3 y\u0131l<\/td>\n<\/tr>\n<\/tbody>\n<\/table>\n<\/div>\n<\/div>\n","protected":false},"excerpt":{"rendered":"<p>Macera parklar\u0131 i\u00e7in \u00e7ift dokuma lanyard Macera parklar\u0131 i\u00e7in tasarlanan AVENTEX, mobil ba\u011flant\u0131 cihaz\u0131n\u0131n emniyet kemerine ba\u011flanmas\u0131n\u0131 sa\u011flayan \u00e7ift dokuma bir lanyardd\u0131r. Kemere montaj, bel ba\u011flant\u0131s\u0131 kullan\u0131larak h\u0131zl\u0131 ve kolayd\u0131r. U\u00e7lar, mobil ba\u011flant\u0131 cihaz\u0131n\u0131 yerinde tutmaya ve dokumay\u0131 a\u015f\u0131nmaya kar\u015f\u0131 korumaya yard\u0131mc\u0131 olmak i\u00e7in STRING aksesuar\u0131yla donat\u0131lm\u0131\u015ft\u0131r. Plastik k\u0131l\u0131f \u00fczerindeki bireysel tan\u0131mlama i\u015fareti, ekipman\u0131n kullan\u0131m [&hellip;]<\/p>\n","protected":false},"featured_media":2013,"comment_status":"open","ping_status":"closed","template":"","meta":[],"product_brand":[],"product_cat":[245],"product_tag":[],"class_list":{"0":"post-2012","1":"product","2":"type-product","3":"status-publish","4":"has-post-thumbnail","6":"product_cat-lanyard-ve-sok-emiciler","8":"first","9":"instock","10":"shipping-taxable","11":"product-type-simple"},"acf":[],"_links":{"self":[{"href":"https:\/\/exzone.com.tr\/index.php\/wp-json\/wp\/v2\/product\/2012","targetHints":{"allow":["GET"]}}],"collection":[{"href":"https:\/\/exzone.com.tr\/index.php\/wp-json\/wp\/v2\/product"}],"about":[{"href":"https:\/\/exzone.com.tr\/index.php\/wp-json\/wp\/v2\/types\/product"}],"replies":[{"embeddable":true,"href":"https:\/\/exzone.com.tr\/index.php\/wp-json\/wp\/v2\/comments?post=2012"}],"wp:featuredmedia":[{"embeddable":true,"href":"https:\/\/exzone.com.tr\/index.php\/wp-json\/wp\/v2\/media\/2013"}],"wp:attachment":[{"href":"https:\/\/exzone.com.tr\/index.php\/wp-json\/wp\/v2\/media?parent=2012"}],"wp:term":[{"taxonomy":"product_brand","embeddable":true,"href":"https:\/\/exzone.com.tr\/index.php\/wp-json\/wp\/v2\/product_brand?post=2012"},{"taxonomy":"product_cat","embeddable":true,"href":"https:\/\/exzone.com.tr\/index.php\/wp-json\/wp\/v2\/product_cat?post=2012"},{"taxonomy":"product_tag","embeddable":true,"href":"https:\/\/exzone.com.tr\/index.php\/wp-json\/wp\/v2\/product_tag?post=2012"}],"curies":[{"name":"wp","href":"https:\/\/api.w.org\/{rel}","templated":true}]}}