{"id":2003,"date":"2023-01-11T23:52:12","date_gmt":"2023-01-11T20:52:12","guid":{"rendered":"https:\/\/exzone.com.tr\/?post_type=product&#038;p=2003"},"modified":"2024-05-02T03:41:20","modified_gmt":"2024-05-02T00:41:20","slug":"petzl-grillon-plus-konumlanma-lanyardi","status":"publish","type":"product","link":"https:\/\/exzone.com.tr\/index.php\/urun\/petzl-grillon-plus-konumlanma-lanyardi\/","title":{"rendered":"PETZL GRILLON PLUS Konumlanma Lanyard\u0131"},"content":{"rendered":"<p>Konumlanma i\u00e7in ayarlanabilir, a\u015f\u0131nmaya kar\u015f\u0131 m\u00fckemmel diren\u00e7li lanyard<\/p>\n<p>GRILLON PLUS ayarlanabilir lanyard, konumland\u0131rma sistemlerinde ve d\u00fc\u015f\u00fc\u015f durdurucu sistemleri tamamlamak i\u00e7in kullan\u0131l\u0131r. Uzunlu\u011fu, konforlu bir konumlanma i\u00e7in gerekti\u011finde kolay ve hassas bir \u015fekilde ayarlanabilir. Aramid lifli ip m\u00fckemmel a\u015f\u0131nma direnci sa\u011flar. Konfig\u00fcrasyona ba\u011fl\u0131 olarak, tekli veya \u00e7iftli modda kullan\u0131labilir. GRILLON, 2 farkl\u0131 uzunlukta (2, 3 m) mevcuttur. Kuzey Amerika, Avrupa ve Rusya standartlar\u0131na g\u00f6re onaylanm\u0131\u015ft\u0131r.<\/p>\n<p><b>Kolay kullan\u0131m:\u00a0<\/b>\u0130nce ayar sistemi, \u00e7al\u0131\u015fma istasyonunda konforlu konumland\u0131rma i\u00e7in uzunlu\u011fun tam olarak ayarlanmas\u0131n\u0131 sa\u011flar.<\/p>\n<p><strong>Aramid lifli ip m\u00fckemmel a\u015f\u0131nma direnci sa\u011flar<\/strong><\/p>\n<p><b>\u0130ki farkl\u0131 kullan\u0131m \u015fekli:<\/b><\/p>\n<ul>\n<li>Kullan\u0131c\u0131 ayaklar\u0131 yap\u0131ya basar durumda ask\u0131dayken \u00e7al\u0131\u015ft\u0131\u011f\u0131nda \u00e7ift modda (emniyet kemeri yan ba\u011flant\u0131 noktalar\u0131nda) Bu tip ba\u011flant\u0131, kemer \u00fczerinde daha iyi bir y\u00fck da\u011f\u0131l\u0131m\u0131 sa\u011flar. Uzunluk, d\u00f6ner kam \u00fczerine bas\u0131larak ayarlan\u0131r<\/li>\n<li>Tekli mod, emniyet kemeri bel (ventral) ba\u011flant\u0131 noktas\u0131nda, ankraj kullan\u0131c\u0131n\u0131n \u00fcst\u00fcnde oldu\u011funda, y\u00fck kemer ve bacak halkalar\u0131 aras\u0131nda rahat\u00e7a da\u011f\u0131t\u0131l\u0131r. Uzunluk, lanyard\u0131n bo\u015f ucu tutulurken kolun kullan\u0131lmas\u0131 ile ayarlan\u0131r.<\/li>\n<\/ul>\n<p><strong>Karabinay\u0131 yerinde tutmak ve ipi a\u015f\u0131nmaya kar\u015f\u0131 korumak i\u00e7in her iki ucunda da dikilmi\u015f sonland\u0131rmalar<\/strong><\/p>\n<p><b>2 farkl\u0131 uzunluk:\u00a0<\/b>2 ve 3 metre. Lanyard uzunlu\u011fu ba\u011flant\u0131 ucundaki renk kodlu etiket ile tan\u0131mlanabilir.<\/p>\n<p><b>Yedek ipler mevcut.<\/b><\/p>\n<p><b>\u00d6zellikler:<\/b><\/p>\n<ul>\n<li><b>Materyal:\u00a0<\/b>naylon, aramid, polyester, al\u00fcminyum<\/li>\n<li><b>Sertifikalar:\u00a0<\/b>ANSI Z359.3, CSA Z259.11, CE EN 358, CE EN 12841 type C, EAC<\/li>\n<\/ul>\n<table class=\"table table-striped\">\n<tbody>\n<tr>\n<td><strong>Referanslar<\/strong><\/td>\n<td><strong>L052EA00<\/strong><\/td>\n<td><strong>L052EA01<\/strong><\/td>\n<\/tr>\n<tr>\n<td><strong>Uzunluk<\/strong><\/td>\n<td>2 m<\/td>\n<td>3 m<\/td>\n<\/tr>\n<tr>\n<td><strong>Renkler<\/strong><\/td>\n<td>bej\/sar\u0131<\/td>\n<td>bej\/sar\u0131<\/td>\n<\/tr>\n<tr>\n<td><strong>A\u011f\u0131rl\u0131k<\/strong><\/td>\n<td>435 g<\/td>\n<td>515 g<\/td>\n<\/tr>\n<tr>\n<td><strong>Garanti<\/strong><\/td>\n<td>3 y\u0131l<\/td>\n<td>3 y\u0131l<\/td>\n<\/tr>\n<tr>\n<td><strong>Paket<\/strong><\/td>\n<td>1<\/td>\n<td>1<\/td>\n<\/tr>\n<\/tbody>\n<\/table>\n","protected":false},"excerpt":{"rendered":"<p>Konumlanma i\u00e7in ayarlanabilir, a\u015f\u0131nmaya kar\u015f\u0131 m\u00fckemmel diren\u00e7li lanyard GRILLON PLUS ayarlanabilir lanyard, konumland\u0131rma sistemlerinde ve d\u00fc\u015f\u00fc\u015f durdurucu sistemleri tamamlamak i\u00e7in kullan\u0131l\u0131r. Uzunlu\u011fu, konforlu bir konumlanma i\u00e7in gerekti\u011finde kolay ve hassas bir \u015fekilde ayarlanabilir. Aramid lifli ip m\u00fckemmel a\u015f\u0131nma direnci sa\u011flar. Konfig\u00fcrasyona ba\u011fl\u0131 olarak, tekli veya \u00e7iftli modda kullan\u0131labilir. GRILLON, 2 farkl\u0131 uzunlukta (2, 3 m) [&hellip;]<\/p>\n","protected":false},"featured_media":2004,"comment_status":"open","ping_status":"closed","template":"","meta":[],"product_brand":[],"product_cat":[245],"product_tag":[],"class_list":{"0":"post-2003","1":"product","2":"type-product","3":"status-publish","4":"has-post-thumbnail","6":"product_cat-lanyard-ve-sok-emiciler","8":"first","9":"instock","10":"shipping-taxable","11":"product-type-simple"},"acf":[],"_links":{"self":[{"href":"https:\/\/exzone.com.tr\/index.php\/wp-json\/wp\/v2\/product\/2003","targetHints":{"allow":["GET"]}}],"collection":[{"href":"https:\/\/exzone.com.tr\/index.php\/wp-json\/wp\/v2\/product"}],"about":[{"href":"https:\/\/exzone.com.tr\/index.php\/wp-json\/wp\/v2\/types\/product"}],"replies":[{"embeddable":true,"href":"https:\/\/exzone.com.tr\/index.php\/wp-json\/wp\/v2\/comments?post=2003"}],"wp:featuredmedia":[{"embeddable":true,"href":"https:\/\/exzone.com.tr\/index.php\/wp-json\/wp\/v2\/media\/2004"}],"wp:attachment":[{"href":"https:\/\/exzone.com.tr\/index.php\/wp-json\/wp\/v2\/media?parent=2003"}],"wp:term":[{"taxonomy":"product_brand","embeddable":true,"href":"https:\/\/exzone.com.tr\/index.php\/wp-json\/wp\/v2\/product_brand?post=2003"},{"taxonomy":"product_cat","embeddable":true,"href":"https:\/\/exzone.com.tr\/index.php\/wp-json\/wp\/v2\/product_cat?post=2003"},{"taxonomy":"product_tag","embeddable":true,"href":"https:\/\/exzone.com.tr\/index.php\/wp-json\/wp\/v2\/product_tag?post=2003"}],"curies":[{"name":"wp","href":"https:\/\/api.w.org\/{rel}","templated":true}]}}