{"id":1964,"date":"2023-01-11T23:39:58","date_gmt":"2023-01-11T20:39:58","guid":{"rendered":"https:\/\/exzone.com.tr\/?post_type=product&#038;p=1964"},"modified":"2024-05-02T03:41:19","modified_gmt":"2024-05-02T00:41:19","slug":"petzl-progress-adjust-y-ayarlanabilir-cift-lanyard","status":"publish","type":"product","link":"https:\/\/exzone.com.tr\/index.php\/urun\/petzl-progress-adjust-y-ayarlanabilir-cift-lanyard\/","title":{"rendered":"PETZL PROGRESS ADJUST-Y Ayarlanabilir \u00c7ift Lanyard"},"content":{"rendered":"<p>Ayarlanabilir \u00e7ift ilerleme lanyard\u0131<\/p>\n<p>PROGRESS ADJUST-Y, t\u00fcm ilerleme y\u00f6ntemleri i\u00e7in (iple eri\u015fim, yatay hatta ilerleme\u2026) kullan\u0131labilen s\u00fcrekli ba\u011flant\u0131y\u0131 sa\u011flayan ayarlanabilir \u00e7ift ilerleme lanyard\u0131d\u0131r. ADJUST ip ayarlama sistemi sayesinde, ayarlanabilir kolun uzunlu\u011fu h\u0131zl\u0131 ve basit bir \u015fekilde ayarlanabilir. TANGA aksesuar\u0131 ve plastik kaplama rahat takabilmek i\u00e7in karabinalar\u0131 do\u011fru pozisyonda tutar.<\/p>\n<p><b>Detayl\u0131 A\u00e7\u0131klama:<\/b><\/p>\n<p><b>Her t\u00fcrl\u00fc ilerleme y\u00f6nteminde kullan\u0131labilen, s\u00fcrekli ba\u011flant\u0131y\u0131 sa\u011flayan ayarlanabilir \u00e7ift lanyard<\/b>:<\/p>\n<ul>\n<li>\u0130ple eri\u015fim: ASCENTION el jumar\u0131 sabitlemeye imkan veren sabit kol ve ara ankraj noktalar\u0131n\u0131 ge\u00e7erken boyu ayarlamaya imkan veren ayarlanabilir kol<\/li>\n<li>Ya\u015fam hatt\u0131nda ilerleme: \u0130lerlemeyi kolayla\u015ft\u0131rmak i\u00e7in sabit kol ve ayn\u0131 boyda ayarlanabilir lanyard<\/li>\n<\/ul>\n<p><b>Kolay kullan\u0131m:<\/b><\/p>\n<ul>\n<li>Ergonomik ADJUST ayarlama mekanizmas\u0131 sayesinde ince ve h\u0131zl\u0131 ayarlama olana\u011f\u0131<\/li>\n<li>TANGA aksesuar\u0131 ve plastik kaplama sayesinde konnekt\u00f6r\u00fcn sabit kalmas\u0131n\u0131 sa\u011flayarak ba\u011flanmay\u0131 kolayla\u015ft\u0131r\u0131r<\/li>\n<li>ASTRO emniyet kemerindeki a\u00e7\u0131labilir g\u00f6\u011f\u00fcs ba\u011flant\u0131 noktas\u0131 ile uyumlu<\/li>\n<\/ul>\n<p><strong>K\u0131sa bir d\u00fc\u015f\u00fc\u015f durumunda kullan\u0131c\u0131ya iletilen \u015fokun absorbe edilmesine imkan sa\u011flayan dinamik ip.<\/strong><\/p>\n<p><strong>Ekipman\u0131n kullan\u0131m \u00f6mr\u00fc boyunca takip edilebilmesi i\u00e7in plastik k\u0131l\u0131f \u00fczerinde ekipmana \u00f6zel tan\u0131mlama i\u015fareti<\/strong><\/p>\n<p><b>\u0130ki VERTIGO TWIST-LOCK tip otomatik kilitlenen karabinalar ile kullan\u0131l\u0131r.<\/b><\/p>\n<p>&nbsp;<\/p>\n<p><b>\u00d6zellikler:<\/b><\/p>\n<p><b>A\u011f\u0131rl\u0131k:\u00a0<\/b>230g<\/p>\n<p><b>Materyal:<\/b>\u00a0polyester, naylon, al\u00fcminyum, y\u00fcksek mod\u00fcll\u00fc polietilen (HMPE), elastomer<\/p>\n<p><b>Uzunluk:\u00a0<\/b>sabit kol 65 cm \u2013 ayarlanabilir kol 95 cm\u2019e kadar<\/p>\n<p><b>Sertifikalar:\u00a0<\/b>CE EN 358, EAC<\/p>\n<table class=\"table table-striped\">\n<tbody>\n<tr>\n<td><strong>Referanslar<\/strong><\/td>\n<td>L044AA00<\/td>\n<\/tr>\n<tr>\n<td><strong>Garanti<\/strong><\/td>\n<td>3 y\u0131l<\/td>\n<\/tr>\n<tr>\n<td><strong>Paket<\/strong><\/td>\n<td>1<\/td>\n<\/tr>\n<\/tbody>\n<\/table>\n","protected":false},"excerpt":{"rendered":"<p>Ayarlanabilir \u00e7ift ilerleme lanyard\u0131 PROGRESS ADJUST-Y, t\u00fcm ilerleme y\u00f6ntemleri i\u00e7in (iple eri\u015fim, yatay hatta ilerleme\u2026) kullan\u0131labilen s\u00fcrekli ba\u011flant\u0131y\u0131 sa\u011flayan ayarlanabilir \u00e7ift ilerleme lanyard\u0131d\u0131r. ADJUST ip ayarlama sistemi sayesinde, ayarlanabilir kolun uzunlu\u011fu h\u0131zl\u0131 ve basit bir \u015fekilde ayarlanabilir. TANGA aksesuar\u0131 ve plastik kaplama rahat takabilmek i\u00e7in karabinalar\u0131 do\u011fru pozisyonda tutar. Detayl\u0131 A\u00e7\u0131klama: Her t\u00fcrl\u00fc ilerleme y\u00f6nteminde [&hellip;]<\/p>\n","protected":false},"featured_media":1965,"comment_status":"open","ping_status":"closed","template":"","meta":[],"product_brand":[],"product_cat":[245],"product_tag":[],"class_list":{"0":"post-1964","1":"product","2":"type-product","3":"status-publish","4":"has-post-thumbnail","6":"product_cat-lanyard-ve-sok-emiciler","8":"first","9":"instock","10":"shipping-taxable","11":"product-type-simple"},"acf":[],"_links":{"self":[{"href":"https:\/\/exzone.com.tr\/index.php\/wp-json\/wp\/v2\/product\/1964","targetHints":{"allow":["GET"]}}],"collection":[{"href":"https:\/\/exzone.com.tr\/index.php\/wp-json\/wp\/v2\/product"}],"about":[{"href":"https:\/\/exzone.com.tr\/index.php\/wp-json\/wp\/v2\/types\/product"}],"replies":[{"embeddable":true,"href":"https:\/\/exzone.com.tr\/index.php\/wp-json\/wp\/v2\/comments?post=1964"}],"wp:featuredmedia":[{"embeddable":true,"href":"https:\/\/exzone.com.tr\/index.php\/wp-json\/wp\/v2\/media\/1965"}],"wp:attachment":[{"href":"https:\/\/exzone.com.tr\/index.php\/wp-json\/wp\/v2\/media?parent=1964"}],"wp:term":[{"taxonomy":"product_brand","embeddable":true,"href":"https:\/\/exzone.com.tr\/index.php\/wp-json\/wp\/v2\/product_brand?post=1964"},{"taxonomy":"product_cat","embeddable":true,"href":"https:\/\/exzone.com.tr\/index.php\/wp-json\/wp\/v2\/product_cat?post=1964"},{"taxonomy":"product_tag","embeddable":true,"href":"https:\/\/exzone.com.tr\/index.php\/wp-json\/wp\/v2\/product_tag?post=1964"}],"curies":[{"name":"wp","href":"https:\/\/api.w.org\/{rel}","templated":true}]}}