{"id":1955,"date":"2023-01-11T23:36:21","date_gmt":"2023-01-11T20:36:21","guid":{"rendered":"https:\/\/exzone.com.tr\/?post_type=product&#038;p=1955"},"modified":"2024-05-02T03:41:19","modified_gmt":"2024-05-02T00:41:19","slug":"petzl-lezard-helikopter-kurtarma-lanyardi","status":"publish","type":"product","link":"https:\/\/exzone.com.tr\/index.php\/urun\/petzl-lezard-helikopter-kurtarma-lanyardi\/","title":{"rendered":"PETZL LEZARD Helikopter Kurtarma Lanyard\u0131"},"content":{"rendered":"<p>\u0130ndirme ve kurtarma a\u015famalar\u0131 i\u00e7in helikopterli kurtarma lanyard\u0131<\/p>\n<p>LEZARD lanyard y\u00fcksek irtifada helikopter kurtarmalar\u0131 i\u00e7in tasarlanm\u0131\u015ft\u0131r. E\u011fer helikopter,n aniden sabit pozisyonunu terk etmesi gerekiyorsa,kazazedeyi, kurtar\u0131c\u0131y\u0131 ve helikopteri serbest b\u0131rakmak i\u00e7in an\u0131nda \u00e7\u0131kar\u0131labilen ayarlanabilir bir kol sayesinde indirme \/ kurtarma a\u015famalar\u0131n\u0131n g\u00fcvenli bir \u015fekilde yap\u0131lmas\u0131n\u0131 sa\u011flar. LEZARD helikopter kurtarma lanyard\u0131n\u0131n kullan\u0131m\u0131, renk kodlu ba\u011flant\u0131 elemanlar\u0131n\u0131n an\u0131nda tan\u0131mlanabilmesi ve ayarlanabilir kolun ADJUST ip ayarlay\u0131c\u0131 ile \u00e7ok h\u0131zl\u0131 ve hassas \u015fekilde ayarlanmas\u0131 sayesinde kolayd\u0131r.<\/p>\n<p><b>Detayl\u0131 A\u00e7\u0131klama:<\/b><\/p>\n<p><b>Y\u00fcksekte helikopter kurtarmalar\u0131 i\u00e7in tasarlanm\u0131\u015ft\u0131r:<\/b><\/p>\n<ul>\n<li>Metal \u00e7er\u00e7evede, helikopter vincine h\u0131zl\u0131 ba\u011flant\u0131 sa\u011flayabilmek i\u00e7in b\u00fcy\u00fck bir delik mevcuttur.<\/li>\n<li>Ayarlanabilir kol, ini\u015f istasyonuna ba\u011flanmak i\u00e7in uzunlu\u011fun ayarlanmas\u0131na imkan tan\u0131r.<\/li>\n<li>\u00c7ift alt u\u00e7, kurtar\u0131c\u0131 ve kazazedenin ba\u011flanmas\u0131n\u0131 sa\u011flar.<\/li>\n<li>Metal \u00e7er\u00e7eveye ba\u011fl\u0131 karabina sedye ba\u011flanmas\u0131na olanak tan\u0131r.<\/li>\n<\/ul>\n<p><b>Helikopterin aniden sabit pozisyonunu terk etmesi gerekiyorsa, kazazedeyi, kurtar\u0131c\u0131y\u0131 ve helikopteri serbest b\u0131rakmak i\u00e7in an\u0131nda \u00e7\u0131kar\u0131labilen ayarlanabilir bir kol sayesinde indirme \/ kurtarma a\u015famalar\u0131 g\u00fcvenle tamamlan\u0131r.<\/b><\/p>\n<p><b>Kolay kullan\u0131m:<\/b><\/p>\n<ul>\n<li>Renk kodlamalar\u0131 sayesinde ba\u011flant\u0131 elemanlar\u0131n\u0131n an\u0131nda tan\u0131mlanmas\u0131 m\u00fcmk\u00fcn<\/li>\n<li>ADJUST ayarlama sisteminin ergonomik \u015fekli sayesinde h\u0131zl\u0131 ve kusursuz uzunluk ayarlama imkan\u0131<\/li>\n<li>Do\u011fru konumda tutulan konnekt\u00f6r sayesinde kolay klip yap\u0131l\u0131r<\/li>\n<\/ul>\n<p><b>Az esneyen kernmantel ipteki lanyard optimum a\u00e7\u0131lma sa\u011flar (1)<\/b><\/p>\n<p><b>NOT: LEZARD helikoter kurtarma lanyard\u0131n\u0131n \u00f6zg\u00fcnl\u00fc\u011f\u00fc nedeniyle, \u00fcr\u00fcn\u00fcn nas\u0131l kullan\u0131laca\u011f\u0131 konusunda, Petzl veya sertifikal\u0131 bir kurulu\u015f arac\u0131l\u0131\u011f\u0131yla e\u011fitim al\u0131nmas\u0131 zorunludur.<\/b><\/p>\n<p><b>(1) LEZARD helikoter kurtarma lanyard\u0131n\u0131 \u015fok emiciye sahip de\u011fildir. Bu y\u00fczden sadece 1\u2019den daha az d\u00fc\u015f\u00fc\u015f fakt\u00f6r\u00fc olabilecek durumlarda kullan\u0131lmal\u0131d\u0131r (istasyonun alt\u0131nda)<\/b><\/p>\n<p><b>LEZARD Petzl taraf\u0131ndan geli\u015ftirilmi\u015ftir ve Jean-Louis Rocourt taraf\u0131ndan al\u0131nm\u0131\u015f bir patenti temel almaktad\u0131r.<\/b><\/p>\n<p><b>\u00d6zellikler:<\/b><\/p>\n<p><b>Materyal:<\/b>\u00a0al\u00fcminyum, paslanmaz \u00e7elik, naylon, elastomer<\/p>\n<p><b>Sertifikalar:\u00a0<\/b>CE<\/p>\n<p><b>A\u011f\u0131rl\u0131k:\u00a0<\/b>880g<\/p>\n","protected":false},"excerpt":{"rendered":"<p>\u0130ndirme ve kurtarma a\u015famalar\u0131 i\u00e7in helikopterli kurtarma lanyard\u0131 LEZARD lanyard y\u00fcksek irtifada helikopter kurtarmalar\u0131 i\u00e7in tasarlanm\u0131\u015ft\u0131r. E\u011fer helikopter,n aniden sabit pozisyonunu terk etmesi gerekiyorsa,kazazedeyi, kurtar\u0131c\u0131y\u0131 ve helikopteri serbest b\u0131rakmak i\u00e7in an\u0131nda \u00e7\u0131kar\u0131labilen ayarlanabilir bir kol sayesinde indirme \/ kurtarma a\u015famalar\u0131n\u0131n g\u00fcvenli bir \u015fekilde yap\u0131lmas\u0131n\u0131 sa\u011flar. LEZARD helikopter kurtarma lanyard\u0131n\u0131n kullan\u0131m\u0131, renk kodlu ba\u011flant\u0131 elemanlar\u0131n\u0131n an\u0131nda [&hellip;]<\/p>\n","protected":false},"featured_media":1956,"comment_status":"open","ping_status":"closed","template":"","meta":[],"product_brand":[],"product_cat":[245],"product_tag":[],"class_list":{"0":"post-1955","1":"product","2":"type-product","3":"status-publish","4":"has-post-thumbnail","6":"product_cat-lanyard-ve-sok-emiciler","8":"first","9":"instock","10":"shipping-taxable","11":"product-type-simple"},"acf":[],"_links":{"self":[{"href":"https:\/\/exzone.com.tr\/index.php\/wp-json\/wp\/v2\/product\/1955","targetHints":{"allow":["GET"]}}],"collection":[{"href":"https:\/\/exzone.com.tr\/index.php\/wp-json\/wp\/v2\/product"}],"about":[{"href":"https:\/\/exzone.com.tr\/index.php\/wp-json\/wp\/v2\/types\/product"}],"replies":[{"embeddable":true,"href":"https:\/\/exzone.com.tr\/index.php\/wp-json\/wp\/v2\/comments?post=1955"}],"wp:featuredmedia":[{"embeddable":true,"href":"https:\/\/exzone.com.tr\/index.php\/wp-json\/wp\/v2\/media\/1956"}],"wp:attachment":[{"href":"https:\/\/exzone.com.tr\/index.php\/wp-json\/wp\/v2\/media?parent=1955"}],"wp:term":[{"taxonomy":"product_brand","embeddable":true,"href":"https:\/\/exzone.com.tr\/index.php\/wp-json\/wp\/v2\/product_brand?post=1955"},{"taxonomy":"product_cat","embeddable":true,"href":"https:\/\/exzone.com.tr\/index.php\/wp-json\/wp\/v2\/product_cat?post=1955"},{"taxonomy":"product_tag","embeddable":true,"href":"https:\/\/exzone.com.tr\/index.php\/wp-json\/wp\/v2\/product_tag?post=1955"}],"curies":[{"name":"wp","href":"https:\/\/api.w.org\/{rel}","templated":true}]}}