{"id":1945,"date":"2023-01-11T23:32:34","date_gmt":"2023-01-11T20:32:34","guid":{"rendered":"https:\/\/exzone.com.tr\/?post_type=product&#038;p=1945"},"modified":"2024-05-02T03:41:19","modified_gmt":"2024-05-02T00:41:19","slug":"petzl-absorbica-i-vario-ayarlanabilir-sok-emicili-lanyard","status":"publish","type":"product","link":"https:\/\/exzone.com.tr\/index.php\/urun\/petzl-absorbica-i-vario-ayarlanabilir-sok-emicili-lanyard\/","title":{"rendered":"PETZL ABSORBICA I VARIO Ayarlanabilir \u015eok Emicili Lanyard"},"content":{"rendered":"<p>Entegre TIE-BACK halkalara sahip, \u015fok emicili \u00e7ift lanyard<\/p>\n<p>TIE-BACK halkalara sahip entegre \u015fok emicili lanyard. \u00c7ok b\u00fcy\u00fck yap\u0131larda dikey ilerleme ve ara ankraj noktalar\u0131ndan ge\u00e7erken kullan\u0131lmak \u00fczere tasarlanm\u0131\u015ft\u0131r. TIE-BACK sistemi, \u00e7ok b\u00fcy\u00fck bir kesite sahip yap\u0131lar\u0131n etraf\u0131na sabitlenmesi i\u00e7in lanyard u\u00e7lar\u0131n\u0131n yeniden birle\u015ftirilmesini sa\u011flar. \u0130lerlemeye engel olmamak i\u00e7in esnek kollara sahiptir. Konnekt\u00f6rl\u00fc ve konnekt\u00f6rs\u00fcz versiyonlar\u0131 mevcuttur. Kuzey Amerika, Avrupa ve Rusya standartlar\u0131na g\u00f6re onaylanm\u0131\u015ft\u0131r.<\/p>\n<p><iframe loading=\"lazy\" src=\"https:\/\/www.youtube.com\/embed\/qdrd4TClNN0\" width=\"560\" height=\"315\" frameborder=\"0\" allowfullscreen=\"allowfullscreen\" data-mce-fragment=\"1\"><\/iframe><br \/>\n<b>Detayl\u0131 A\u00e7\u0131klama:<\/b><\/p>\n<p><b>Dikey yap\u0131larda ilerleme ve ara ankraj noktalar\u0131ndan ge\u00e7mek i\u00e7in tasarlanm\u0131\u015ft\u0131r.<\/b><\/p>\n<p><b>Lanyarddaki TIE-BACK ara ba\u011flant\u0131 halkalar\u0131 \u00e7ok b\u00fcy\u00fck yap\u0131lara ba\u011flanmay\u0131 sa\u011flar. Ki\u015finin d\u00fc\u015f\u00fc\u015ften sonra lanyardda as\u0131l\u0131 kald\u0131\u011f\u0131 ve kurtarma yap\u0131lan durumlarda, kurtarma personelinin halkalara rahatl\u0131kla eri\u015febilmesi m\u00fcmk\u00fcnd\u00fcr.<\/b><\/p>\n<p><b>D\u00fc\u015f\u00fc\u015f an\u0131nda \u015foku emer:<\/b><\/p>\n<ul>\n<li>\u015eok emici a\u011f\u0131n y\u0131rt\u0131lmas\u0131, kullan\u0131c\u0131 \u00fczerindeki etki kuvvetini s\u0131n\u0131rland\u0131r\u0131r<\/li>\n<li>50 ila 130 kg a\u011f\u0131rl\u0131\u011f\u0131ndaki kullan\u0131c\u0131lara uygundur<\/li>\n<li>Kademeli y\u0131rt\u0131lma, hafif kullan\u0131c\u0131lar \u00fczerindeki a\u015f\u0131r\u0131 yava\u015flamay\u0131 azalt\u0131r.<\/li>\n<\/ul>\n<p><b>Minimum hacim:<\/b><\/p>\n<ul>\n<li>Kompakt \u015fok emici kullan\u0131m\u0131 kolayla\u015ft\u0131r\u0131r.<\/li>\n<li>\u0130lerlemeyi engellememek i\u00e7in elastik kollar<\/li>\n<\/ul>\n<p><b>Dayan\u0131kl\u0131 fermuarl\u0131 kuma\u015f k\u0131l\u0131f, \u015fok emicinin a\u015f\u0131nmadan veya kirletici maddelerden korurken, emicinin d\u00fczenli olarak kontrol edilebilmesine olanak sa\u011flar.<\/b><\/p>\n<p><strong>Kullan\u0131m amac\u0131na ba\u011fl\u0131 olarak kemere iki farkl\u0131 ba\u011flanma opsiyonu:<\/strong><\/p>\n<ul>\n<li>S\u0131k kullan\u0131m: STRING taraf\u0131ndan sabit konumda tutulan bir karabina ile (Lanyard ile birlikte gelir) veya dolanmay\u0131 \u00f6nlemek i\u00e7in MICRO SWIVEL f\u0131rd\u00f6nd\u00fc ile<\/li>\n<li>Yar\u0131 kal\u0131c\u0131 ba\u011flant\u0131: dairesel \u015fekli ile en uygun konumland\u0131rmay\u0131 sa\u011flayan OPEN RING ile veya dolanmay\u0131 \u00f6nlemek i\u00e7in MICRO SWIVEL f\u0131rd\u00f6nd\u00fc ile<\/li>\n<\/ul>\n<p><strong>Konnekt\u00f6rl\u00fc veya konnekt\u00f6rs\u00fcz olarak mevcut (<b>Metal bir yap\u0131ya ba\u011flant\u0131 i\u00e7in iki adet MGO geni\u015f kap\u0131 a\u00e7\u0131kl\u0131\u011f\u0131na sahip konnekt\u00f6r ve emniyet kemerine sabitlemek i\u00e7in CAPTIV sabitleme aparat\u0131na sahip Bm\u2019D karabina ile birlikte gelir.)<\/b><\/strong><\/p>\n<p><b>\u00d6zellikler:<\/b><\/p>\n<p><b>Materyal:<\/b>\u00a0polyester, y\u00fcksek mod\u00fcll\u00fc polietilen, \u00e7elik<\/p>\n<p><b>Sertifikalar:\u00a0<\/b>ANSI Z359.13 12 feet ANSI Z359.12 konnekt\u00f6r ile, CE EN 355 (EN 362 konnekt\u00f6r ile), EAC<\/p>\n<table class=\"table table-striped\">\n<tbody>\n<tr>\n<th>Referanslar<\/th>\n<th>L015AA00<\/th>\n<th>L015BA00<\/th>\n<\/tr>\n<tr>\n<td>Konnekt\u00f6r<\/td>\n<td>\u2013<\/td>\n<td>MGO \u2013 Bm\u2019D<\/td>\n<\/tr>\n<tr>\n<td>Konnekt\u00f6rs\u00fcz uzunluk<\/td>\n<td>150 cm<\/td>\n<td>150 cm<\/td>\n<\/tr>\n<tr>\n<td>Konnekt\u00f6rl\u00fc uzunluk<\/td>\n<td>160 ile 200 cm,\u00a0konnekt\u00f6r tipine g\u00f6re (tipine ba\u011fl\u0131k olarak (Daha fazla bilgi i\u00e7in\u00a0Kullan\u0131m Talimatlar\u0131 ve www.petzl.com adresindeki teknik ipu\u00e7lar\u0131)<\/td>\n<td>180 cm<\/td>\n<\/tr>\n<tr>\n<td>A\u011f\u0131rl\u0131k<\/td>\n<td>550 g<\/td>\n<td>2030 g<\/td>\n<\/tr>\n<tr>\n<td>Garanti<\/td>\n<td>3\u00a0y\u0131l<\/td>\n<td>3\u00a0y\u0131l<\/td>\n<\/tr>\n<tr>\n<td>Paket<\/td>\n<td>1<\/td>\n<td>1<\/td>\n<\/tr>\n<\/tbody>\n<\/table>\n","protected":false},"excerpt":{"rendered":"<p>Entegre TIE-BACK halkalara sahip, \u015fok emicili \u00e7ift lanyard TIE-BACK halkalara sahip entegre \u015fok emicili lanyard. \u00c7ok b\u00fcy\u00fck yap\u0131larda dikey ilerleme ve ara ankraj noktalar\u0131ndan ge\u00e7erken kullan\u0131lmak \u00fczere tasarlanm\u0131\u015ft\u0131r. TIE-BACK sistemi, \u00e7ok b\u00fcy\u00fck bir kesite sahip yap\u0131lar\u0131n etraf\u0131na sabitlenmesi i\u00e7in lanyard u\u00e7lar\u0131n\u0131n yeniden birle\u015ftirilmesini sa\u011flar. \u0130lerlemeye engel olmamak i\u00e7in esnek kollara sahiptir. Konnekt\u00f6rl\u00fc ve konnekt\u00f6rs\u00fcz versiyonlar\u0131 [&hellip;]<\/p>\n","protected":false},"featured_media":1946,"comment_status":"open","ping_status":"closed","template":"","meta":[],"product_brand":[],"product_cat":[245],"product_tag":[],"class_list":{"0":"post-1945","1":"product","2":"type-product","3":"status-publish","4":"has-post-thumbnail","6":"product_cat-lanyard-ve-sok-emiciler","8":"first","9":"instock","10":"shipping-taxable","11":"product-type-simple"},"acf":[],"_links":{"self":[{"href":"https:\/\/exzone.com.tr\/index.php\/wp-json\/wp\/v2\/product\/1945","targetHints":{"allow":["GET"]}}],"collection":[{"href":"https:\/\/exzone.com.tr\/index.php\/wp-json\/wp\/v2\/product"}],"about":[{"href":"https:\/\/exzone.com.tr\/index.php\/wp-json\/wp\/v2\/types\/product"}],"replies":[{"embeddable":true,"href":"https:\/\/exzone.com.tr\/index.php\/wp-json\/wp\/v2\/comments?post=1945"}],"wp:featuredmedia":[{"embeddable":true,"href":"https:\/\/exzone.com.tr\/index.php\/wp-json\/wp\/v2\/media\/1946"}],"wp:attachment":[{"href":"https:\/\/exzone.com.tr\/index.php\/wp-json\/wp\/v2\/media?parent=1945"}],"wp:term":[{"taxonomy":"product_brand","embeddable":true,"href":"https:\/\/exzone.com.tr\/index.php\/wp-json\/wp\/v2\/product_brand?post=1945"},{"taxonomy":"product_cat","embeddable":true,"href":"https:\/\/exzone.com.tr\/index.php\/wp-json\/wp\/v2\/product_cat?post=1945"},{"taxonomy":"product_tag","embeddable":true,"href":"https:\/\/exzone.com.tr\/index.php\/wp-json\/wp\/v2\/product_tag?post=1945"}],"curies":[{"name":"wp","href":"https:\/\/api.w.org\/{rel}","templated":true}]}}