{"id":1899,"date":"2023-01-11T23:18:28","date_gmt":"2023-01-11T20:18:28","guid":{"rendered":"https:\/\/exzone.com.tr\/?post_type=product&#038;p=1899"},"modified":"2024-05-02T03:41:18","modified_gmt":"2024-05-02T00:41:18","slug":"petzl-absorbica-l-sok-emicili-lanyard","status":"publish","type":"product","link":"https:\/\/exzone.com.tr\/index.php\/urun\/petzl-absorbica-l-sok-emicili-lanyard\/","title":{"rendered":"PETZL ABSORBICA l \u015eok Emicili Lanyard"},"content":{"rendered":"<p>\u015eok emicili tek lanyard<\/p>\n<p>Yatay bir ya\u015fam hatt\u0131nda (ip veya \u00e7elik halat)\u00a0 veya y\u00fckseltilmi\u015f bir platformda ara ankrajlar\u0131 ge\u00e7meden, ilerlemek i\u00e7in tasarlanm\u0131\u015f kompakt, entegre \u015fok emicili tek lanyard. Emniyet kemerine birden fazla ba\u011flanma opsiyonuna sahiptir ve farkl\u0131 tip karabinalar ile kullan\u0131labilir. \u0130ki farkl\u0131 uzunlukta mevcuttur: 80 veya 150 cm (Karabinalar hari\u00e7). 150 cm versiyonu dolanmay\u0131 engellemek i\u00e7in elastik kola sahiptir. Kullan\u0131lan karabina tipine g\u00f6re, ABSORBICA-I Amerika, Avrupa ve Rusya standartlar\u0131na g\u00f6re sertifikaland\u0131r\u0131lm\u0131\u015ft\u0131r.<\/p>\n<p><iframe loading=\"lazy\" src=\"https:\/\/www.youtube.com\/embed\/mSbhm0qceFg\" width=\"560\" height=\"315\" frameborder=\"0\" allowfullscreen=\"allowfullscreen\" data-mce-fragment=\"1\"><\/iframe><\/p>\n<p><b>Detayl\u0131 A\u00e7\u0131klama:<\/b><\/p>\n<p><b>Ara ankraj ge\u00e7meden, yatay ya\u015fam hattlar\u0131nda (ip veya \u00e7elik halat) ve y\u00fckseltilmi\u015f platformlarda kullan\u0131lmak \u00fczere tasarlanm\u0131\u015ft\u0131r.<\/b><\/p>\n<p><b>D\u00fc\u015f\u00fc\u015f an\u0131nda \u015foku emer:<\/b><\/p>\n<ul>\n<li>\u015eok emici perlonun y\u0131rt\u0131lmas\u0131, kullan\u0131c\u0131 \u00fczerine binecek etki kuvvetini azalt\u0131r<\/li>\n<li>50 ila 130 kg a\u011f\u0131rl\u0131\u011f\u0131ndaki kullan\u0131c\u0131lara uygundur<\/li>\n<li>Kademeli y\u0131rt\u0131lma, hafif kullan\u0131c\u0131lar\u0131n yava\u015flama ivmesini azalt\u0131r.<\/li>\n<\/ul>\n<p><b>Minimum hacim:<\/b><\/p>\n<ul>\n<li>Kompakt \u015fok emici kullan\u0131m\u0131 kolayla\u015ft\u0131r\u0131r.<\/li>\n<li>150 cm\u2019lik elastik perlonlu FLEX versiyonu ilerlemeyi engellemez.<\/li>\n<\/ul>\n<p><strong>Dayan\u0131kl\u0131 fermuarl\u0131 kuma\u015f k\u0131l\u0131f, \u015fok emiciyi a\u015f\u0131nmadan veya kirletici maddelerden korurken, emicinin d\u00fczenli olarak kontrol edilebilmesine olanak sa\u011flar<\/strong><\/p>\n<p><strong>Kullan\u0131m amac\u0131na g\u00f6re, emniyet kemerine 2 farkl\u0131 sabitleme y\u00f6ntemi:<\/strong><\/p>\n<ul>\n<li>S\u0131k ba\u011flama\/\u00e7\u0131karma: STRING konumland\u0131rma aksesuar\u0131 (lanyard ile birlikte gelir) taraf\u0131ndan do\u011fru konumda tutulan bir karabina ile<\/li>\n<li>Yar\u0131 sabit kullan\u0131m: yuvarlak \u015fekli optimum konumlanma sa\u011flayan OPEN RING a\u00e7\u0131labilir halka ile<\/li>\n<\/ul>\n<p><strong>Lanyard\u0131n sonuna ba\u011flanan iki karabina opsiyonu: kilitli karabina veya MGO OPEN geni\u015f kap\u0131 a\u00e7\u0131kl\u0131\u011f\u0131na sahip karabina<\/strong><\/p>\n<p><b>\u0130ki farkl\u0131 uzunluk: 80 ve 150 cm.<\/b><\/p>\n<p><b>\u00d6zellikler:<\/b><\/p>\n<p><b>Materyal:\u00a0<\/b>naylon, polyester, \u00e7elik<\/p>\n<p><b>Sertifikalar:\u00a0<\/b>CE EN 355 (EN 362 karabina ile kullan\u0131ld\u0131\u011f\u0131ndan), ANSI Z359.13 12 feet ANSI Z 359.12 karabina ile, EAC<\/p>\n<div>\n<div>\n<table class=\"table table-striped\">\n<tbody>\n<tr>\n<th>Referanslar<\/th>\n<th>L011AA00<\/th>\n<th>L013AA01<\/th>\n<\/tr>\n<tr>\n<td>Versiyon<\/td>\n<td>\u2013<\/td>\n<td>FLEX<\/td>\n<\/tr>\n<tr>\n<td>Konnekt\u00f6rs\u00fcz uzunluk<\/td>\n<td>80 cm<\/td>\n<td>150 cm<\/td>\n<\/tr>\n<tr>\n<td>Konnekt\u00f6r<\/td>\n<td>yok<\/td>\n<td>yok<\/td>\n<\/tr>\n<tr>\n<td>Konnekt\u00f6rl\u00fc uzunluk<\/td>\n<td>90\u00a0ile 130 cm,\u00a0konnekt\u00f6r tipine ba\u011fl\u0131k olarak (Daha fazla bilgi i\u00e7in Kullan\u0131m Talimatlar\u0131 ve www.petzl.com adresindeki teknik ipu\u00e7lar\u0131)<\/td>\n<td>160 ile 200 cm, konnekt\u00f6r tipine ba\u011fl\u0131k olarak (Daha fazla bilgi i\u00e7in\u00a0Kullan\u0131m Talimatlar\u0131 ve www.petzl.com adresindeki teknik ipu\u00e7lar\u0131)<\/td>\n<\/tr>\n<tr>\n<td>A\u011f\u0131rl\u0131k<\/td>\n<td>270 g<\/td>\n<td>320 g<\/td>\n<\/tr>\n<tr>\n<td>Garanti<\/td>\n<td>3\u00a0y\u0131l<\/td>\n<td>3\u00a0y\u0131l<\/td>\n<\/tr>\n<tr>\n<td>Paket<\/td>\n<td>1<\/td>\n<td>1<\/td>\n<\/tr>\n<\/tbody>\n<\/table>\n<\/div>\n<\/div>\n","protected":false},"excerpt":{"rendered":"<p>\u015eok emicili tek lanyard Yatay bir ya\u015fam hatt\u0131nda (ip veya \u00e7elik halat)\u00a0 veya y\u00fckseltilmi\u015f bir platformda ara ankrajlar\u0131 ge\u00e7meden, ilerlemek i\u00e7in tasarlanm\u0131\u015f kompakt, entegre \u015fok emicili tek lanyard. Emniyet kemerine birden fazla ba\u011flanma opsiyonuna sahiptir ve farkl\u0131 tip karabinalar ile kullan\u0131labilir. \u0130ki farkl\u0131 uzunlukta mevcuttur: 80 veya 150 cm (Karabinalar hari\u00e7). 150 cm versiyonu dolanmay\u0131 [&hellip;]<\/p>\n","protected":false},"featured_media":1900,"comment_status":"open","ping_status":"closed","template":"","meta":[],"product_brand":[],"product_cat":[245],"product_tag":[],"class_list":{"0":"post-1899","1":"product","2":"type-product","3":"status-publish","4":"has-post-thumbnail","6":"product_cat-lanyard-ve-sok-emiciler","8":"first","9":"instock","10":"shipping-taxable","11":"product-type-simple"},"acf":[],"_links":{"self":[{"href":"https:\/\/exzone.com.tr\/index.php\/wp-json\/wp\/v2\/product\/1899","targetHints":{"allow":["GET"]}}],"collection":[{"href":"https:\/\/exzone.com.tr\/index.php\/wp-json\/wp\/v2\/product"}],"about":[{"href":"https:\/\/exzone.com.tr\/index.php\/wp-json\/wp\/v2\/types\/product"}],"replies":[{"embeddable":true,"href":"https:\/\/exzone.com.tr\/index.php\/wp-json\/wp\/v2\/comments?post=1899"}],"wp:featuredmedia":[{"embeddable":true,"href":"https:\/\/exzone.com.tr\/index.php\/wp-json\/wp\/v2\/media\/1900"}],"wp:attachment":[{"href":"https:\/\/exzone.com.tr\/index.php\/wp-json\/wp\/v2\/media?parent=1899"}],"wp:term":[{"taxonomy":"product_brand","embeddable":true,"href":"https:\/\/exzone.com.tr\/index.php\/wp-json\/wp\/v2\/product_brand?post=1899"},{"taxonomy":"product_cat","embeddable":true,"href":"https:\/\/exzone.com.tr\/index.php\/wp-json\/wp\/v2\/product_cat?post=1899"},{"taxonomy":"product_tag","embeddable":true,"href":"https:\/\/exzone.com.tr\/index.php\/wp-json\/wp\/v2\/product_tag?post=1899"}],"curies":[{"name":"wp","href":"https:\/\/api.w.org\/{rel}","templated":true}]}}